{"id":1159,"date":"2021-03-26T09:34:14","date_gmt":"2021-03-26T08:34:14","guid":{"rendered":"http:\/\/www.moderneducation.eu\/?page_id=1159"},"modified":"2021-03-26T09:34:14","modified_gmt":"2021-03-26T08:34:14","slug":"drugi-dzien-wymiany","status":"publish","type":"page","link":"https:\/\/www.moderneducation.eu\/?page_id=1159","title":{"rendered":"Drugi dzie\u0144 Wymiany"},"content":{"rendered":"<div id=\"dslc-theme-content\"><div id=\"dslc-theme-content-inner\"><div class=\"\" data-block=\"true\" data-editor=\"5ou7o\" data-offset-key=\"3i4mc-0-0\">\n<div class=\"_1mf _1mj\" data-offset-key=\"3i4mc-0-0\"><span data-offset-key=\"3i4mc-0-0\">\ud83c\uddee\ud83c\uddf9 \ud83c\uddf5\ud83c\uddf1 \ud83c\uddf5\ud83c\uddf9 \ud83c\uddf1\ud83c\uddf9 \ud83c\udde7\ud83c\uddec Erasmus+ Dzie\u0144 II<\/span><\/div>\n<\/div>\n<div class=\"\" data-block=\"true\" data-editor=\"5ou7o\" data-offset-key=\"4tj0g-0-0\">\n<div class=\"_1mf _1mj\" data-offset-key=\"4tj0g-0-0\"><span data-offset-key=\"4tj0g-0-0\">W drugim dniu Wirtualnej Wymiany Uczniowskiej w ramach projektu Erasmus+ Od Marzyciela do Lidera uczniowie naszej szko\u0142y i szk\u00f3\u0142 partnerskich poznali wa\u017cne historycznie i kulturowo miejsca w Sofii &#8211; My Little Homeland.<\/span><\/div>\n<\/div>\n<div class=\"\" data-block=\"true\" data-editor=\"5ou7o\" data-offset-key=\"6mlv6-0-0\">\n<div class=\"_1mf _1mj\" data-offset-key=\"6mlv6-0-0\"><span data-offset-key=\"6mlv6-0-0\">Festiwal Kultur odkry\u0142 przed nami zwyczaje i spos\u00f3b celebrowania wa\u017cnych dla Bu\u0142gar\u00f3w \u015bwi\u0105t tj.: Wielkanoc, Lazarus Day, Taniec Kukier\u00f3w, Dzie\u0144 \u015awi\u0119tego Jerzego, Baba Marta &#8211; bu\u0142garski zwyczaj \u015bwi\u0119towania 1 marca, Dzie\u0144 R\u00f3\u017cy, Dzie\u0144 Wina &#8211; Trifon\u2019s Day i du\u017co wi\u0119cej. Z niecierpliwo\u015bci\u0105 czekamy na kolejny dzie\u0144 i spotkanie z naszymi przyjaci\u00f3\u0142mi.<\/span><\/div>\n<div data-offset-key=\"6mlv6-0-0\"><img fetchpriority=\"high\" decoding=\"async\" class=\"alignnone size-large wp-image-1160\" src=\"http:\/\/www.moderneducation.eu\/wp-content\/uploads\/2021\/03\/2.9-1024x640.jpeg\" alt=\"\" width=\"843\" height=\"527\" srcset=\"https:\/\/www.moderneducation.eu\/wp-content\/uploads\/2021\/03\/2.9-1024x640.jpeg 1024w, https:\/\/www.moderneducation.eu\/wp-content\/uploads\/2021\/03\/2.9-300x188.jpeg 300w, https:\/\/www.moderneducation.eu\/wp-content\/uploads\/2021\/03\/2.9-768x480.jpeg 768w, https:\/\/www.moderneducation.eu\/wp-content\/uploads\/2021\/03\/2.9.jpeg 2048w\" sizes=\"(max-width: 843px) 100vw, 843px\" \/> <img decoding=\"async\" class=\"alignnone wp-image-1161 size-large\" src=\"http:\/\/www.moderneducation.eu\/wp-content\/uploads\/2021\/03\/2.8-1024x640.jpeg\" alt=\"\" width=\"843\" height=\"527\" srcset=\"https:\/\/www.moderneducation.eu\/wp-content\/uploads\/2021\/03\/2.8-1024x640.jpeg 1024w, https:\/\/www.moderneducation.eu\/wp-content\/uploads\/2021\/03\/2.8-300x188.jpeg 300w, https:\/\/www.moderneducation.eu\/wp-content\/uploads\/2021\/03\/2.8-768x480.jpeg 768w, https:\/\/www.moderneducation.eu\/wp-content\/uploads\/2021\/03\/2.8.jpeg 2048w\" sizes=\"(max-width: 843px) 100vw, 843px\" \/> <img decoding=\"async\" class=\"alignnone wp-image-1162 size-large\" src=\"http:\/\/www.moderneducation.eu\/wp-content\/uploads\/2021\/03\/2.7-1024x640.jpeg\" alt=\"\" width=\"843\" height=\"527\" srcset=\"https:\/\/www.moderneducation.eu\/wp-content\/uploads\/2021\/03\/2.7-1024x640.jpeg 1024w, https:\/\/www.moderneducation.eu\/wp-content\/uploads\/2021\/03\/2.7-300x188.jpeg 300w, https:\/\/www.moderneducation.eu\/wp-content\/uploads\/2021\/03\/2.7-768x480.jpeg 768w, https:\/\/www.moderneducation.eu\/wp-content\/uploads\/2021\/03\/2.7.jpeg 2048w\" sizes=\"(max-width: 843px) 100vw, 843px\" \/> <img loading=\"lazy\" decoding=\"async\" class=\"alignnone wp-image-1163 size-large\" src=\"http:\/\/www.moderneducation.eu\/wp-content\/uploads\/2021\/03\/2.6-1024x640.jpeg\" alt=\"\" width=\"843\" height=\"527\" srcset=\"https:\/\/www.moderneducation.eu\/wp-content\/uploads\/2021\/03\/2.6-1024x640.jpeg 1024w, https:\/\/www.moderneducation.eu\/wp-content\/uploads\/2021\/03\/2.6-300x188.jpeg 300w, https:\/\/www.moderneducation.eu\/wp-content\/uploads\/2021\/03\/2.6-768x480.jpeg 768w, https:\/\/www.moderneducation.eu\/wp-content\/uploads\/2021\/03\/2.6.jpeg 2048w\" sizes=\"(max-width: 843px) 100vw, 843px\" \/> <img loading=\"lazy\" decoding=\"async\" class=\"alignnone wp-image-1164 size-large\" src=\"http:\/\/www.moderneducation.eu\/wp-content\/uploads\/2021\/03\/2.5-1024x640.jpeg\" alt=\"\" width=\"843\" height=\"527\" srcset=\"https:\/\/www.moderneducation.eu\/wp-content\/uploads\/2021\/03\/2.5-1024x640.jpeg 1024w, https:\/\/www.moderneducation.eu\/wp-content\/uploads\/2021\/03\/2.5-300x188.jpeg 300w, https:\/\/www.moderneducation.eu\/wp-content\/uploads\/2021\/03\/2.5-768x480.jpeg 768w, https:\/\/www.moderneducation.eu\/wp-content\/uploads\/2021\/03\/2.5.jpeg 2048w\" sizes=\"(max-width: 843px) 100vw, 843px\" \/> <img loading=\"lazy\" decoding=\"async\" class=\"alignnone wp-image-1165 size-large\" src=\"http:\/\/www.moderneducation.eu\/wp-content\/uploads\/2021\/03\/2.4-1024x640.jpeg\" alt=\"\" width=\"843\" height=\"527\" srcset=\"https:\/\/www.moderneducation.eu\/wp-content\/uploads\/2021\/03\/2.4-1024x640.jpeg 1024w, https:\/\/www.moderneducation.eu\/wp-content\/uploads\/2021\/03\/2.4-300x188.jpeg 300w, https:\/\/www.moderneducation.eu\/wp-content\/uploads\/2021\/03\/2.4-768x480.jpeg 768w, https:\/\/www.moderneducation.eu\/wp-content\/uploads\/2021\/03\/2.4.jpeg 2048w\" sizes=\"(max-width: 843px) 100vw, 843px\" \/> <img loading=\"lazy\" decoding=\"async\" class=\"alignnone wp-image-1166 size-large\" src=\"http:\/\/www.moderneducation.eu\/wp-content\/uploads\/2021\/03\/2.3-1024x640.jpeg\" alt=\"\" width=\"843\" height=\"527\" srcset=\"https:\/\/www.moderneducation.eu\/wp-content\/uploads\/2021\/03\/2.3-1024x640.jpeg 1024w, https:\/\/www.moderneducation.eu\/wp-content\/uploads\/2021\/03\/2.3-300x188.jpeg 300w, https:\/\/www.moderneducation.eu\/wp-content\/uploads\/2021\/03\/2.3-768x480.jpeg 768w, https:\/\/www.moderneducation.eu\/wp-content\/uploads\/2021\/03\/2.3.jpeg 2048w\" sizes=\"(max-width: 843px) 100vw, 843px\" \/> <img loading=\"lazy\" decoding=\"async\" class=\"alignnone wp-image-1167 size-large\" src=\"http:\/\/www.moderneducation.eu\/wp-content\/uploads\/2021\/03\/2.2-1024x640.jpeg\" alt=\"\" width=\"843\" height=\"527\" srcset=\"https:\/\/www.moderneducation.eu\/wp-content\/uploads\/2021\/03\/2.2-1024x640.jpeg 1024w, https:\/\/www.moderneducation.eu\/wp-content\/uploads\/2021\/03\/2.2-300x188.jpeg 300w, https:\/\/www.moderneducation.eu\/wp-content\/uploads\/2021\/03\/2.2-768x480.jpeg 768w, https:\/\/www.moderneducation.eu\/wp-content\/uploads\/2021\/03\/2.2.jpeg 2048w\" sizes=\"(max-width: 843px) 100vw, 843px\" \/> <img loading=\"lazy\" decoding=\"async\" class=\"alignnone wp-image-1168 size-large\" src=\"http:\/\/www.moderneducation.eu\/wp-content\/uploads\/2021\/03\/2.1-1024x640.jpeg\" alt=\"\" width=\"843\" height=\"527\" srcset=\"https:\/\/www.moderneducation.eu\/wp-content\/uploads\/2021\/03\/2.1-1024x640.jpeg 1024w, https:\/\/www.moderneducation.eu\/wp-content\/uploads\/2021\/03\/2.1-300x188.jpeg 300w, https:\/\/www.moderneducation.eu\/wp-content\/uploads\/2021\/03\/2.1-768x480.jpeg 768w, https:\/\/www.moderneducation.eu\/wp-content\/uploads\/2021\/03\/2.1.jpeg 2048w\" sizes=\"(max-width: 843px) 100vw, 843px\" \/><\/div>\n<\/div>\n<\/div><\/div>","protected":false},"excerpt":{"rendered":"<p>\ud83c\uddee\ud83c\uddf9 \ud83c\uddf5\ud83c\uddf1 \ud83c\uddf5\ud83c\uddf9 \ud83c\uddf1\ud83c\uddf9 \ud83c\udde7\ud83c\uddec Erasmus+ Dzie\u0144 II W drugim dniu Wirtualnej Wymiany Uczniowskiej w ramach projektu Erasmus+ Od Marzyciela do Lidera uczniowie naszej szko\u0142y i szk\u00f3\u0142 partnerskich poznali wa\u017cne historycznie i kulturowo miejsca w Sofii &#8211; My Little Homeland. <a href=\"https:\/\/www.moderneducation.eu\/?page_id=1159\" class=\"read-more\">Read More &#8230;<\/a><\/p>\n","protected":false},"author":1,"featured_media":0,"parent":0,"menu_order":0,"comment_status":"closed","ping_status":"closed","template":"","meta":{"footnotes":""},"class_list":["post-1159","page","type-page","status-publish","hentry"],"_links":{"self":[{"href":"https:\/\/www.moderneducation.eu\/index.php?rest_route=\/wp\/v2\/pages\/1159","targetHints":{"allow":["GET"]}}],"collection":[{"href":"https:\/\/www.moderneducation.eu\/index.php?rest_route=\/wp\/v2\/pages"}],"about":[{"href":"https:\/\/www.moderneducation.eu\/index.php?rest_route=\/wp\/v2\/types\/page"}],"author":[{"embeddable":true,"href":"https:\/\/www.moderneducation.eu\/index.php?rest_route=\/wp\/v2\/users\/1"}],"replies":[{"embeddable":true,"href":"https:\/\/www.moderneducation.eu\/index.php?rest_route=%2Fwp%2Fv2%2Fcomments&post=1159"}],"version-history":[{"count":1,"href":"https:\/\/www.moderneducation.eu\/index.php?rest_route=\/wp\/v2\/pages\/1159\/revisions"}],"predecessor-version":[{"id":1169,"href":"https:\/\/www.moderneducation.eu\/index.php?rest_route=\/wp\/v2\/pages\/1159\/revisions\/1169"}],"wp:attachment":[{"href":"https:\/\/www.moderneducation.eu\/index.php?rest_route=%2Fwp%2Fv2%2Fmedia&parent=1159"}],"curies":[{"name":"wp","href":"https:\/\/api.w.org\/{rel}","templated":true}]}}