{"id":116,"date":"2016-02-01T19:01:36","date_gmt":"2016-02-01T18:01:36","guid":{"rendered":"http:\/\/www.moderneducation.eu\/?page_id=116"},"modified":"2016-02-15T12:45:47","modified_gmt":"2016-02-15T11:45:47","slug":"twinspace","status":"publish","type":"page","link":"https:\/\/www.moderneducation.eu\/?page_id=116","title":{"rendered":"TwinSpace"},"content":{"rendered":"<div id=\"dslc-theme-content\"><div id=\"dslc-theme-content-inner\"><p><img fetchpriority=\"high\" decoding=\"async\" class=\"wp-image-191 alignleft\" src=\"http:\/\/www.moderneducation.eu\/wp-content\/uploads\/2016\/02\/logo2.jpg\" alt=\"\" width=\"470\" height=\"134\" srcset=\"https:\/\/www.moderneducation.eu\/wp-content\/uploads\/2016\/02\/logo2.jpg 450w, https:\/\/www.moderneducation.eu\/wp-content\/uploads\/2016\/02\/logo2-300x85.jpg 300w, https:\/\/www.moderneducation.eu\/wp-content\/uploads\/2016\/02\/logo2-100x28.jpg 100w, https:\/\/www.moderneducation.eu\/wp-content\/uploads\/2016\/02\/logo2-150x43.jpg 150w, https:\/\/www.moderneducation.eu\/wp-content\/uploads\/2016\/02\/logo2-200x57.jpg 200w\" sizes=\"(max-width: 470px) 100vw, 470px\" \/><\/p>\n<p><span style=\"font-family: Comic Sans MS,sans-serif;\">eTwinning\u00a0to spo\u0142eczno\u015b\u0107 szkolna, gromadz\u0105ca szko\u0142y i przedszkola z ca\u0142ej Europy (i nie tylko)\u00a0wsp\u00f3\u0142pracuj\u0105ca za pomoc\u0105\u00a0medi\u00f3w elektronicznych. <\/span><\/p>\n<p><span style=\"font-family: Comic Sans MS,sans-serif;\">eTwinning to r\u00f3wnie\u017c\u00a0doskonalenie zawodowe nauczycieli.<\/span><\/p>\n<p style=\"text-align: justify;\"><span style=\"font-family: Comic Sans MS,sans-serif;\">Uczniowie i nauczyciele wykorzystuj\u0105 Internet we wsp\u00f3\u0142pracy ponad granicami &#8211; wsp\u00f3\u0142dzia\u0142aj\u0105, wymieniaj\u0105 si\u0119 informacjami i materia\u0142ami do nauki. eTwinning poszerza zakres pedagogicznych mo\u017cliwo\u015bci oferowanych uczniom i nauczycielom, motywuje do nauki i otwarcia na Europ\u0119. Program zgromadzi\u0142 ju\u017c\u00a0ponad 310\u00a0tysi\u0119cy nauczycieli ze 140\u00a0tysi\u0119cy szk\u00f3\u0142, kt\u00f3rzy \u0142\u0105cznie pracuj\u0105 przy ponad 34 tysi\u0105cach r\u00f3\u017cnorodnych projekt\u00f3w rocznie.<\/span><\/p>\n<p style=\"text-align: justify;\"><img decoding=\"async\" class=\"wp-image-188 alignleft\" src=\"http:\/\/www.moderneducation.eu\/wp-content\/uploads\/2016\/02\/twinspace.png\" alt=\"twinspace\" width=\"474\" height=\"109\" srcset=\"https:\/\/www.moderneducation.eu\/wp-content\/uploads\/2016\/02\/twinspace.png 365w, https:\/\/www.moderneducation.eu\/wp-content\/uploads\/2016\/02\/twinspace-300x69.png 300w, https:\/\/www.moderneducation.eu\/wp-content\/uploads\/2016\/02\/twinspace-100x23.png 100w, https:\/\/www.moderneducation.eu\/wp-content\/uploads\/2016\/02\/twinspace-150x35.png 150w, https:\/\/www.moderneducation.eu\/wp-content\/uploads\/2016\/02\/twinspace-200x46.png 200w\" sizes=\"(max-width: 474px) 100vw, 474px\" \/><span style=\"font-family: Comic Sans MS,sans-serif;\">TwinSpace, to bezpieczna platforma wsp\u00f3\u0142pracy, wykorzystywana przez szko\u0142y podczas realizacji projektu, kt\u00f3ra niedawno przesz\u0142a gruntown\u0105 modernizacj\u0119. Projekt Innovations in Open Education korzysta z platformy TwinSpace w celu komunikacji mi\u0119dzy uczestnikami, dziel\u0105c si\u0119 bie\u017c\u0105cymi dzia\u0142aniami, osi\u0105gni\u0119ciami i wynikami pracy.<br \/>\n<\/span><\/p>\n<p style=\"text-align: center;\"><a href=\"http:\/\/https:\/\/twinspace.etwinning.net\/9684\">Zaloguj si\u0119 na TwinSpace \ud83d\ude42<\/a><\/p>\n<\/div><\/div>","protected":false},"excerpt":{"rendered":"<p>eTwinning\u00a0to spo\u0142eczno\u015b\u0107 szkolna, gromadz\u0105ca szko\u0142y i przedszkola z ca\u0142ej Europy (i nie tylko)\u00a0wsp\u00f3\u0142pracuj\u0105ca za pomoc\u0105\u00a0medi\u00f3w elektronicznych. eTwinning to r\u00f3wnie\u017c\u00a0doskonalenie zawodowe nauczycieli. Uczniowie i nauczyciele wykorzystuj\u0105 Internet we wsp\u00f3\u0142pracy ponad granicami &#8211; wsp\u00f3\u0142dzia\u0142aj\u0105, wymieniaj\u0105 si\u0119 informacjami i materia\u0142ami do nauki. eTwinning <a href=\"https:\/\/www.moderneducation.eu\/?page_id=116\" class=\"read-more\">Read More &#8230;<\/a><\/p>\n","protected":false},"author":1,"featured_media":0,"parent":0,"menu_order":0,"comment_status":"closed","ping_status":"closed","template":"full-width-page.php","meta":{"footnotes":""},"class_list":["post-116","page","type-page","status-publish","hentry"],"_links":{"self":[{"href":"https:\/\/www.moderneducation.eu\/index.php?rest_route=\/wp\/v2\/pages\/116","targetHints":{"allow":["GET"]}}],"collection":[{"href":"https:\/\/www.moderneducation.eu\/index.php?rest_route=\/wp\/v2\/pages"}],"about":[{"href":"https:\/\/www.moderneducation.eu\/index.php?rest_route=\/wp\/v2\/types\/page"}],"author":[{"embeddable":true,"href":"https:\/\/www.moderneducation.eu\/index.php?rest_route=\/wp\/v2\/users\/1"}],"replies":[{"embeddable":true,"href":"https:\/\/www.moderneducation.eu\/index.php?rest_route=%2Fwp%2Fv2%2Fcomments&post=116"}],"version-history":[{"count":9,"href":"https:\/\/www.moderneducation.eu\/index.php?rest_route=\/wp\/v2\/pages\/116\/revisions"}],"predecessor-version":[{"id":227,"href":"https:\/\/www.moderneducation.eu\/index.php?rest_route=\/wp\/v2\/pages\/116\/revisions\/227"}],"wp:attachment":[{"href":"https:\/\/www.moderneducation.eu\/index.php?rest_route=%2Fwp%2Fv2%2Fmedia&parent=116"}],"curies":[{"name":"wp","href":"https:\/\/api.w.org\/{rel}","templated":true}]}}