{"id":1212,"date":"2021-07-13T11:43:04","date_gmt":"2021-07-13T09:43:04","guid":{"rendered":"http:\/\/www.moderneducation.eu\/?page_id=1212"},"modified":"2021-07-13T11:43:04","modified_gmt":"2021-07-13T09:43:04","slug":"szosty-dzien-wymiany","status":"publish","type":"page","link":"https:\/\/www.moderneducation.eu\/?page_id=1212","title":{"rendered":"Sz\u00f3sty dzie\u0144 Wymiany"},"content":{"rendered":"<div id=\"dslc-theme-content\"><div id=\"dslc-theme-content-inner\"><p>Has\u0142o dzisiejszego dnia: Excellent leaders don\u2019t get appointed. People choose them.<br \/>\nDzisiaj uczniowie dyskutowali nad tematem \u2013 czym jest przewodzenie innym, co cechuje dobrego leadera grupy, jak rozwi\u0105zywa\u0107 konflikty w grupie, jak pokonywa\u0107 przeszkody by wsp\u00f3lnie zrealizowa\u0107 wytyczony cel.<br \/>\nPraca odbywa\u0142a si\u0119 w trzech breakout roomach oraz w sesji g\u0142\u00f3wnej.<br \/>\nUczniowie w swojej pracy wykorzystali r\u00f3\u017cne narz\u0119dzia, np filimki z TED Talk, Padlet.<\/p>\n<p><img fetchpriority=\"high\" decoding=\"async\" class=\"alignnone size-full wp-image-1217\" src=\"http:\/\/www.moderneducation.eu\/wp-content\/uploads\/2021\/07\/A8D90BFB-CDED-4DFE-B721-170DAA287081.png\" alt=\"\" width=\"1920\" height=\"947\" srcset=\"https:\/\/www.moderneducation.eu\/wp-content\/uploads\/2021\/07\/A8D90BFB-CDED-4DFE-B721-170DAA287081.png 1920w, https:\/\/www.moderneducation.eu\/wp-content\/uploads\/2021\/07\/A8D90BFB-CDED-4DFE-B721-170DAA287081-300x148.png 300w, https:\/\/www.moderneducation.eu\/wp-content\/uploads\/2021\/07\/A8D90BFB-CDED-4DFE-B721-170DAA287081-768x379.png 768w, https:\/\/www.moderneducation.eu\/wp-content\/uploads\/2021\/07\/A8D90BFB-CDED-4DFE-B721-170DAA287081-1024x505.png 1024w\" sizes=\"(max-width: 1920px) 100vw, 1920px\" \/> <img decoding=\"async\" class=\"alignnone size-full wp-image-1218\" src=\"http:\/\/www.moderneducation.eu\/wp-content\/uploads\/2021\/07\/0C474315-B789-47AF-A078-52C03435FE5C.png\" alt=\"\" width=\"1920\" height=\"835\" srcset=\"https:\/\/www.moderneducation.eu\/wp-content\/uploads\/2021\/07\/0C474315-B789-47AF-A078-52C03435FE5C.png 1920w, https:\/\/www.moderneducation.eu\/wp-content\/uploads\/2021\/07\/0C474315-B789-47AF-A078-52C03435FE5C-300x130.png 300w, https:\/\/www.moderneducation.eu\/wp-content\/uploads\/2021\/07\/0C474315-B789-47AF-A078-52C03435FE5C-768x334.png 768w, https:\/\/www.moderneducation.eu\/wp-content\/uploads\/2021\/07\/0C474315-B789-47AF-A078-52C03435FE5C-1024x445.png 1024w\" sizes=\"(max-width: 1920px) 100vw, 1920px\" \/> <img decoding=\"async\" class=\"alignnone size-full wp-image-1219\" src=\"http:\/\/www.moderneducation.eu\/wp-content\/uploads\/2021\/07\/7E4C7E47-602C-4176-A639-D9B4ED2991A5.png\" alt=\"\" width=\"609\" height=\"344\" srcset=\"https:\/\/www.moderneducation.eu\/wp-content\/uploads\/2021\/07\/7E4C7E47-602C-4176-A639-D9B4ED2991A5.png 609w, https:\/\/www.moderneducation.eu\/wp-content\/uploads\/2021\/07\/7E4C7E47-602C-4176-A639-D9B4ED2991A5-300x169.png 300w\" sizes=\"(max-width: 609px) 100vw, 609px\" \/> <img loading=\"lazy\" decoding=\"async\" class=\"alignnone size-full wp-image-1220\" src=\"http:\/\/www.moderneducation.eu\/wp-content\/uploads\/2021\/07\/34D65DC3-F72F-4362-81F2-8B7121EA6085-1.png\" alt=\"\" width=\"1920\" height=\"945\" srcset=\"https:\/\/www.moderneducation.eu\/wp-content\/uploads\/2021\/07\/34D65DC3-F72F-4362-81F2-8B7121EA6085-1.png 1920w, https:\/\/www.moderneducation.eu\/wp-content\/uploads\/2021\/07\/34D65DC3-F72F-4362-81F2-8B7121EA6085-1-300x148.png 300w, https:\/\/www.moderneducation.eu\/wp-content\/uploads\/2021\/07\/34D65DC3-F72F-4362-81F2-8B7121EA6085-1-768x378.png 768w, https:\/\/www.moderneducation.eu\/wp-content\/uploads\/2021\/07\/34D65DC3-F72F-4362-81F2-8B7121EA6085-1-1024x504.png 1024w\" sizes=\"(max-width: 1920px) 100vw, 1920px\" \/> <img loading=\"lazy\" decoding=\"async\" class=\"alignnone size-full wp-image-1221\" src=\"http:\/\/www.moderneducation.eu\/wp-content\/uploads\/2021\/07\/85A9BB7B-D861-49CD-B289-420B092D277F-1.png\" alt=\"\" width=\"1600\" height=\"900\" srcset=\"https:\/\/www.moderneducation.eu\/wp-content\/uploads\/2021\/07\/85A9BB7B-D861-49CD-B289-420B092D277F-1.png 1600w, https:\/\/www.moderneducation.eu\/wp-content\/uploads\/2021\/07\/85A9BB7B-D861-49CD-B289-420B092D277F-1-300x169.png 300w, https:\/\/www.moderneducation.eu\/wp-content\/uploads\/2021\/07\/85A9BB7B-D861-49CD-B289-420B092D277F-1-768x432.png 768w, https:\/\/www.moderneducation.eu\/wp-content\/uploads\/2021\/07\/85A9BB7B-D861-49CD-B289-420B092D277F-1-1024x576.png 1024w\" sizes=\"(max-width: 1600px) 100vw, 1600px\" \/> <img loading=\"lazy\" decoding=\"async\" class=\"alignnone size-full wp-image-1222\" src=\"http:\/\/www.moderneducation.eu\/wp-content\/uploads\/2021\/07\/0967B081-0067-4E7E-805D-4E2483712E15.png\" alt=\"\" width=\"609\" height=\"344\" srcset=\"https:\/\/www.moderneducation.eu\/wp-content\/uploads\/2021\/07\/0967B081-0067-4E7E-805D-4E2483712E15.png 609w, https:\/\/www.moderneducation.eu\/wp-content\/uploads\/2021\/07\/0967B081-0067-4E7E-805D-4E2483712E15-300x169.png 300w\" sizes=\"(max-width: 609px) 100vw, 609px\" \/> <img loading=\"lazy\" decoding=\"async\" class=\"alignnone size-full wp-image-1223\" src=\"http:\/\/www.moderneducation.eu\/wp-content\/uploads\/2021\/07\/6011FE0B-9DAF-4833-825F-1131CAED955C-1.png\" alt=\"\" width=\"1366\" height=\"768\" srcset=\"https:\/\/www.moderneducation.eu\/wp-content\/uploads\/2021\/07\/6011FE0B-9DAF-4833-825F-1131CAED955C-1.png 1366w, https:\/\/www.moderneducation.eu\/wp-content\/uploads\/2021\/07\/6011FE0B-9DAF-4833-825F-1131CAED955C-1-300x169.png 300w, https:\/\/www.moderneducation.eu\/wp-content\/uploads\/2021\/07\/6011FE0B-9DAF-4833-825F-1131CAED955C-1-768x432.png 768w, https:\/\/www.moderneducation.eu\/wp-content\/uploads\/2021\/07\/6011FE0B-9DAF-4833-825F-1131CAED955C-1-1024x576.png 1024w\" sizes=\"(max-width: 1366px) 100vw, 1366px\" \/> <img loading=\"lazy\" decoding=\"async\" class=\"alignnone size-full wp-image-1224\" src=\"http:\/\/www.moderneducation.eu\/wp-content\/uploads\/2021\/07\/AD79D481-06C9-4EB7-9F9D-A2C83F414487-1.png\" alt=\"\" width=\"1366\" height=\"768\" srcset=\"https:\/\/www.moderneducation.eu\/wp-content\/uploads\/2021\/07\/AD79D481-06C9-4EB7-9F9D-A2C83F414487-1.png 1366w, https:\/\/www.moderneducation.eu\/wp-content\/uploads\/2021\/07\/AD79D481-06C9-4EB7-9F9D-A2C83F414487-1-300x169.png 300w, https:\/\/www.moderneducation.eu\/wp-content\/uploads\/2021\/07\/AD79D481-06C9-4EB7-9F9D-A2C83F414487-1-768x432.png 768w, https:\/\/www.moderneducation.eu\/wp-content\/uploads\/2021\/07\/AD79D481-06C9-4EB7-9F9D-A2C83F414487-1-1024x576.png 1024w\" sizes=\"(max-width: 1366px) 100vw, 1366px\" \/> <img loading=\"lazy\" decoding=\"async\" class=\"alignnone size-full wp-image-1225\" src=\"http:\/\/www.moderneducation.eu\/wp-content\/uploads\/2021\/07\/DEEA0371-8F1A-4F9E-B44D-E43D7833E4CA.png\" alt=\"\" width=\"609\" height=\"344\" srcset=\"https:\/\/www.moderneducation.eu\/wp-content\/uploads\/2021\/07\/DEEA0371-8F1A-4F9E-B44D-E43D7833E4CA.png 609w, https:\/\/www.moderneducation.eu\/wp-content\/uploads\/2021\/07\/DEEA0371-8F1A-4F9E-B44D-E43D7833E4CA-300x169.png 300w\" sizes=\"(max-width: 609px) 100vw, 609px\" \/><\/p>\n<\/div><\/div>","protected":false},"excerpt":{"rendered":"<p>Has\u0142o dzisiejszego dnia: Excellent leaders don\u2019t get appointed. People choose them. Dzisiaj uczniowie dyskutowali nad tematem \u2013 czym jest przewodzenie innym, co cechuje dobrego leadera grupy, jak rozwi\u0105zywa\u0107 konflikty w grupie, jak pokonywa\u0107 przeszkody by wsp\u00f3lnie zrealizowa\u0107 wytyczony cel. Praca <a href=\"https:\/\/www.moderneducation.eu\/?page_id=1212\" class=\"read-more\">Read More &#8230;<\/a><\/p>\n","protected":false},"author":1,"featured_media":0,"parent":0,"menu_order":0,"comment_status":"closed","ping_status":"closed","template":"","meta":{"footnotes":""},"class_list":["post-1212","page","type-page","status-publish","hentry"],"_links":{"self":[{"href":"https:\/\/www.moderneducation.eu\/index.php?rest_route=\/wp\/v2\/pages\/1212","targetHints":{"allow":["GET"]}}],"collection":[{"href":"https:\/\/www.moderneducation.eu\/index.php?rest_route=\/wp\/v2\/pages"}],"about":[{"href":"https:\/\/www.moderneducation.eu\/index.php?rest_route=\/wp\/v2\/types\/page"}],"author":[{"embeddable":true,"href":"https:\/\/www.moderneducation.eu\/index.php?rest_route=\/wp\/v2\/users\/1"}],"replies":[{"embeddable":true,"href":"https:\/\/www.moderneducation.eu\/index.php?rest_route=%2Fwp%2Fv2%2Fcomments&post=1212"}],"version-history":[{"count":1,"href":"https:\/\/www.moderneducation.eu\/index.php?rest_route=\/wp\/v2\/pages\/1212\/revisions"}],"predecessor-version":[{"id":1226,"href":"https:\/\/www.moderneducation.eu\/index.php?rest_route=\/wp\/v2\/pages\/1212\/revisions\/1226"}],"wp:attachment":[{"href":"https:\/\/www.moderneducation.eu\/index.php?rest_route=%2Fwp%2Fv2%2Fmedia&parent=1212"}],"curies":[{"name":"wp","href":"https:\/\/api.w.org\/{rel}","templated":true}]}}