{"id":1228,"date":"2021-07-13T11:46:45","date_gmt":"2021-07-13T09:46:45","guid":{"rendered":"http:\/\/www.moderneducation.eu\/?page_id=1228"},"modified":"2021-07-13T11:46:45","modified_gmt":"2021-07-13T09:46:45","slug":"siodmy-dzien-wymiany","status":"publish","type":"page","link":"https:\/\/www.moderneducation.eu\/?page_id=1228","title":{"rendered":"Si\u00f3dmy dzie\u0144 Wymiany"},"content":{"rendered":"<div id=\"dslc-theme-content\"><div id=\"dslc-theme-content-inner\"><p>Dzisiejszy dzie\u0144 Wirtualnej Wymiany Uczniowskiej w Bu\u0142garii by\u0142 podsumowaniem sze\u015bciodniowych wzmaga\u0144 i nowych do\u015bwiadcze\u0144. Gospodarze przygotowali rozrywkow\u0105 sekcj\u0119 spotkania online, kt\u00f3ra zawiera\u0142a mi\u0119dzy innymi: quiz wiedzy og\u00f3lnej oraz nauk\u0119 Bu\u0142garskich s\u0142\u00f3wek. Bogaci o nowe do\u015bwiadczenia i znajomo\u015bci z niecierpliwo\u015bci\u0105 czekamy na kolejne spotkanie w ramach projektu Erasmus+.<\/p>\n<p><img fetchpriority=\"high\" decoding=\"async\" class=\"alignnone size-full wp-image-1229\" src=\"http:\/\/www.moderneducation.eu\/wp-content\/uploads\/2021\/07\/3E5B3ADE-D8C3-459A-937F-59D118351FB9.png\" alt=\"\" width=\"2048\" height=\"1536\" srcset=\"https:\/\/www.moderneducation.eu\/wp-content\/uploads\/2021\/07\/3E5B3ADE-D8C3-459A-937F-59D118351FB9.png 2048w, https:\/\/www.moderneducation.eu\/wp-content\/uploads\/2021\/07\/3E5B3ADE-D8C3-459A-937F-59D118351FB9-300x225.png 300w, https:\/\/www.moderneducation.eu\/wp-content\/uploads\/2021\/07\/3E5B3ADE-D8C3-459A-937F-59D118351FB9-768x576.png 768w, https:\/\/www.moderneducation.eu\/wp-content\/uploads\/2021\/07\/3E5B3ADE-D8C3-459A-937F-59D118351FB9-1024x768.png 1024w\" sizes=\"(max-width: 2048px) 100vw, 2048px\" \/> <img decoding=\"async\" class=\"alignnone size-full wp-image-1230\" src=\"http:\/\/www.moderneducation.eu\/wp-content\/uploads\/2021\/07\/31E41F52-C6EC-4F04-B10F-371C37CE646D.png\" alt=\"\" width=\"2048\" height=\"1536\" srcset=\"https:\/\/www.moderneducation.eu\/wp-content\/uploads\/2021\/07\/31E41F52-C6EC-4F04-B10F-371C37CE646D.png 2048w, https:\/\/www.moderneducation.eu\/wp-content\/uploads\/2021\/07\/31E41F52-C6EC-4F04-B10F-371C37CE646D-300x225.png 300w, https:\/\/www.moderneducation.eu\/wp-content\/uploads\/2021\/07\/31E41F52-C6EC-4F04-B10F-371C37CE646D-768x576.png 768w, https:\/\/www.moderneducation.eu\/wp-content\/uploads\/2021\/07\/31E41F52-C6EC-4F04-B10F-371C37CE646D-1024x768.png 1024w\" sizes=\"(max-width: 2048px) 100vw, 2048px\" \/> <img decoding=\"async\" class=\"alignnone size-full wp-image-1231\" src=\"http:\/\/www.moderneducation.eu\/wp-content\/uploads\/2021\/07\/8293D928-0AF8-4B10-B1F9-D44D53472BB1.png\" alt=\"\" width=\"2048\" height=\"1536\" srcset=\"https:\/\/www.moderneducation.eu\/wp-content\/uploads\/2021\/07\/8293D928-0AF8-4B10-B1F9-D44D53472BB1.png 2048w, https:\/\/www.moderneducation.eu\/wp-content\/uploads\/2021\/07\/8293D928-0AF8-4B10-B1F9-D44D53472BB1-300x225.png 300w, https:\/\/www.moderneducation.eu\/wp-content\/uploads\/2021\/07\/8293D928-0AF8-4B10-B1F9-D44D53472BB1-768x576.png 768w, https:\/\/www.moderneducation.eu\/wp-content\/uploads\/2021\/07\/8293D928-0AF8-4B10-B1F9-D44D53472BB1-1024x768.png 1024w\" sizes=\"(max-width: 2048px) 100vw, 2048px\" \/> <img loading=\"lazy\" decoding=\"async\" class=\"alignnone size-full wp-image-1232\" src=\"http:\/\/www.moderneducation.eu\/wp-content\/uploads\/2021\/07\/8665EF4D-4EA7-42E7-95F4-316DFB0C89E1.png\" alt=\"\" width=\"2048\" height=\"1536\" srcset=\"https:\/\/www.moderneducation.eu\/wp-content\/uploads\/2021\/07\/8665EF4D-4EA7-42E7-95F4-316DFB0C89E1.png 2048w, https:\/\/www.moderneducation.eu\/wp-content\/uploads\/2021\/07\/8665EF4D-4EA7-42E7-95F4-316DFB0C89E1-300x225.png 300w, https:\/\/www.moderneducation.eu\/wp-content\/uploads\/2021\/07\/8665EF4D-4EA7-42E7-95F4-316DFB0C89E1-768x576.png 768w, https:\/\/www.moderneducation.eu\/wp-content\/uploads\/2021\/07\/8665EF4D-4EA7-42E7-95F4-316DFB0C89E1-1024x768.png 1024w\" sizes=\"(max-width: 2048px) 100vw, 2048px\" \/> <img loading=\"lazy\" decoding=\"async\" class=\"alignnone size-full wp-image-1233\" src=\"http:\/\/www.moderneducation.eu\/wp-content\/uploads\/2021\/07\/A4135F37-FCE3-45B9-8412-84E96FAAD32A.png\" alt=\"\" width=\"2048\" height=\"1536\" srcset=\"https:\/\/www.moderneducation.eu\/wp-content\/uploads\/2021\/07\/A4135F37-FCE3-45B9-8412-84E96FAAD32A.png 2048w, https:\/\/www.moderneducation.eu\/wp-content\/uploads\/2021\/07\/A4135F37-FCE3-45B9-8412-84E96FAAD32A-300x225.png 300w, https:\/\/www.moderneducation.eu\/wp-content\/uploads\/2021\/07\/A4135F37-FCE3-45B9-8412-84E96FAAD32A-768x576.png 768w, https:\/\/www.moderneducation.eu\/wp-content\/uploads\/2021\/07\/A4135F37-FCE3-45B9-8412-84E96FAAD32A-1024x768.png 1024w\" sizes=\"(max-width: 2048px) 100vw, 2048px\" \/> <img loading=\"lazy\" decoding=\"async\" class=\"alignnone size-full wp-image-1234\" src=\"http:\/\/www.moderneducation.eu\/wp-content\/uploads\/2021\/07\/ABE1BDBC-6B8C-442F-8C9E-EDCA3D874977.png\" alt=\"\" width=\"2048\" height=\"1536\" srcset=\"https:\/\/www.moderneducation.eu\/wp-content\/uploads\/2021\/07\/ABE1BDBC-6B8C-442F-8C9E-EDCA3D874977.png 2048w, https:\/\/www.moderneducation.eu\/wp-content\/uploads\/2021\/07\/ABE1BDBC-6B8C-442F-8C9E-EDCA3D874977-300x225.png 300w, https:\/\/www.moderneducation.eu\/wp-content\/uploads\/2021\/07\/ABE1BDBC-6B8C-442F-8C9E-EDCA3D874977-768x576.png 768w, https:\/\/www.moderneducation.eu\/wp-content\/uploads\/2021\/07\/ABE1BDBC-6B8C-442F-8C9E-EDCA3D874977-1024x768.png 1024w\" sizes=\"(max-width: 2048px) 100vw, 2048px\" \/> <img loading=\"lazy\" decoding=\"async\" class=\"alignnone size-full wp-image-1235\" src=\"http:\/\/www.moderneducation.eu\/wp-content\/uploads\/2021\/07\/DB679A59-5D5F-4762-B27A-5FF163EA5521.png\" alt=\"\" width=\"2048\" height=\"1536\" srcset=\"https:\/\/www.moderneducation.eu\/wp-content\/uploads\/2021\/07\/DB679A59-5D5F-4762-B27A-5FF163EA5521.png 2048w, https:\/\/www.moderneducation.eu\/wp-content\/uploads\/2021\/07\/DB679A59-5D5F-4762-B27A-5FF163EA5521-300x225.png 300w, https:\/\/www.moderneducation.eu\/wp-content\/uploads\/2021\/07\/DB679A59-5D5F-4762-B27A-5FF163EA5521-768x576.png 768w, https:\/\/www.moderneducation.eu\/wp-content\/uploads\/2021\/07\/DB679A59-5D5F-4762-B27A-5FF163EA5521-1024x768.png 1024w\" sizes=\"(max-width: 2048px) 100vw, 2048px\" \/> <img loading=\"lazy\" decoding=\"async\" class=\"alignnone size-full wp-image-1236\" src=\"http:\/\/www.moderneducation.eu\/wp-content\/uploads\/2021\/07\/E157CBC6-0772-4589-8C7C-E61FB4D33CD4.png\" alt=\"\" width=\"2048\" height=\"1536\" srcset=\"https:\/\/www.moderneducation.eu\/wp-content\/uploads\/2021\/07\/E157CBC6-0772-4589-8C7C-E61FB4D33CD4.png 2048w, https:\/\/www.moderneducation.eu\/wp-content\/uploads\/2021\/07\/E157CBC6-0772-4589-8C7C-E61FB4D33CD4-300x225.png 300w, https:\/\/www.moderneducation.eu\/wp-content\/uploads\/2021\/07\/E157CBC6-0772-4589-8C7C-E61FB4D33CD4-768x576.png 768w, https:\/\/www.moderneducation.eu\/wp-content\/uploads\/2021\/07\/E157CBC6-0772-4589-8C7C-E61FB4D33CD4-1024x768.png 1024w\" sizes=\"(max-width: 2048px) 100vw, 2048px\" \/><\/p>\n<\/div><\/div>","protected":false},"excerpt":{"rendered":"<p>Dzisiejszy dzie\u0144 Wirtualnej Wymiany Uczniowskiej w Bu\u0142garii by\u0142 podsumowaniem sze\u015bciodniowych wzmaga\u0144 i nowych do\u015bwiadcze\u0144. Gospodarze przygotowali rozrywkow\u0105 sekcj\u0119 spotkania online, kt\u00f3ra zawiera\u0142a mi\u0119dzy innymi: quiz wiedzy og\u00f3lnej oraz nauk\u0119 Bu\u0142garskich s\u0142\u00f3wek. Bogaci o nowe do\u015bwiadczenia i znajomo\u015bci z niecierpliwo\u015bci\u0105 czekamy <a href=\"https:\/\/www.moderneducation.eu\/?page_id=1228\" class=\"read-more\">Read More &#8230;<\/a><\/p>\n","protected":false},"author":1,"featured_media":0,"parent":0,"menu_order":0,"comment_status":"closed","ping_status":"closed","template":"","meta":{"footnotes":""},"class_list":["post-1228","page","type-page","status-publish","hentry"],"_links":{"self":[{"href":"https:\/\/www.moderneducation.eu\/index.php?rest_route=\/wp\/v2\/pages\/1228","targetHints":{"allow":["GET"]}}],"collection":[{"href":"https:\/\/www.moderneducation.eu\/index.php?rest_route=\/wp\/v2\/pages"}],"about":[{"href":"https:\/\/www.moderneducation.eu\/index.php?rest_route=\/wp\/v2\/types\/page"}],"author":[{"embeddable":true,"href":"https:\/\/www.moderneducation.eu\/index.php?rest_route=\/wp\/v2\/users\/1"}],"replies":[{"embeddable":true,"href":"https:\/\/www.moderneducation.eu\/index.php?rest_route=%2Fwp%2Fv2%2Fcomments&post=1228"}],"version-history":[{"count":1,"href":"https:\/\/www.moderneducation.eu\/index.php?rest_route=\/wp\/v2\/pages\/1228\/revisions"}],"predecessor-version":[{"id":1237,"href":"https:\/\/www.moderneducation.eu\/index.php?rest_route=\/wp\/v2\/pages\/1228\/revisions\/1237"}],"wp:attachment":[{"href":"https:\/\/www.moderneducation.eu\/index.php?rest_route=%2Fwp%2Fv2%2Fmedia&parent=1228"}],"curies":[{"name":"wp","href":"https:\/\/api.w.org\/{rel}","templated":true}]}}