{"id":1239,"date":"2021-07-13T11:51:56","date_gmt":"2021-07-13T09:51:56","guid":{"rendered":"http:\/\/www.moderneducation.eu\/?page_id=1239"},"modified":"2021-07-13T11:56:33","modified_gmt":"2021-07-13T09:56:33","slug":"1239-2","status":"publish","type":"page","link":"https:\/\/www.moderneducation.eu\/?page_id=1239","title":{"rendered":"Pierwszy dzie\u0144 Wymiany"},"content":{"rendered":"<div id=\"dslc-theme-content\"><div id=\"dslc-theme-content-inner\"><p>23.04.21 rozpocz\u0105\u0142 si\u0119 pierwszy dzie\u0144 wirtualnej wymiany uczniowskiej organizowanej w ramach projektu Erasmus+ Od Marzyciela do Lidera. Wymian\u0119 poprowadzi nasz partner z Litwy i b\u0119dzie ona trwa\u0142a 7 dni, do 30 kwietnia w\u0142\u0105cznie. M\u0142odzie\u017c z Grigi\u0161ki\u0173 \u0160viesos Gimnazija zaprezentowa\u0142a nam swoj\u0105 szko\u0142\u0119. Uczestniczyli\u015bmy te\u017c w przezabawnym, ekspresowym kursie wymowy w j\u0119zyku litewskim, a tak\u017ce mogli\u015bmy si\u0119 lepiej pozna\u0107 poprzez \u0107wiczenia integracyjne! Wspania\u0142a lekcja kultury i j\u0119zyka! Ci\u0105g dalszy wkr\u00f3tce! Zapraszamy do \u015bledzenia relacji.<\/p>\n<p><img fetchpriority=\"high\" decoding=\"async\" class=\"alignnone size-full wp-image-1240\" src=\"http:\/\/www.moderneducation.eu\/wp-content\/uploads\/2021\/07\/5AB73E8D-7797-43D9-9572-24B43567E85D.jpeg\" alt=\"\" width=\"828\" height=\"395\" srcset=\"https:\/\/www.moderneducation.eu\/wp-content\/uploads\/2021\/07\/5AB73E8D-7797-43D9-9572-24B43567E85D.jpeg 828w, https:\/\/www.moderneducation.eu\/wp-content\/uploads\/2021\/07\/5AB73E8D-7797-43D9-9572-24B43567E85D-300x143.jpeg 300w, https:\/\/www.moderneducation.eu\/wp-content\/uploads\/2021\/07\/5AB73E8D-7797-43D9-9572-24B43567E85D-768x366.jpeg 768w\" sizes=\"(max-width: 828px) 100vw, 828px\" \/> <img decoding=\"async\" class=\"alignnone size-full wp-image-1241\" src=\"http:\/\/www.moderneducation.eu\/wp-content\/uploads\/2021\/07\/6FCF2F94-7BFD-413C-B86A-15FC1FF35698.jpeg\" alt=\"\" width=\"828\" height=\"406\" srcset=\"https:\/\/www.moderneducation.eu\/wp-content\/uploads\/2021\/07\/6FCF2F94-7BFD-413C-B86A-15FC1FF35698.jpeg 828w, https:\/\/www.moderneducation.eu\/wp-content\/uploads\/2021\/07\/6FCF2F94-7BFD-413C-B86A-15FC1FF35698-300x147.jpeg 300w, https:\/\/www.moderneducation.eu\/wp-content\/uploads\/2021\/07\/6FCF2F94-7BFD-413C-B86A-15FC1FF35698-768x377.jpeg 768w\" sizes=\"(max-width: 828px) 100vw, 828px\" \/> <img decoding=\"async\" class=\"alignnone size-full wp-image-1242\" src=\"http:\/\/www.moderneducation.eu\/wp-content\/uploads\/2021\/07\/97631E47-C6BF-4103-A8DD-BADC4EB4AD0B.jpeg\" alt=\"\" width=\"828\" height=\"403\" srcset=\"https:\/\/www.moderneducation.eu\/wp-content\/uploads\/2021\/07\/97631E47-C6BF-4103-A8DD-BADC4EB4AD0B.jpeg 828w, https:\/\/www.moderneducation.eu\/wp-content\/uploads\/2021\/07\/97631E47-C6BF-4103-A8DD-BADC4EB4AD0B-300x146.jpeg 300w, https:\/\/www.moderneducation.eu\/wp-content\/uploads\/2021\/07\/97631E47-C6BF-4103-A8DD-BADC4EB4AD0B-768x374.jpeg 768w\" sizes=\"(max-width: 828px) 100vw, 828px\" \/> <img loading=\"lazy\" decoding=\"async\" class=\"alignnone size-full wp-image-1243\" src=\"http:\/\/www.moderneducation.eu\/wp-content\/uploads\/2021\/07\/AD7EDE8F-2CE0-43D1-8243-CAC1351A2BD9.jpeg\" alt=\"\" width=\"828\" height=\"332\" srcset=\"https:\/\/www.moderneducation.eu\/wp-content\/uploads\/2021\/07\/AD7EDE8F-2CE0-43D1-8243-CAC1351A2BD9.jpeg 828w, https:\/\/www.moderneducation.eu\/wp-content\/uploads\/2021\/07\/AD7EDE8F-2CE0-43D1-8243-CAC1351A2BD9-300x120.jpeg 300w, https:\/\/www.moderneducation.eu\/wp-content\/uploads\/2021\/07\/AD7EDE8F-2CE0-43D1-8243-CAC1351A2BD9-768x308.jpeg 768w\" sizes=\"(max-width: 828px) 100vw, 828px\" \/> <img loading=\"lazy\" decoding=\"async\" class=\"alignnone size-full wp-image-1244\" src=\"http:\/\/www.moderneducation.eu\/wp-content\/uploads\/2021\/07\/CC3D4117-2ABB-4870-87A4-D9F43FBAF578.jpeg\" alt=\"\" width=\"828\" height=\"406\" srcset=\"https:\/\/www.moderneducation.eu\/wp-content\/uploads\/2021\/07\/CC3D4117-2ABB-4870-87A4-D9F43FBAF578.jpeg 828w, https:\/\/www.moderneducation.eu\/wp-content\/uploads\/2021\/07\/CC3D4117-2ABB-4870-87A4-D9F43FBAF578-300x147.jpeg 300w, https:\/\/www.moderneducation.eu\/wp-content\/uploads\/2021\/07\/CC3D4117-2ABB-4870-87A4-D9F43FBAF578-768x377.jpeg 768w\" sizes=\"(max-width: 828px) 100vw, 828px\" \/> <img loading=\"lazy\" decoding=\"async\" class=\"alignnone size-full wp-image-1245\" src=\"http:\/\/www.moderneducation.eu\/wp-content\/uploads\/2021\/07\/ECD6CF3A-6CD4-47E1-9906-F862A24DDBE2.jpeg\" alt=\"\" width=\"829\" height=\"405\" srcset=\"https:\/\/www.moderneducation.eu\/wp-content\/uploads\/2021\/07\/ECD6CF3A-6CD4-47E1-9906-F862A24DDBE2.jpeg 829w, https:\/\/www.moderneducation.eu\/wp-content\/uploads\/2021\/07\/ECD6CF3A-6CD4-47E1-9906-F862A24DDBE2-300x147.jpeg 300w, https:\/\/www.moderneducation.eu\/wp-content\/uploads\/2021\/07\/ECD6CF3A-6CD4-47E1-9906-F862A24DDBE2-768x375.jpeg 768w\" sizes=\"(max-width: 829px) 100vw, 829px\" \/><\/p>\n<\/div><\/div>","protected":false},"excerpt":{"rendered":"<p>23.04.21 rozpocz\u0105\u0142 si\u0119 pierwszy dzie\u0144 wirtualnej wymiany uczniowskiej organizowanej w ramach projektu Erasmus+ Od Marzyciela do Lidera. Wymian\u0119 poprowadzi nasz partner z Litwy i b\u0119dzie ona trwa\u0142a 7 dni, do 30 kwietnia w\u0142\u0105cznie. M\u0142odzie\u017c z Grigi\u0161ki\u0173 \u0160viesos Gimnazija zaprezentowa\u0142a nam <a href=\"https:\/\/www.moderneducation.eu\/?page_id=1239\" class=\"read-more\">Read More &#8230;<\/a><\/p>\n","protected":false},"author":1,"featured_media":0,"parent":0,"menu_order":0,"comment_status":"closed","ping_status":"closed","template":"","meta":{"footnotes":""},"class_list":["post-1239","page","type-page","status-publish","hentry"],"_links":{"self":[{"href":"https:\/\/www.moderneducation.eu\/index.php?rest_route=\/wp\/v2\/pages\/1239","targetHints":{"allow":["GET"]}}],"collection":[{"href":"https:\/\/www.moderneducation.eu\/index.php?rest_route=\/wp\/v2\/pages"}],"about":[{"href":"https:\/\/www.moderneducation.eu\/index.php?rest_route=\/wp\/v2\/types\/page"}],"author":[{"embeddable":true,"href":"https:\/\/www.moderneducation.eu\/index.php?rest_route=\/wp\/v2\/users\/1"}],"replies":[{"embeddable":true,"href":"https:\/\/www.moderneducation.eu\/index.php?rest_route=%2Fwp%2Fv2%2Fcomments&post=1239"}],"version-history":[{"count":2,"href":"https:\/\/www.moderneducation.eu\/index.php?rest_route=\/wp\/v2\/pages\/1239\/revisions"}],"predecessor-version":[{"id":1247,"href":"https:\/\/www.moderneducation.eu\/index.php?rest_route=\/wp\/v2\/pages\/1239\/revisions\/1247"}],"wp:attachment":[{"href":"https:\/\/www.moderneducation.eu\/index.php?rest_route=%2Fwp%2Fv2%2Fmedia&parent=1239"}],"curies":[{"name":"wp","href":"https:\/\/api.w.org\/{rel}","templated":true}]}}