{"id":1249,"date":"2021-07-13T12:01:26","date_gmt":"2021-07-13T10:01:26","guid":{"rendered":"http:\/\/www.moderneducation.eu\/?page_id=1249"},"modified":"2021-07-13T12:01:26","modified_gmt":"2021-07-13T10:01:26","slug":"wirtualna-wymiana-mlodziezy-22-30-kwietnia-organizowana-przez-grigiskiu-sviesos-gimnazija-z-litwy","status":"publish","type":"page","link":"https:\/\/www.moderneducation.eu\/?page_id=1249","title":{"rendered":"Wirtualna Wymiana M\u0142odzie\u017cy 22-30 kwietnia, organizowana przez Grigi\u0161ki\u0173 \u0160viesos Gimnazija z Litwy"},"content":{"rendered":"<div id=\"dslc-theme-content\"><div id=\"dslc-theme-content-inner\"><\/div><\/div>","protected":false},"excerpt":{"rendered":"","protected":false},"author":1,"featured_media":0,"parent":0,"menu_order":0,"comment_status":"closed","ping_status":"closed","template":"","meta":{"footnotes":""},"class_list":["post-1249","page","type-page","status-publish","hentry"],"_links":{"self":[{"href":"https:\/\/www.moderneducation.eu\/index.php?rest_route=\/wp\/v2\/pages\/1249","targetHints":{"allow":["GET"]}}],"collection":[{"href":"https:\/\/www.moderneducation.eu\/index.php?rest_route=\/wp\/v2\/pages"}],"about":[{"href":"https:\/\/www.moderneducation.eu\/index.php?rest_route=\/wp\/v2\/types\/page"}],"author":[{"embeddable":true,"href":"https:\/\/www.moderneducation.eu\/index.php?rest_route=\/wp\/v2\/users\/1"}],"replies":[{"embeddable":true,"href":"https:\/\/www.moderneducation.eu\/index.php?rest_route=%2Fwp%2Fv2%2Fcomments&post=1249"}],"version-history":[{"count":1,"href":"https:\/\/www.moderneducation.eu\/index.php?rest_route=\/wp\/v2\/pages\/1249\/revisions"}],"predecessor-version":[{"id":1250,"href":"https:\/\/www.moderneducation.eu\/index.php?rest_route=\/wp\/v2\/pages\/1249\/revisions\/1250"}],"wp:attachment":[{"href":"https:\/\/www.moderneducation.eu\/index.php?rest_route=%2Fwp%2Fv2%2Fmedia&parent=1249"}],"curies":[{"name":"wp","href":"https:\/\/api.w.org\/{rel}","templated":true}]}}