{"id":1265,"date":"2021-07-13T12:08:57","date_gmt":"2021-07-13T10:08:57","guid":{"rendered":"http:\/\/www.moderneducation.eu\/?page_id=1265"},"modified":"2021-07-13T12:08:57","modified_gmt":"2021-07-13T10:08:57","slug":"trzeci-dzien-wymiany-2","status":"publish","type":"page","link":"https:\/\/www.moderneducation.eu\/?page_id=1265","title":{"rendered":"Trzeci dzie\u0144 Wymiany"},"content":{"rendered":"<div id=\"dslc-theme-content\"><div id=\"dslc-theme-content-inner\"><p>26.04 2021 up\u0142yn\u0105\u0142 pod znakiem przedsi\u0119biorczo\u015bci, innowacyjno\u015bci, inicjatywy. Nasi litewscy partnerzy zaprosili do wsp\u00f3\u0142pracy go\u015bci specjalnych: Sarune Smalakyte i Jekaterin\u0119 Bitus, przedstawicielki litewskiej firmy Rockit, zajmuj\u0105cej si\u0119 technologiami finansowymi. Go\u015bcie w bardzo przyst\u0119pny spos\u00f3b wprowadzili nas w \u015bwiat start up\u2019\u00f3w. Omawiali\u015bmy przyk\u0142ady r\u00f3\u017cnych prostych pomys\u0142\u00f3w na stworzenie w\u0142asnej firmy, kt\u00f3re po jakim\u015b czasie rozwin\u0119\u0142y si\u0119 w du\u017ce i pr\u0119\u017cnie funkcjonuj\u0105ce przedsi\u0119biorstwa. Zastanawiali\u015bmy si\u0119 wsp\u00f3lnie nad tym jakie elementy s\u0105 najwa\u017cniejsze w budowaniu dobrego zespo\u0142u, oraz jakie mechanizmy psychologiczne mog\u0105 nas blokowa\u0107 w podejmowaniu najr\u00f3\u017cniejszych biznesowych inicjatyw. Na koniec uczestnicy spotkania zostali podzieleni na grupy, kt\u00f3rych zadaniem by\u0142o wymy\u015blenie o\u015bmiu innowacyjnych sposob\u00f3w na spotkanie online z przyjaci\u00f3\u0142mi z zagranicy. Ka\u017cdy uczestnik spotkania w grupie mia\u0142 przedstawi\u0107 i uzasadni\u0107 sw\u00f3j pomys\u0142, nast\u0119pnie grupa g\u0142osowa\u0142a na najlepszy pomys\u0142 i wybiera\u0142a swojego przedstawiciela, kt\u00f3ry mia\u0142 ten pomys\u0142 zaprezentowa\u0107 na og\u00f3lnym forum. Ca\u0142e spotkanie zako\u0144czy\u0142a w\u0142a\u015bnie prezentacja naszych pomys\u0142\u00f3w. Pojawi\u0142y si\u0119 w\u015br\u00f3d nich takie propozycje jak: piknik online (z prezentacj\u0105 tradycyjnych lokalnych przek\u0105sek i napoj\u00f3w), aplikacja s\u0142u\u017c\u0105ca lokalizowaniu danej osoby na mapie, z mo\u017cliwo\u015bci\u0105 przesy\u0142ania zdj\u0119\u0107 z danego miejsca oraz najr\u00f3\u017cniejsze gry towarzyskie. To by\u0142 owocny dzie\u0144! Warsztaty prowadzone by\u0142y ciekawie, a spotkania w ma\u0142ych grupach chyba zawsze s\u0105 inspiruj\u0105cym wyzwaniem: ka\u017cdy z nas musi w wi\u0119kszym lub mniejszym stopniu prze\u0142ama\u0107 swoj\u0105 nie\u015bmia\u0142o\u015b\u0107, niepewno\u015b\u0107 czy nawet pewien wstyd przed porozumiewaniem si\u0119 z innymi w obcym j\u0119zyku. A to zawsze mobilizuje do nauki!<\/p>\n<p><img fetchpriority=\"high\" decoding=\"async\" class=\"alignnone size-full wp-image-1266\" src=\"http:\/\/www.moderneducation.eu\/wp-content\/uploads\/2021\/07\/2CAB7C13-4220-4E60-A7CB-C1A2E518E9A1.png\" alt=\"\" width=\"1920\" height=\"1080\" srcset=\"https:\/\/www.moderneducation.eu\/wp-content\/uploads\/2021\/07\/2CAB7C13-4220-4E60-A7CB-C1A2E518E9A1.png 1920w, https:\/\/www.moderneducation.eu\/wp-content\/uploads\/2021\/07\/2CAB7C13-4220-4E60-A7CB-C1A2E518E9A1-300x169.png 300w, https:\/\/www.moderneducation.eu\/wp-content\/uploads\/2021\/07\/2CAB7C13-4220-4E60-A7CB-C1A2E518E9A1-768x432.png 768w, https:\/\/www.moderneducation.eu\/wp-content\/uploads\/2021\/07\/2CAB7C13-4220-4E60-A7CB-C1A2E518E9A1-1024x576.png 1024w\" sizes=\"(max-width: 1920px) 100vw, 1920px\" \/> <img decoding=\"async\" class=\"alignnone size-full wp-image-1267\" src=\"http:\/\/www.moderneducation.eu\/wp-content\/uploads\/2021\/07\/407ECF8F-16B8-46BE-8C56-262A45D3EA4B.png\" alt=\"\" width=\"1920\" height=\"1080\" srcset=\"https:\/\/www.moderneducation.eu\/wp-content\/uploads\/2021\/07\/407ECF8F-16B8-46BE-8C56-262A45D3EA4B.png 1920w, https:\/\/www.moderneducation.eu\/wp-content\/uploads\/2021\/07\/407ECF8F-16B8-46BE-8C56-262A45D3EA4B-300x169.png 300w, https:\/\/www.moderneducation.eu\/wp-content\/uploads\/2021\/07\/407ECF8F-16B8-46BE-8C56-262A45D3EA4B-768x432.png 768w, https:\/\/www.moderneducation.eu\/wp-content\/uploads\/2021\/07\/407ECF8F-16B8-46BE-8C56-262A45D3EA4B-1024x576.png 1024w\" sizes=\"(max-width: 1920px) 100vw, 1920px\" \/> <img decoding=\"async\" class=\"alignnone size-full wp-image-1268\" src=\"http:\/\/www.moderneducation.eu\/wp-content\/uploads\/2021\/07\/829BC650-4F7B-4AFD-89CE-E4A1BEBA49AF.png\" alt=\"\" width=\"1920\" height=\"1080\" srcset=\"https:\/\/www.moderneducation.eu\/wp-content\/uploads\/2021\/07\/829BC650-4F7B-4AFD-89CE-E4A1BEBA49AF.png 1920w, https:\/\/www.moderneducation.eu\/wp-content\/uploads\/2021\/07\/829BC650-4F7B-4AFD-89CE-E4A1BEBA49AF-300x169.png 300w, https:\/\/www.moderneducation.eu\/wp-content\/uploads\/2021\/07\/829BC650-4F7B-4AFD-89CE-E4A1BEBA49AF-768x432.png 768w, https:\/\/www.moderneducation.eu\/wp-content\/uploads\/2021\/07\/829BC650-4F7B-4AFD-89CE-E4A1BEBA49AF-1024x576.png 1024w\" sizes=\"(max-width: 1920px) 100vw, 1920px\" \/> <img loading=\"lazy\" decoding=\"async\" class=\"alignnone size-full wp-image-1269\" src=\"http:\/\/www.moderneducation.eu\/wp-content\/uploads\/2021\/07\/858E90A4-0632-4731-947A-FE5E0535910E.png\" alt=\"\" width=\"1920\" height=\"1080\" srcset=\"https:\/\/www.moderneducation.eu\/wp-content\/uploads\/2021\/07\/858E90A4-0632-4731-947A-FE5E0535910E.png 1920w, https:\/\/www.moderneducation.eu\/wp-content\/uploads\/2021\/07\/858E90A4-0632-4731-947A-FE5E0535910E-300x169.png 300w, https:\/\/www.moderneducation.eu\/wp-content\/uploads\/2021\/07\/858E90A4-0632-4731-947A-FE5E0535910E-768x432.png 768w, https:\/\/www.moderneducation.eu\/wp-content\/uploads\/2021\/07\/858E90A4-0632-4731-947A-FE5E0535910E-1024x576.png 1024w\" sizes=\"(max-width: 1920px) 100vw, 1920px\" \/> <img loading=\"lazy\" decoding=\"async\" class=\"alignnone size-full wp-image-1270\" src=\"http:\/\/www.moderneducation.eu\/wp-content\/uploads\/2021\/07\/90587318-2969-4235-9867-DC06B3506749.png\" alt=\"\" width=\"1920\" height=\"1080\" srcset=\"https:\/\/www.moderneducation.eu\/wp-content\/uploads\/2021\/07\/90587318-2969-4235-9867-DC06B3506749.png 1920w, https:\/\/www.moderneducation.eu\/wp-content\/uploads\/2021\/07\/90587318-2969-4235-9867-DC06B3506749-300x169.png 300w, https:\/\/www.moderneducation.eu\/wp-content\/uploads\/2021\/07\/90587318-2969-4235-9867-DC06B3506749-768x432.png 768w, https:\/\/www.moderneducation.eu\/wp-content\/uploads\/2021\/07\/90587318-2969-4235-9867-DC06B3506749-1024x576.png 1024w\" sizes=\"(max-width: 1920px) 100vw, 1920px\" \/> <img loading=\"lazy\" decoding=\"async\" class=\"alignnone size-full wp-image-1271\" src=\"http:\/\/www.moderneducation.eu\/wp-content\/uploads\/2021\/07\/A01F5664-EB73-4744-B5C2-0AEA49562BBC.png\" alt=\"\" width=\"1920\" height=\"1080\" srcset=\"https:\/\/www.moderneducation.eu\/wp-content\/uploads\/2021\/07\/A01F5664-EB73-4744-B5C2-0AEA49562BBC.png 1920w, https:\/\/www.moderneducation.eu\/wp-content\/uploads\/2021\/07\/A01F5664-EB73-4744-B5C2-0AEA49562BBC-300x169.png 300w, https:\/\/www.moderneducation.eu\/wp-content\/uploads\/2021\/07\/A01F5664-EB73-4744-B5C2-0AEA49562BBC-768x432.png 768w, https:\/\/www.moderneducation.eu\/wp-content\/uploads\/2021\/07\/A01F5664-EB73-4744-B5C2-0AEA49562BBC-1024x576.png 1024w\" sizes=\"(max-width: 1920px) 100vw, 1920px\" \/> <img loading=\"lazy\" decoding=\"async\" class=\"alignnone size-full wp-image-1272\" src=\"http:\/\/www.moderneducation.eu\/wp-content\/uploads\/2021\/07\/C78DF8A0-EA2B-4166-9436-34A99ECCF33A.png\" alt=\"\" width=\"1920\" height=\"1080\" srcset=\"https:\/\/www.moderneducation.eu\/wp-content\/uploads\/2021\/07\/C78DF8A0-EA2B-4166-9436-34A99ECCF33A.png 1920w, https:\/\/www.moderneducation.eu\/wp-content\/uploads\/2021\/07\/C78DF8A0-EA2B-4166-9436-34A99ECCF33A-300x169.png 300w, https:\/\/www.moderneducation.eu\/wp-content\/uploads\/2021\/07\/C78DF8A0-EA2B-4166-9436-34A99ECCF33A-768x432.png 768w, https:\/\/www.moderneducation.eu\/wp-content\/uploads\/2021\/07\/C78DF8A0-EA2B-4166-9436-34A99ECCF33A-1024x576.png 1024w\" sizes=\"(max-width: 1920px) 100vw, 1920px\" \/> <img loading=\"lazy\" decoding=\"async\" class=\"alignnone size-full wp-image-1273\" src=\"http:\/\/www.moderneducation.eu\/wp-content\/uploads\/2021\/07\/DEBE8E3E-9FCD-4F31-AD81-C25636B89C55.png\" alt=\"\" width=\"1920\" height=\"1080\" srcset=\"https:\/\/www.moderneducation.eu\/wp-content\/uploads\/2021\/07\/DEBE8E3E-9FCD-4F31-AD81-C25636B89C55.png 1920w, https:\/\/www.moderneducation.eu\/wp-content\/uploads\/2021\/07\/DEBE8E3E-9FCD-4F31-AD81-C25636B89C55-300x169.png 300w, https:\/\/www.moderneducation.eu\/wp-content\/uploads\/2021\/07\/DEBE8E3E-9FCD-4F31-AD81-C25636B89C55-768x432.png 768w, https:\/\/www.moderneducation.eu\/wp-content\/uploads\/2021\/07\/DEBE8E3E-9FCD-4F31-AD81-C25636B89C55-1024x576.png 1024w\" sizes=\"(max-width: 1920px) 100vw, 1920px\" \/> <img loading=\"lazy\" decoding=\"async\" class=\"alignnone size-full wp-image-1274\" src=\"http:\/\/www.moderneducation.eu\/wp-content\/uploads\/2021\/07\/F2EC4D23-2AA0-46FA-BE43-683F7236769A.png\" alt=\"\" width=\"1920\" height=\"1080\" srcset=\"https:\/\/www.moderneducation.eu\/wp-content\/uploads\/2021\/07\/F2EC4D23-2AA0-46FA-BE43-683F7236769A.png 1920w, https:\/\/www.moderneducation.eu\/wp-content\/uploads\/2021\/07\/F2EC4D23-2AA0-46FA-BE43-683F7236769A-300x169.png 300w, https:\/\/www.moderneducation.eu\/wp-content\/uploads\/2021\/07\/F2EC4D23-2AA0-46FA-BE43-683F7236769A-768x432.png 768w, https:\/\/www.moderneducation.eu\/wp-content\/uploads\/2021\/07\/F2EC4D23-2AA0-46FA-BE43-683F7236769A-1024x576.png 1024w\" sizes=\"(max-width: 1920px) 100vw, 1920px\" \/> <img loading=\"lazy\" decoding=\"async\" class=\"alignnone size-full wp-image-1275\" src=\"http:\/\/www.moderneducation.eu\/wp-content\/uploads\/2021\/07\/F946EE07-0F1D-4995-8012-A7EB66476B8F.png\" alt=\"\" width=\"1920\" height=\"1080\" srcset=\"https:\/\/www.moderneducation.eu\/wp-content\/uploads\/2021\/07\/F946EE07-0F1D-4995-8012-A7EB66476B8F.png 1920w, https:\/\/www.moderneducation.eu\/wp-content\/uploads\/2021\/07\/F946EE07-0F1D-4995-8012-A7EB66476B8F-300x169.png 300w, https:\/\/www.moderneducation.eu\/wp-content\/uploads\/2021\/07\/F946EE07-0F1D-4995-8012-A7EB66476B8F-768x432.png 768w, https:\/\/www.moderneducation.eu\/wp-content\/uploads\/2021\/07\/F946EE07-0F1D-4995-8012-A7EB66476B8F-1024x576.png 1024w\" sizes=\"(max-width: 1920px) 100vw, 1920px\" \/> <img loading=\"lazy\" decoding=\"async\" class=\"alignnone size-full wp-image-1276\" src=\"http:\/\/www.moderneducation.eu\/wp-content\/uploads\/2021\/07\/FDF5D69F-625A-4402-A9E7-07CB4DCF508B.png\" alt=\"\" width=\"1920\" height=\"1080\" srcset=\"https:\/\/www.moderneducation.eu\/wp-content\/uploads\/2021\/07\/FDF5D69F-625A-4402-A9E7-07CB4DCF508B.png 1920w, https:\/\/www.moderneducation.eu\/wp-content\/uploads\/2021\/07\/FDF5D69F-625A-4402-A9E7-07CB4DCF508B-300x169.png 300w, https:\/\/www.moderneducation.eu\/wp-content\/uploads\/2021\/07\/FDF5D69F-625A-4402-A9E7-07CB4DCF508B-768x432.png 768w, https:\/\/www.moderneducation.eu\/wp-content\/uploads\/2021\/07\/FDF5D69F-625A-4402-A9E7-07CB4DCF508B-1024x576.png 1024w\" sizes=\"(max-width: 1920px) 100vw, 1920px\" \/><\/p>\n<\/div><\/div>","protected":false},"excerpt":{"rendered":"<p>26.04 2021 up\u0142yn\u0105\u0142 pod znakiem przedsi\u0119biorczo\u015bci, innowacyjno\u015bci, inicjatywy. Nasi litewscy partnerzy zaprosili do wsp\u00f3\u0142pracy go\u015bci specjalnych: Sarune Smalakyte i Jekaterin\u0119 Bitus, przedstawicielki litewskiej firmy Rockit, zajmuj\u0105cej si\u0119 technologiami finansowymi. Go\u015bcie w bardzo przyst\u0119pny spos\u00f3b wprowadzili nas w \u015bwiat start up\u2019\u00f3w. <a href=\"https:\/\/www.moderneducation.eu\/?page_id=1265\" class=\"read-more\">Read More &#8230;<\/a><\/p>\n","protected":false},"author":1,"featured_media":0,"parent":0,"menu_order":0,"comment_status":"closed","ping_status":"closed","template":"","meta":{"footnotes":""},"class_list":["post-1265","page","type-page","status-publish","hentry"],"_links":{"self":[{"href":"https:\/\/www.moderneducation.eu\/index.php?rest_route=\/wp\/v2\/pages\/1265","targetHints":{"allow":["GET"]}}],"collection":[{"href":"https:\/\/www.moderneducation.eu\/index.php?rest_route=\/wp\/v2\/pages"}],"about":[{"href":"https:\/\/www.moderneducation.eu\/index.php?rest_route=\/wp\/v2\/types\/page"}],"author":[{"embeddable":true,"href":"https:\/\/www.moderneducation.eu\/index.php?rest_route=\/wp\/v2\/users\/1"}],"replies":[{"embeddable":true,"href":"https:\/\/www.moderneducation.eu\/index.php?rest_route=%2Fwp%2Fv2%2Fcomments&post=1265"}],"version-history":[{"count":1,"href":"https:\/\/www.moderneducation.eu\/index.php?rest_route=\/wp\/v2\/pages\/1265\/revisions"}],"predecessor-version":[{"id":1277,"href":"https:\/\/www.moderneducation.eu\/index.php?rest_route=\/wp\/v2\/pages\/1265\/revisions\/1277"}],"wp:attachment":[{"href":"https:\/\/www.moderneducation.eu\/index.php?rest_route=%2Fwp%2Fv2%2Fmedia&parent=1265"}],"curies":[{"name":"wp","href":"https:\/\/api.w.org\/{rel}","templated":true}]}}