{"id":1377,"date":"2021-07-20T12:44:47","date_gmt":"2021-07-20T10:44:47","guid":{"rendered":"http:\/\/www.moderneducation.eu\/?page_id=1377"},"modified":"2021-07-20T13:17:37","modified_gmt":"2021-07-20T11:17:37","slug":"1377-2","status":"publish","type":"page","link":"https:\/\/www.moderneducation.eu\/?page_id=1377","title":{"rendered":"Drama w szkole!"},"content":{"rendered":"<div id=\"dslc-theme-content\"><div id=\"dslc-theme-content-inner\"><p>Nasi partnerzy z W\u0142och zademonstrowali nam jak wykorzystuj\u0105 dram\u0119 do nauki j\u0119zyk\u00f3w obcych, jak w czasach pandemii realizowa\u0107 cele i rozwija\u0107 pasje \ud83d\ude42<\/p>\n<figure class=\"wp-block-embed wp-block-embed-youtube is-type-video is-provider-youtube epyt-figure\"><div class=\"wp-block-embed__wrapper\"><iframe  id=\"_ytid_74769\"  width=\"847\" height=\"476\"  data-origwidth=\"847\" data-origheight=\"476\" src=\"https:\/\/www.youtube.com\/embed\/jXyeWFqY_z4?enablejsapi=1&autoplay=0&cc_load_policy=0&cc_lang_pref=&iv_load_policy=1&loop=0&modestbranding=0&rel=1&fs=1&playsinline=0&autohide=2&theme=dark&color=red&controls=1&\" class=\"__youtube_prefs__  no-lazyload\" title=\"YouTube player\"  allow=\"fullscreen; accelerometer; autoplay; clipboard-write; encrypted-media; gyroscope; picture-in-picture\" allowfullscreen data-no-lazy=\"1\" data-skipgform_ajax_framebjll=\"\"><\/iframe><\/div><\/figure>\n<\/div><\/div>","protected":false},"excerpt":{"rendered":"<p>Nasi partnerzy z W\u0142och zademonstrowali nam jak wykorzystuj\u0105 dram\u0119 do nauki j\u0119zyk\u00f3w obcych, jak w czasach pandemii realizowa\u0107 cele i rozwija\u0107 pasje \ud83d\ude42<\/p>\n","protected":false},"author":1,"featured_media":0,"parent":0,"menu_order":0,"comment_status":"closed","ping_status":"closed","template":"","meta":{"footnotes":""},"class_list":["post-1377","page","type-page","status-publish","hentry"],"_links":{"self":[{"href":"https:\/\/www.moderneducation.eu\/index.php?rest_route=\/wp\/v2\/pages\/1377","targetHints":{"allow":["GET"]}}],"collection":[{"href":"https:\/\/www.moderneducation.eu\/index.php?rest_route=\/wp\/v2\/pages"}],"about":[{"href":"https:\/\/www.moderneducation.eu\/index.php?rest_route=\/wp\/v2\/types\/page"}],"author":[{"embeddable":true,"href":"https:\/\/www.moderneducation.eu\/index.php?rest_route=\/wp\/v2\/users\/1"}],"replies":[{"embeddable":true,"href":"https:\/\/www.moderneducation.eu\/index.php?rest_route=%2Fwp%2Fv2%2Fcomments&post=1377"}],"version-history":[{"count":3,"href":"https:\/\/www.moderneducation.eu\/index.php?rest_route=\/wp\/v2\/pages\/1377\/revisions"}],"predecessor-version":[{"id":1381,"href":"https:\/\/www.moderneducation.eu\/index.php?rest_route=\/wp\/v2\/pages\/1377\/revisions\/1381"}],"wp:attachment":[{"href":"https:\/\/www.moderneducation.eu\/index.php?rest_route=%2Fwp%2Fv2%2Fmedia&parent=1377"}],"curies":[{"name":"wp","href":"https:\/\/api.w.org\/{rel}","templated":true}]}}