{"id":1401,"date":"2021-07-21T16:54:42","date_gmt":"2021-07-21T14:54:42","guid":{"rendered":"http:\/\/www.moderneducation.eu\/?page_id=1401"},"modified":"2021-07-21T16:54:42","modified_gmt":"2021-07-21T14:54:42","slug":"uczniowie-z-bulgarii-wraz-z-opiekunami-przygotowali-dla-nas-fantastyczna-wycieczke-po-szkole-2","status":"publish","type":"page","link":"https:\/\/www.moderneducation.eu\/?page_id=1401","title":{"rendered":"Uczniowie z Bu\u0142garii wraz z opiekunami przygotowali dla nas fantastyczn\u0105 wycieczk\u0119 po szkole"},"content":{"rendered":"<div id=\"dslc-theme-content\"><div id=\"dslc-theme-content-inner\"><p>Wirtualna wycieczka po szkole Second English Language High School \u201eThomas Jefferson\u201d w ramach Wirtualnej Wymiany Uczniowskiej \ud83d\udcfd \ud83d\udd0e \ud83c\udde7\ud83c\uddec<\/p>\n\n\n<figure class=\"wp-block-video\"><video controls src=\"http:\/\/www.moderneducation.eu\/wp-content\/uploads\/2021\/07\/wirtualna-wycieczka-po-szkole-Bu\u0142garia.mp4\"><\/video><\/figure>\n<\/div><\/div>","protected":false},"excerpt":{"rendered":"<p>Wirtualna wycieczka po szkole Second English Language High School \u201eThomas Jefferson\u201d w ramach Wirtualnej Wymiany Uczniowskiej \ud83d\udcfd \ud83d\udd0e \ud83c\udde7\ud83c\uddec<\/p>\n","protected":false},"author":1,"featured_media":0,"parent":0,"menu_order":0,"comment_status":"closed","ping_status":"closed","template":"","meta":{"footnotes":""},"class_list":["post-1401","page","type-page","status-publish","hentry"],"_links":{"self":[{"href":"https:\/\/www.moderneducation.eu\/index.php?rest_route=\/wp\/v2\/pages\/1401","targetHints":{"allow":["GET"]}}],"collection":[{"href":"https:\/\/www.moderneducation.eu\/index.php?rest_route=\/wp\/v2\/pages"}],"about":[{"href":"https:\/\/www.moderneducation.eu\/index.php?rest_route=\/wp\/v2\/types\/page"}],"author":[{"embeddable":true,"href":"https:\/\/www.moderneducation.eu\/index.php?rest_route=\/wp\/v2\/users\/1"}],"replies":[{"embeddable":true,"href":"https:\/\/www.moderneducation.eu\/index.php?rest_route=%2Fwp%2Fv2%2Fcomments&post=1401"}],"version-history":[{"count":5,"href":"https:\/\/www.moderneducation.eu\/index.php?rest_route=\/wp\/v2\/pages\/1401\/revisions"}],"predecessor-version":[{"id":1412,"href":"https:\/\/www.moderneducation.eu\/index.php?rest_route=\/wp\/v2\/pages\/1401\/revisions\/1412"}],"wp:attachment":[{"href":"https:\/\/www.moderneducation.eu\/index.php?rest_route=%2Fwp%2Fv2%2Fmedia&parent=1401"}],"curies":[{"name":"wp","href":"https:\/\/api.w.org\/{rel}","templated":true}]}}