{"id":144,"date":"2016-02-10T20:36:06","date_gmt":"2016-02-10T19:36:06","guid":{"rendered":"http:\/\/www.moderneducation.eu\/?page_id=144"},"modified":"2016-02-15T12:20:09","modified_gmt":"2016-02-15T11:20:09","slug":"rezultaty-pracy-intelektualnej","status":"publish","type":"page","link":"https:\/\/www.moderneducation.eu\/?page_id=144","title":{"rendered":"Rezultaty Pracy Intelektualnej"},"content":{"rendered":"<div id=\"dslc-theme-content\"><div id=\"dslc-theme-content-inner\"><p><span style=\"font-family: Comic Sans MS,sans-serif;\">Od pocz\u0105tku trwania projektu pracujemy nad wytworzeniem RPI, czyli Rezultat\u00f3w Pracy Intelektualnej. B\u0119d\u0105 to produkty wytworzone z my\u015bl\u0105 o uczniach i nauczycielach, a co najwa\u017cniejsze dost\u0119p i korzystanie z nich b\u0119d\u0105 darmowe.<\/span><\/p>\n<p><span style=\"font-family: Comic Sans MS,sans-serif;\">Planowane rezultaty maj\u0105 na celu:<\/span><br \/>\n<span style=\"font-family: Comic Sans MS,sans-serif;\">1. Dla uczni\u00f3w i nauczycieli:<\/span><br \/>\n<span style=\"font-family: Comic Sans MS,sans-serif;\">&#8211; wzrost kompetencji i samodzielno\u015bci j\u0119zykowej<\/span><br \/>\n<span style=\"font-family: Comic Sans MS,sans-serif;\">&#8211; otwarto\u015b\u0107 na kultur\u0119 i obyczaje innych kraj\u00f3w<\/span><br \/>\n<span style=\"font-family: Comic Sans MS,sans-serif;\">&#8211; poszerzenie wiedzy na temat kultury, historii i obyczaj\u00f3w pa\u0144stw partnerskich<\/span><br \/>\n<span style=\"font-family: Comic Sans MS,sans-serif;\">&#8211; wzrost poczucia w\u0142asnej warto\u015bci<\/span><br \/>\n<span style=\"font-family: Comic Sans MS,sans-serif;\">2. Dla nauczycieli:<\/span><br \/>\n<span style=\"font-family: Comic Sans MS,sans-serif;\">&#8211; poprawa profesjonalnego wizerunku nauczyciela<\/span><br \/>\n<span style=\"font-family: Comic Sans MS,sans-serif;\">&#8211; wzrost kompetencji w zakresie TIK<\/span><br \/>\n<span style=\"font-family: Comic Sans MS,sans-serif;\">&#8211; wymiana do\u015bwiadcze\u0144, dobrych praktyk<\/span><br \/>\n<span style=\"font-family: Comic Sans MS,sans-serif;\">&#8211; rozbudowa warsztatu pracy<\/span><br \/>\n<span style=\"font-family: Comic Sans MS,sans-serif;\">&#8211; wzrost motywacji do dalszego rozwoju<\/span><br \/>\n<span style=\"font-family: Comic Sans MS,sans-serif;\">3. Dla uczni\u00f3w:<\/span><br \/>\n<span style=\"font-family: Comic Sans MS,sans-serif;\">&#8211; zawarcie nowych znajomo\u015bci<\/span><br \/>\n<span style=\"font-family: Comic Sans MS,sans-serif;\">&#8211; poprawa wynik\u00f3w w nauce<\/span><br \/>\n<span style=\"font-family: Comic Sans MS,sans-serif;\">&#8211; wzrost motywacji do dalszej nauki<\/span><br \/>\n<span style=\"font-family: Comic Sans MS,sans-serif;\">&#8211; poznanie narz\u0119dzi wykorzystywanych do samodzielnej nauki<\/span><br \/>\n<span style=\"font-family: Comic Sans MS,sans-serif;\">&#8211; poznanie sposob\u00f3w uczenia si\u0119 w krajach partnerskich<\/span><br \/>\n<span style=\"font-family: Comic Sans MS,sans-serif;\">&#8211; wzrost atrakcyjno\u015bci na rynku pracy<\/span><br \/>\n<span style=\"font-family: Comic Sans MS,sans-serif;\">&#8211; przygotowanie do prowadzenia samodzielnej dzia\u0142alno\u015bci gospodarczej<\/span><\/p>\n<p><span style=\"font-family: Comic Sans MS,sans-serif;\">Oto zaplanowane RPI:<\/span><br \/>\n<span style=\"font-family: Comic Sans MS,sans-serif;\">&#8211; stworzenie pakietu lekcji w iTunes U Course Manager<\/span><br \/>\n<span style=\"font-family: Comic Sans MS,sans-serif;\">&#8211; stworzenie ksi\u0105\u017cki interaktywnej\u00a0 &#8222;Technologie informacyjno-komunikacyjne w projektach interdyscyplinarnych&#8221;<\/span><br \/>\n<span style=\"font-family: Comic Sans MS,sans-serif;\">&#8211; stworzenie kursu online &#8222;Od pomys\u0142u do zysku, czyli jak za\u0142o\u017cy\u0107 firm\u0119&#8221;<\/span><br \/>\n<span style=\"font-family: Comic Sans MS,sans-serif;\">&#8211; stworzenie autorskiego programu nauczania &#8222;Z Europ\u0105 na ty&#8221; z podr\u0119cznikiem interaktywnym.<\/span><br \/>\n<span style=\"font-family: Comic Sans MS,sans-serif;\">&#8211; stworzenie przewodnika interaktywnego po tematycznych \u015bcie\u017ckach rowerowych Poznania<\/span><br \/>\n<span style=\"font-family: Comic Sans MS,sans-serif;\">&#8211; stworzenie miejskiej gry interaktywnej Treasure Hunt &#8222;Osobliwo\u015bci mojego miasta&#8221;<\/span><br \/>\n<span style=\"font-family: Comic Sans MS,sans-serif;\">&#8211; stworzenie multimedialnego magazynu-miesi\u0119cznika projektu w Glogster Edu<\/span><br \/>\n<span style=\"font-family: Comic Sans MS,sans-serif;\">&#8211; stworzenie film\u00f3w z realizacji poszczeg\u00f3lnych etap\u00f3w projektu<\/span><br \/>\n<span style=\"font-family: Comic Sans MS,sans-serif;\">&#8211; stworzenie animacji, quiz\u00f3w i innych materia\u0142\u00f3w dydaktycznych przy u\u017cyciu r\u00f3\u017cnych narz\u0119dzi Web 2.0 <\/span><\/p>\n<\/div><\/div>","protected":false},"excerpt":{"rendered":"<p>Od pocz\u0105tku trwania projektu pracujemy nad wytworzeniem RPI, czyli Rezultat\u00f3w Pracy Intelektualnej. B\u0119d\u0105 to produkty wytworzone z my\u015bl\u0105 o uczniach i nauczycielach, a co najwa\u017cniejsze dost\u0119p i korzystanie z nich b\u0119d\u0105 darmowe. Planowane rezultaty maj\u0105 na celu: 1. Dla uczni\u00f3w <a href=\"https:\/\/www.moderneducation.eu\/?page_id=144\" class=\"read-more\">Read More &#8230;<\/a><\/p>\n","protected":false},"author":1,"featured_media":0,"parent":0,"menu_order":0,"comment_status":"closed","ping_status":"closed","template":"","meta":{"footnotes":""},"class_list":["post-144","page","type-page","status-publish","hentry"],"_links":{"self":[{"href":"https:\/\/www.moderneducation.eu\/index.php?rest_route=\/wp\/v2\/pages\/144","targetHints":{"allow":["GET"]}}],"collection":[{"href":"https:\/\/www.moderneducation.eu\/index.php?rest_route=\/wp\/v2\/pages"}],"about":[{"href":"https:\/\/www.moderneducation.eu\/index.php?rest_route=\/wp\/v2\/types\/page"}],"author":[{"embeddable":true,"href":"https:\/\/www.moderneducation.eu\/index.php?rest_route=\/wp\/v2\/users\/1"}],"replies":[{"embeddable":true,"href":"https:\/\/www.moderneducation.eu\/index.php?rest_route=%2Fwp%2Fv2%2Fcomments&post=144"}],"version-history":[{"count":3,"href":"https:\/\/www.moderneducation.eu\/index.php?rest_route=\/wp\/v2\/pages\/144\/revisions"}],"predecessor-version":[{"id":226,"href":"https:\/\/www.moderneducation.eu\/index.php?rest_route=\/wp\/v2\/pages\/144\/revisions\/226"}],"wp:attachment":[{"href":"https:\/\/www.moderneducation.eu\/index.php?rest_route=%2Fwp%2Fv2%2Fmedia&parent=144"}],"curies":[{"name":"wp","href":"https:\/\/api.w.org\/{rel}","templated":true}]}}