{"id":1482,"date":"2021-08-02T17:17:51","date_gmt":"2021-08-02T15:17:51","guid":{"rendered":"http:\/\/www.moderneducation.eu\/?page_id=1482"},"modified":"2021-08-02T17:17:51","modified_gmt":"2021-08-02T15:17:51","slug":"poznajemy-sie","status":"publish","type":"page","link":"https:\/\/www.moderneducation.eu\/?page_id=1482","title":{"rendered":"Poznajemy si\u0119 :)"},"content":{"rendered":"<div id=\"dslc-theme-content\"><div id=\"dslc-theme-content-inner\"><p>Podczas spotka\u0144 online mieli\u015bmy okazj\u0119 nie tylko zrealizowa\u0107 wsp\u00f3lnie temat lekcji w grupach mi\u0119dzynarodowych, ale tak\u017ce lepiej si\u0119 pozna\u0107, by potem sprawniej realizowa\u0107 cele projektu Our Earth, Our Home \ud83d\ude42<\/p>\n<p><a href=\"https:\/\/padlet.com\/b3dnar3k\/l8fdy5i1m16fxyz1\"><img fetchpriority=\"high\" decoding=\"async\" class=\"alignnone size-full wp-image-1483\" src=\"http:\/\/www.moderneducation.eu\/wp-content\/uploads\/2021\/08\/Zrzut-ekranu-2021-08-2-o-17.15.09.png\" alt=\"\" width=\"2852\" height=\"1297\" srcset=\"https:\/\/www.moderneducation.eu\/wp-content\/uploads\/2021\/08\/Zrzut-ekranu-2021-08-2-o-17.15.09.png 2852w, https:\/\/www.moderneducation.eu\/wp-content\/uploads\/2021\/08\/Zrzut-ekranu-2021-08-2-o-17.15.09-300x136.png 300w, https:\/\/www.moderneducation.eu\/wp-content\/uploads\/2021\/08\/Zrzut-ekranu-2021-08-2-o-17.15.09-768x349.png 768w, https:\/\/www.moderneducation.eu\/wp-content\/uploads\/2021\/08\/Zrzut-ekranu-2021-08-2-o-17.15.09-1024x466.png 1024w\" sizes=\"(max-width: 2852px) 100vw, 2852px\" \/><\/a><\/p>\n<\/div><\/div>","protected":false},"excerpt":{"rendered":"<p>Podczas spotka\u0144 online mieli\u015bmy okazj\u0119 nie tylko zrealizowa\u0107 wsp\u00f3lnie temat lekcji w grupach mi\u0119dzynarodowych, ale tak\u017ce lepiej si\u0119 pozna\u0107, by potem sprawniej realizowa\u0107 cele projektu Our Earth, Our Home \ud83d\ude42<\/p>\n","protected":false},"author":1,"featured_media":0,"parent":0,"menu_order":0,"comment_status":"closed","ping_status":"closed","template":"","meta":{"footnotes":""},"class_list":["post-1482","page","type-page","status-publish","hentry"],"_links":{"self":[{"href":"https:\/\/www.moderneducation.eu\/index.php?rest_route=\/wp\/v2\/pages\/1482","targetHints":{"allow":["GET"]}}],"collection":[{"href":"https:\/\/www.moderneducation.eu\/index.php?rest_route=\/wp\/v2\/pages"}],"about":[{"href":"https:\/\/www.moderneducation.eu\/index.php?rest_route=\/wp\/v2\/types\/page"}],"author":[{"embeddable":true,"href":"https:\/\/www.moderneducation.eu\/index.php?rest_route=\/wp\/v2\/users\/1"}],"replies":[{"embeddable":true,"href":"https:\/\/www.moderneducation.eu\/index.php?rest_route=%2Fwp%2Fv2%2Fcomments&post=1482"}],"version-history":[{"count":1,"href":"https:\/\/www.moderneducation.eu\/index.php?rest_route=\/wp\/v2\/pages\/1482\/revisions"}],"predecessor-version":[{"id":1484,"href":"https:\/\/www.moderneducation.eu\/index.php?rest_route=\/wp\/v2\/pages\/1482\/revisions\/1484"}],"wp:attachment":[{"href":"https:\/\/www.moderneducation.eu\/index.php?rest_route=%2Fwp%2Fv2%2Fmedia&parent=1482"}],"curies":[{"name":"wp","href":"https:\/\/api.w.org\/{rel}","templated":true}]}}