{"id":1549,"date":"2021-09-17T14:31:08","date_gmt":"2021-09-17T12:31:08","guid":{"rendered":"http:\/\/www.moderneducation.eu\/?page_id=1549"},"modified":"2021-09-17T14:31:09","modified_gmt":"2021-09-17T12:31:09","slug":"ekiden-pragmatiq-w-xiv-lo-w-poznaniu","status":"publish","type":"page","link":"https:\/\/www.moderneducation.eu\/?page_id=1549","title":{"rendered":"EKIDEN PragmatIQ w XIV LO w Poznaniu"},"content":{"rendered":"<div id=\"dslc-theme-content\"><div id=\"dslc-theme-content-inner\"><p><img fetchpriority=\"high\" decoding=\"async\" class=\"alignnone size-medium wp-image-1551\" src=\"http:\/\/www.moderneducation.eu\/wp-content\/uploads\/2021\/09\/F533F770-DE17-4160-87B0-E82A987AF988-169x300.jpeg\" alt=\"\" width=\"169\" height=\"300\" srcset=\"https:\/\/www.moderneducation.eu\/wp-content\/uploads\/2021\/09\/F533F770-DE17-4160-87B0-E82A987AF988-169x300.jpeg 169w, https:\/\/www.moderneducation.eu\/wp-content\/uploads\/2021\/09\/F533F770-DE17-4160-87B0-E82A987AF988-768x1365.jpeg 768w, https:\/\/www.moderneducation.eu\/wp-content\/uploads\/2021\/09\/F533F770-DE17-4160-87B0-E82A987AF988-576x1024.jpeg 576w, https:\/\/www.moderneducation.eu\/wp-content\/uploads\/2021\/09\/F533F770-DE17-4160-87B0-E82A987AF988.jpeg 1152w\" sizes=\"(max-width: 169px) 100vw, 169px\" \/> <img decoding=\"async\" class=\"alignnone size-medium wp-image-1552\" src=\"http:\/\/www.moderneducation.eu\/wp-content\/uploads\/2021\/09\/33CE5F71-45B6-48E6-B6EB-AC758F0EF2F1-300x169.jpeg\" alt=\"\" width=\"300\" height=\"169\" srcset=\"https:\/\/www.moderneducation.eu\/wp-content\/uploads\/2021\/09\/33CE5F71-45B6-48E6-B6EB-AC758F0EF2F1-300x169.jpeg 300w, https:\/\/www.moderneducation.eu\/wp-content\/uploads\/2021\/09\/33CE5F71-45B6-48E6-B6EB-AC758F0EF2F1-768x432.jpeg 768w, https:\/\/www.moderneducation.eu\/wp-content\/uploads\/2021\/09\/33CE5F71-45B6-48E6-B6EB-AC758F0EF2F1-1024x576.jpeg 1024w, https:\/\/www.moderneducation.eu\/wp-content\/uploads\/2021\/09\/33CE5F71-45B6-48E6-B6EB-AC758F0EF2F1.jpeg 2016w\" sizes=\"(max-width: 300px) 100vw, 300px\" \/> <img decoding=\"async\" class=\"alignnone size-medium wp-image-1553\" src=\"http:\/\/www.moderneducation.eu\/wp-content\/uploads\/2021\/09\/34865E0E-26F3-4BDD-926D-A4DA3AD621B5-300x175.jpeg\" alt=\"\" width=\"300\" height=\"175\" srcset=\"https:\/\/www.moderneducation.eu\/wp-content\/uploads\/2021\/09\/34865E0E-26F3-4BDD-926D-A4DA3AD621B5-300x175.jpeg 300w, https:\/\/www.moderneducation.eu\/wp-content\/uploads\/2021\/09\/34865E0E-26F3-4BDD-926D-A4DA3AD621B5-768x449.jpeg 768w, https:\/\/www.moderneducation.eu\/wp-content\/uploads\/2021\/09\/34865E0E-26F3-4BDD-926D-A4DA3AD621B5-1024x599.jpeg 1024w, https:\/\/www.moderneducation.eu\/wp-content\/uploads\/2021\/09\/34865E0E-26F3-4BDD-926D-A4DA3AD621B5.jpeg 2048w\" sizes=\"(max-width: 300px) 100vw, 300px\" \/> <img loading=\"lazy\" decoding=\"async\" class=\"alignnone size-medium wp-image-1554\" src=\"http:\/\/www.moderneducation.eu\/wp-content\/uploads\/2021\/09\/B6DCF09D-7FBD-4882-88B9-2CF0E38761E0-300x169.jpeg\" alt=\"\" width=\"300\" height=\"169\" srcset=\"https:\/\/www.moderneducation.eu\/wp-content\/uploads\/2021\/09\/B6DCF09D-7FBD-4882-88B9-2CF0E38761E0-300x169.jpeg 300w, https:\/\/www.moderneducation.eu\/wp-content\/uploads\/2021\/09\/B6DCF09D-7FBD-4882-88B9-2CF0E38761E0-768x432.jpeg 768w, https:\/\/www.moderneducation.eu\/wp-content\/uploads\/2021\/09\/B6DCF09D-7FBD-4882-88B9-2CF0E38761E0-1024x576.jpeg 1024w, https:\/\/www.moderneducation.eu\/wp-content\/uploads\/2021\/09\/B6DCF09D-7FBD-4882-88B9-2CF0E38761E0.jpeg 2048w\" sizes=\"(max-width: 300px) 100vw, 300px\" \/> <img loading=\"lazy\" decoding=\"async\" class=\"alignnone size-medium wp-image-1555\" src=\"http:\/\/www.moderneducation.eu\/wp-content\/uploads\/2021\/09\/F732C4C1-9DE0-4F65-9B2E-17E24D325566-169x300.jpeg\" alt=\"\" width=\"169\" height=\"300\" srcset=\"https:\/\/www.moderneducation.eu\/wp-content\/uploads\/2021\/09\/F732C4C1-9DE0-4F65-9B2E-17E24D325566-169x300.jpeg 169w, https:\/\/www.moderneducation.eu\/wp-content\/uploads\/2021\/09\/F732C4C1-9DE0-4F65-9B2E-17E24D325566-768x1365.jpeg 768w, https:\/\/www.moderneducation.eu\/wp-content\/uploads\/2021\/09\/F732C4C1-9DE0-4F65-9B2E-17E24D325566-576x1024.jpeg 576w, https:\/\/www.moderneducation.eu\/wp-content\/uploads\/2021\/09\/F732C4C1-9DE0-4F65-9B2E-17E24D325566.jpeg 1152w\" sizes=\"(max-width: 169px) 100vw, 169px\" \/> <img loading=\"lazy\" decoding=\"async\" class=\"alignnone size-medium wp-image-1556\" src=\"http:\/\/www.moderneducation.eu\/wp-content\/uploads\/2021\/09\/5A902025-4CF3-4B44-BBE4-2EC319D1E782-300x173.jpeg\" alt=\"\" width=\"300\" height=\"173\" srcset=\"https:\/\/www.moderneducation.eu\/wp-content\/uploads\/2021\/09\/5A902025-4CF3-4B44-BBE4-2EC319D1E782-300x173.jpeg 300w, https:\/\/www.moderneducation.eu\/wp-content\/uploads\/2021\/09\/5A902025-4CF3-4B44-BBE4-2EC319D1E782-768x444.jpeg 768w, https:\/\/www.moderneducation.eu\/wp-content\/uploads\/2021\/09\/5A902025-4CF3-4B44-BBE4-2EC319D1E782-1024x592.jpeg 1024w, https:\/\/www.moderneducation.eu\/wp-content\/uploads\/2021\/09\/5A902025-4CF3-4B44-BBE4-2EC319D1E782.jpeg 1344w\" sizes=\"(max-width: 300px) 100vw, 300px\" \/> <img loading=\"lazy\" decoding=\"async\" class=\"alignnone size-medium wp-image-1557\" src=\"http:\/\/www.moderneducation.eu\/wp-content\/uploads\/2021\/09\/6C1A046C-56E1-4E7B-91F0-695BB7E93CA6-300x178.jpeg\" alt=\"\" width=\"300\" height=\"178\" srcset=\"https:\/\/www.moderneducation.eu\/wp-content\/uploads\/2021\/09\/6C1A046C-56E1-4E7B-91F0-695BB7E93CA6-300x178.jpeg 300w, https:\/\/www.moderneducation.eu\/wp-content\/uploads\/2021\/09\/6C1A046C-56E1-4E7B-91F0-695BB7E93CA6-768x454.jpeg 768w, https:\/\/www.moderneducation.eu\/wp-content\/uploads\/2021\/09\/6C1A046C-56E1-4E7B-91F0-695BB7E93CA6-1024x606.jpeg 1024w, https:\/\/www.moderneducation.eu\/wp-content\/uploads\/2021\/09\/6C1A046C-56E1-4E7B-91F0-695BB7E93CA6.jpeg 1864w\" sizes=\"(max-width: 300px) 100vw, 300px\" \/><\/p>\n<p class=\"p1\">12 wrze\u015bnia 2021 wzi\u0119li\u015bmy udzia\u0142 w VIII edycji sztafety biegu marato\u0144skiego EKIDEN PragmatIQ.. By\u0142a to dla nas doskona\u0142a okazja do promocji naszych projekt\u00f3w Erasmus+ oraz samego programu. Nasza szko\u0142a wystawi\u0142a 2 dru\u017cyny &#8211; uczniowsk\u0105 i nauczycielsk\u0105.. Biegacze rywalizowali na sze\u015bciu odcinkach, a ka\u017cda dru\u017cyna pokona\u0142a \u0142\u0105cznie dystans 42 kilometry 195 metr\u00f3w. Jeste\u015bmy szczeg\u00f3lnie dumni z pracy naszych uczni\u00f3w-wolontariuszy, o kt\u00f3rych s\u0142yszeli\u015bmy same mi\u0142e s\u0142owa zar\u00f3wno od biegaczy, jak i od organizator\u00f3w. Gratulacje dla Innowacyjnego Czternastegolo Junior za zwyci\u0119stwo i to w bardzo dobrym stylu (10 minut przewagi bez 18 sekund), co pozwoli\u0142o im uzyska\u0107 23 miejsce! Brawo Wy!<\/p>\n\n\n<p><\/p>\n<\/div><\/div>","protected":false},"excerpt":{"rendered":"<p>12 wrze\u015bnia 2021 wzi\u0119li\u015bmy udzia\u0142 w VIII edycji sztafety biegu marato\u0144skiego EKIDEN PragmatIQ.. By\u0142a to dla nas doskona\u0142a okazja do promocji naszych projekt\u00f3w Erasmus+ oraz samego programu. Nasza szko\u0142a wystawi\u0142a 2 dru\u017cyny &#8211; uczniowsk\u0105 i nauczycielsk\u0105.. Biegacze rywalizowali na sze\u015bciu <a href=\"https:\/\/www.moderneducation.eu\/?page_id=1549\" class=\"read-more\">Read More &#8230;<\/a><\/p>\n","protected":false},"author":1,"featured_media":0,"parent":0,"menu_order":0,"comment_status":"closed","ping_status":"closed","template":"","meta":{"footnotes":""},"class_list":["post-1549","page","type-page","status-publish","hentry"],"_links":{"self":[{"href":"https:\/\/www.moderneducation.eu\/index.php?rest_route=\/wp\/v2\/pages\/1549","targetHints":{"allow":["GET"]}}],"collection":[{"href":"https:\/\/www.moderneducation.eu\/index.php?rest_route=\/wp\/v2\/pages"}],"about":[{"href":"https:\/\/www.moderneducation.eu\/index.php?rest_route=\/wp\/v2\/types\/page"}],"author":[{"embeddable":true,"href":"https:\/\/www.moderneducation.eu\/index.php?rest_route=\/wp\/v2\/users\/1"}],"replies":[{"embeddable":true,"href":"https:\/\/www.moderneducation.eu\/index.php?rest_route=%2Fwp%2Fv2%2Fcomments&post=1549"}],"version-history":[{"count":3,"href":"https:\/\/www.moderneducation.eu\/index.php?rest_route=\/wp\/v2\/pages\/1549\/revisions"}],"predecessor-version":[{"id":1560,"href":"https:\/\/www.moderneducation.eu\/index.php?rest_route=\/wp\/v2\/pages\/1549\/revisions\/1560"}],"wp:attachment":[{"href":"https:\/\/www.moderneducation.eu\/index.php?rest_route=%2Fwp%2Fv2%2Fmedia&parent=1549"}],"curies":[{"name":"wp","href":"https:\/\/api.w.org\/{rel}","templated":true}]}}