{"id":1654,"date":"2022-06-20T10:38:13","date_gmt":"2022-06-20T08:38:13","guid":{"rendered":"http:\/\/www.moderneducation.eu\/?page_id=1654"},"modified":"2022-06-20T10:38:13","modified_gmt":"2022-06-20T08:38:13","slug":"dzien-pierwszy-wymiany","status":"publish","type":"page","link":"https:\/\/www.moderneducation.eu\/?page_id=1654","title":{"rendered":"Dzie\u0144 pierwszy wymiany"},"content":{"rendered":"<div id=\"dslc-theme-content\"><div id=\"dslc-theme-content-inner\"><div class=\"post-entry\">\n<div class=\"entry-content\">\n<p>21.03.2022 &#8211; min\u0105\u0142 pierwszy dzie\u0144 wymiany uczniowskiej Erasmus+ Our Earth, Our Home. Wraz z naszymi go\u015b\u0107mi z Czech, Irlandii, Rumunii i W\u0142och uczestniczyli\u015bmy w wyk\u0142adach dotycz\u0105cych zmian klimatycznych, prezentowali\u015bmy zwyczaje zwi\u0105zane z obchodami pierwszego dnia wiosny i projektowali\u015bmy ekologiczne Marzanny w grupach mi\u0119dzynarodowych, by je p\u00f3\u017aniej zdemontowa\u0107 zgodnie z zasadami segregacji \u015bmieci! To by\u0142 wspania\u0142y dzie\u0144!<img decoding=\"async\" class=\"size-medium wp-image-1655 alignleft\" src=\"http:\/\/www.moderneducation.eu\/wp-content\/uploads\/2022\/06\/FB_IMG_1648328449018-300x158.jpeg\" alt=\"\" width=\"300\" height=\"158\" srcset=\"https:\/\/www.moderneducation.eu\/wp-content\/uploads\/2022\/06\/FB_IMG_1648328449018-300x158.jpeg 300w, https:\/\/www.moderneducation.eu\/wp-content\/uploads\/2022\/06\/FB_IMG_1648328449018.jpeg 720w\" sizes=\"(max-width: 300px) 100vw, 300px\" \/><\/p>\n<p><img decoding=\"async\" class=\"alignnone size-medium wp-image-1656\" src=\"http:\/\/www.moderneducation.eu\/wp-content\/uploads\/2022\/06\/FB_IMG_1648328451998-300x158.jpeg\" alt=\"\" width=\"300\" height=\"158\" srcset=\"https:\/\/www.moderneducation.eu\/wp-content\/uploads\/2022\/06\/FB_IMG_1648328451998-300x158.jpeg 300w, https:\/\/www.moderneducation.eu\/wp-content\/uploads\/2022\/06\/FB_IMG_1648328451998.jpeg 443w\" sizes=\"(max-width: 300px) 100vw, 300px\" \/> <img decoding=\"async\" class=\"alignnone size-medium wp-image-1657\" src=\"http:\/\/www.moderneducation.eu\/wp-content\/uploads\/2022\/06\/FB_IMG_1648328454314-300x158.jpeg\" alt=\"\" width=\"300\" height=\"158\" srcset=\"https:\/\/www.moderneducation.eu\/wp-content\/uploads\/2022\/06\/FB_IMG_1648328454314-300x158.jpeg 300w, https:\/\/www.moderneducation.eu\/wp-content\/uploads\/2022\/06\/FB_IMG_1648328454314.jpeg 443w\" sizes=\"(max-width: 300px) 100vw, 300px\" \/> <img loading=\"lazy\" decoding=\"async\" class=\"alignnone size-medium wp-image-1658\" src=\"http:\/\/www.moderneducation.eu\/wp-content\/uploads\/2022\/06\/FB_IMG_1648328456681-300x158.jpeg\" alt=\"\" width=\"300\" height=\"158\" srcset=\"https:\/\/www.moderneducation.eu\/wp-content\/uploads\/2022\/06\/FB_IMG_1648328456681-300x158.jpeg 300w, https:\/\/www.moderneducation.eu\/wp-content\/uploads\/2022\/06\/FB_IMG_1648328456681.jpeg 630w\" sizes=\"(max-width: 300px) 100vw, 300px\" \/> <img loading=\"lazy\" decoding=\"async\" class=\"alignnone size-medium wp-image-1659\" src=\"http:\/\/www.moderneducation.eu\/wp-content\/uploads\/2022\/06\/FB_IMG_1648328460344-300x158.jpeg\" alt=\"\" width=\"300\" height=\"158\" srcset=\"https:\/\/www.moderneducation.eu\/wp-content\/uploads\/2022\/06\/FB_IMG_1648328460344-300x158.jpeg 300w, https:\/\/www.moderneducation.eu\/wp-content\/uploads\/2022\/06\/FB_IMG_1648328460344.jpeg 720w\" sizes=\"(max-width: 300px) 100vw, 300px\" \/> <img loading=\"lazy\" decoding=\"async\" class=\"alignnone size-medium wp-image-1660\" src=\"http:\/\/www.moderneducation.eu\/wp-content\/uploads\/2022\/06\/FB_IMG_1648328463972-300x158.jpeg\" alt=\"\" width=\"300\" height=\"158\" srcset=\"https:\/\/www.moderneducation.eu\/wp-content\/uploads\/2022\/06\/FB_IMG_1648328463972-300x158.jpeg 300w, https:\/\/www.moderneducation.eu\/wp-content\/uploads\/2022\/06\/FB_IMG_1648328463972.jpeg 720w\" sizes=\"(max-width: 300px) 100vw, 300px\" \/><\/p>\n<\/div>\n<\/div>\n<\/div><\/div>","protected":false},"excerpt":{"rendered":"<p>21.03.2022 &#8211; min\u0105\u0142 pierwszy dzie\u0144 wymiany uczniowskiej Erasmus+ Our Earth, Our Home. Wraz z naszymi go\u015b\u0107mi z Czech, Irlandii, Rumunii i W\u0142och uczestniczyli\u015bmy w wyk\u0142adach dotycz\u0105cych zmian klimatycznych, prezentowali\u015bmy zwyczaje zwi\u0105zane z obchodami pierwszego dnia wiosny i projektowali\u015bmy ekologiczne Marzanny <a href=\"https:\/\/www.moderneducation.eu\/?page_id=1654\" class=\"read-more\">Read More &#8230;<\/a><\/p>\n","protected":false},"author":1,"featured_media":0,"parent":0,"menu_order":0,"comment_status":"closed","ping_status":"closed","template":"","meta":{"footnotes":""},"class_list":["post-1654","page","type-page","status-publish","hentry"],"_links":{"self":[{"href":"https:\/\/www.moderneducation.eu\/index.php?rest_route=\/wp\/v2\/pages\/1654","targetHints":{"allow":["GET"]}}],"collection":[{"href":"https:\/\/www.moderneducation.eu\/index.php?rest_route=\/wp\/v2\/pages"}],"about":[{"href":"https:\/\/www.moderneducation.eu\/index.php?rest_route=\/wp\/v2\/types\/page"}],"author":[{"embeddable":true,"href":"https:\/\/www.moderneducation.eu\/index.php?rest_route=\/wp\/v2\/users\/1"}],"replies":[{"embeddable":true,"href":"https:\/\/www.moderneducation.eu\/index.php?rest_route=%2Fwp%2Fv2%2Fcomments&post=1654"}],"version-history":[{"count":1,"href":"https:\/\/www.moderneducation.eu\/index.php?rest_route=\/wp\/v2\/pages\/1654\/revisions"}],"predecessor-version":[{"id":1661,"href":"https:\/\/www.moderneducation.eu\/index.php?rest_route=\/wp\/v2\/pages\/1654\/revisions\/1661"}],"wp:attachment":[{"href":"https:\/\/www.moderneducation.eu\/index.php?rest_route=%2Fwp%2Fv2%2Fmedia&parent=1654"}],"curies":[{"name":"wp","href":"https:\/\/api.w.org\/{rel}","templated":true}]}}