{"id":1664,"date":"2022-06-20T10:42:00","date_gmt":"2022-06-20T08:42:00","guid":{"rendered":"http:\/\/www.moderneducation.eu\/?page_id=1664"},"modified":"2022-06-20T10:42:00","modified_gmt":"2022-06-20T08:42:00","slug":"drugi-dzien-wymiany-3","status":"publish","type":"page","link":"https:\/\/www.moderneducation.eu\/?page_id=1664","title":{"rendered":"Drugi dzie\u0144 wymiany"},"content":{"rendered":"<div id=\"dslc-theme-content\"><div id=\"dslc-theme-content-inner\"><div dir=\"auto\">Kolejny dzie\u0144 pe\u0142en wra\u017ce\u0144. Pokazali\u015bmy naszym partnerom wa\u017cne historycznie i kulturowo miejsca w Poznaniu, tj. najpi\u0119kniejszy mural w Polsce, Katedr\u0119 i jej podziemia, Zamek Kr\u00f3lewski, Far\u0119 oraz Stary Rynek. Zwiedzili\u015bmy tez Muzeum Rogala.<\/div>\n<div dir=\"auto\">Po po\u0142udniu odby\u0142y si\u0119 inspiruj\u0105ce warsztaty w duchu zero waste. 5R \u2013 Refuse, Reduce, Recycle, Reuse and Rot \u2013 Odmawiaj, Redukuj, Segreguj, U\u017cyj ponownie i Kompostuj \u2013 oto 5 zasad, kt\u00f3re sobie przypomnieli\u015bmy i zgodnie z jedn\u0105 z nich NADALI\u015aMY NOWE ZYCIE puszkom, gazetom i kartonom, z kt\u00f3rych powsta\u0142y pojemniki na przybory papiernicze oraz ozdobne ramki do fotografii.<\/div>\n<div dir=\"auto\">Nasi go\u015bcie przedstawili nam \u015bwietne pomys\u0142y zwi\u0105zane z zagospodarowaniem plastiku \u2013 podziwiali\u015bmy obrazy stworzone z jego u\u017cyciem.<\/div>\n<div dir=\"auto\"><img fetchpriority=\"high\" decoding=\"async\" class=\"alignnone size-medium wp-image-1665\" src=\"http:\/\/www.moderneducation.eu\/wp-content\/uploads\/2022\/06\/FB_IMG_1648327861056-300x226.jpeg\" alt=\"\" width=\"300\" height=\"226\" srcset=\"https:\/\/www.moderneducation.eu\/wp-content\/uploads\/2022\/06\/FB_IMG_1648327861056-300x226.jpeg 300w, https:\/\/www.moderneducation.eu\/wp-content\/uploads\/2022\/06\/FB_IMG_1648327861056.jpeg 720w\" sizes=\"(max-width: 300px) 100vw, 300px\" \/> <img decoding=\"async\" class=\"alignnone size-medium wp-image-1666\" src=\"http:\/\/www.moderneducation.eu\/wp-content\/uploads\/2022\/06\/FB_IMG_1648327863653-300x226.jpeg\" alt=\"\" width=\"300\" height=\"226\" srcset=\"https:\/\/www.moderneducation.eu\/wp-content\/uploads\/2022\/06\/FB_IMG_1648327863653-300x226.jpeg 300w, https:\/\/www.moderneducation.eu\/wp-content\/uploads\/2022\/06\/FB_IMG_1648327863653.jpeg 720w\" sizes=\"(max-width: 300px) 100vw, 300px\" \/> <img decoding=\"async\" class=\"alignnone size-medium wp-image-1667\" src=\"http:\/\/www.moderneducation.eu\/wp-content\/uploads\/2022\/06\/FB_IMG_1648327866400-300x225.jpeg\" alt=\"\" width=\"300\" height=\"225\" srcset=\"https:\/\/www.moderneducation.eu\/wp-content\/uploads\/2022\/06\/FB_IMG_1648327866400-300x225.jpeg 300w, https:\/\/www.moderneducation.eu\/wp-content\/uploads\/2022\/06\/FB_IMG_1648327866400.jpeg 720w\" sizes=\"(max-width: 300px) 100vw, 300px\" \/> <img loading=\"lazy\" decoding=\"async\" class=\"alignnone size-medium wp-image-1668\" src=\"http:\/\/www.moderneducation.eu\/wp-content\/uploads\/2022\/06\/FB_IMG_1648327869167-300x225.jpeg\" alt=\"\" width=\"300\" height=\"225\" srcset=\"https:\/\/www.moderneducation.eu\/wp-content\/uploads\/2022\/06\/FB_IMG_1648327869167-300x225.jpeg 300w, https:\/\/www.moderneducation.eu\/wp-content\/uploads\/2022\/06\/FB_IMG_1648327869167.jpeg 720w\" sizes=\"(max-width: 300px) 100vw, 300px\" \/> <img loading=\"lazy\" decoding=\"async\" class=\"alignnone size-medium wp-image-1669\" src=\"http:\/\/www.moderneducation.eu\/wp-content\/uploads\/2022\/06\/FB_IMG_1648327871930-300x226.jpeg\" alt=\"\" width=\"300\" height=\"226\" srcset=\"https:\/\/www.moderneducation.eu\/wp-content\/uploads\/2022\/06\/FB_IMG_1648327871930-300x226.jpeg 300w, https:\/\/www.moderneducation.eu\/wp-content\/uploads\/2022\/06\/FB_IMG_1648327871930.jpeg 720w\" sizes=\"(max-width: 300px) 100vw, 300px\" \/> <img loading=\"lazy\" decoding=\"async\" class=\"alignnone size-medium wp-image-1670\" src=\"http:\/\/www.moderneducation.eu\/wp-content\/uploads\/2022\/06\/FB_IMG_1648327874096-300x226.jpeg\" alt=\"\" width=\"300\" height=\"226\" srcset=\"https:\/\/www.moderneducation.eu\/wp-content\/uploads\/2022\/06\/FB_IMG_1648327874096-300x226.jpeg 300w, https:\/\/www.moderneducation.eu\/wp-content\/uploads\/2022\/06\/FB_IMG_1648327874096.jpeg 720w\" sizes=\"(max-width: 300px) 100vw, 300px\" \/> <img loading=\"lazy\" decoding=\"async\" class=\"alignnone size-medium wp-image-1671\" src=\"http:\/\/www.moderneducation.eu\/wp-content\/uploads\/2022\/06\/FB_IMG_1648327876528-300x226.jpeg\" alt=\"\" width=\"300\" height=\"226\" srcset=\"https:\/\/www.moderneducation.eu\/wp-content\/uploads\/2022\/06\/FB_IMG_1648327876528-300x226.jpeg 300w, https:\/\/www.moderneducation.eu\/wp-content\/uploads\/2022\/06\/FB_IMG_1648327876528.jpeg 720w\" sizes=\"(max-width: 300px) 100vw, 300px\" \/> <img loading=\"lazy\" decoding=\"async\" class=\"alignnone size-medium wp-image-1672\" src=\"http:\/\/www.moderneducation.eu\/wp-content\/uploads\/2022\/06\/FB_IMG_1648327878958-300x225.jpeg\" alt=\"\" width=\"300\" height=\"225\" srcset=\"https:\/\/www.moderneducation.eu\/wp-content\/uploads\/2022\/06\/FB_IMG_1648327878958-300x225.jpeg 300w, https:\/\/www.moderneducation.eu\/wp-content\/uploads\/2022\/06\/FB_IMG_1648327878958.jpeg 720w\" sizes=\"(max-width: 300px) 100vw, 300px\" \/> <img loading=\"lazy\" decoding=\"async\" class=\"alignnone size-medium wp-image-1673\" src=\"http:\/\/www.moderneducation.eu\/wp-content\/uploads\/2022\/06\/FB_IMG_1648327881493-1-300x225.jpeg\" alt=\"\" width=\"300\" height=\"225\" srcset=\"https:\/\/www.moderneducation.eu\/wp-content\/uploads\/2022\/06\/FB_IMG_1648327881493-1-300x225.jpeg 300w, https:\/\/www.moderneducation.eu\/wp-content\/uploads\/2022\/06\/FB_IMG_1648327881493-1.jpeg 720w\" sizes=\"(max-width: 300px) 100vw, 300px\" \/> <img loading=\"lazy\" decoding=\"async\" class=\"alignnone size-medium wp-image-1674\" src=\"http:\/\/www.moderneducation.eu\/wp-content\/uploads\/2022\/06\/FB_IMG_1648327881493-300x225.jpeg\" alt=\"\" width=\"300\" height=\"225\" srcset=\"https:\/\/www.moderneducation.eu\/wp-content\/uploads\/2022\/06\/FB_IMG_1648327881493-300x225.jpeg 300w, https:\/\/www.moderneducation.eu\/wp-content\/uploads\/2022\/06\/FB_IMG_1648327881493.jpeg 720w\" sizes=\"(max-width: 300px) 100vw, 300px\" \/><\/div>\n<\/div><\/div>","protected":false},"excerpt":{"rendered":"<p>Kolejny dzie\u0144 pe\u0142en wra\u017ce\u0144. Pokazali\u015bmy naszym partnerom wa\u017cne historycznie i kulturowo miejsca w Poznaniu, tj. najpi\u0119kniejszy mural w Polsce, Katedr\u0119 i jej podziemia, Zamek Kr\u00f3lewski, Far\u0119 oraz Stary Rynek. Zwiedzili\u015bmy tez Muzeum Rogala. Po po\u0142udniu odby\u0142y si\u0119 inspiruj\u0105ce warsztaty w <a href=\"https:\/\/www.moderneducation.eu\/?page_id=1664\" class=\"read-more\">Read More &#8230;<\/a><\/p>\n","protected":false},"author":1,"featured_media":0,"parent":0,"menu_order":0,"comment_status":"closed","ping_status":"closed","template":"","meta":{"footnotes":""},"class_list":["post-1664","page","type-page","status-publish","hentry"],"_links":{"self":[{"href":"https:\/\/www.moderneducation.eu\/index.php?rest_route=\/wp\/v2\/pages\/1664","targetHints":{"allow":["GET"]}}],"collection":[{"href":"https:\/\/www.moderneducation.eu\/index.php?rest_route=\/wp\/v2\/pages"}],"about":[{"href":"https:\/\/www.moderneducation.eu\/index.php?rest_route=\/wp\/v2\/types\/page"}],"author":[{"embeddable":true,"href":"https:\/\/www.moderneducation.eu\/index.php?rest_route=\/wp\/v2\/users\/1"}],"replies":[{"embeddable":true,"href":"https:\/\/www.moderneducation.eu\/index.php?rest_route=%2Fwp%2Fv2%2Fcomments&post=1664"}],"version-history":[{"count":1,"href":"https:\/\/www.moderneducation.eu\/index.php?rest_route=\/wp\/v2\/pages\/1664\/revisions"}],"predecessor-version":[{"id":1675,"href":"https:\/\/www.moderneducation.eu\/index.php?rest_route=\/wp\/v2\/pages\/1664\/revisions\/1675"}],"wp:attachment":[{"href":"https:\/\/www.moderneducation.eu\/index.php?rest_route=%2Fwp%2Fv2%2Fmedia&parent=1664"}],"curies":[{"name":"wp","href":"https:\/\/api.w.org\/{rel}","templated":true}]}}