{"id":1746,"date":"2022-06-23T17:07:48","date_gmt":"2022-06-23T15:07:48","guid":{"rendered":"http:\/\/www.moderneducation.eu\/?page_id=1746"},"modified":"2022-06-23T17:07:48","modified_gmt":"2022-06-23T15:07:48","slug":"czwarty-dzien-wymiany-3","status":"publish","type":"page","link":"https:\/\/www.moderneducation.eu\/?page_id=1746","title":{"rendered":"Czwarty dzie\u0144 wymiany"},"content":{"rendered":"<div id=\"dslc-theme-content\"><div id=\"dslc-theme-content-inner\"><p><span class=\"JsGRdQ\">Czwarty dzie\u0144 sp\u0119dzili\u015bmy we Wroc\u0142awiu. Panie z Urz\u0119du Miasta pokaza\u0142y nam, jak Wroc\u0142aw wdra\u017ca ide\u0119 wykorzystywania deszcz\u00f3wki, jad\u0142odzielni, ogr\u00f3dk\u00f3w szkolnych, zielonych \u015bcian oraz zagospodarowania teren\u00f3w zgodnie z potrzebami \u015brodowiska i mieszka\u0144c\u00f3w miasta. To by\u0142 na prawd\u0119 pouczaj\u0105cy dzie\u0144. Zaliczyli\u015bmy te\u017c spontaniczny koncert i ta\u0144ce na Wroc\u0142awskim Rynku.<\/span><\/p>\n<p><img fetchpriority=\"high\" decoding=\"async\" class=\"alignnone size-medium wp-image-1747\" src=\"http:\/\/www.moderneducation.eu\/wp-content\/uploads\/2022\/06\/dfc01677-90c8-4822-86e6-f081964e08cf-2-300x225.jpg\" alt=\"\" width=\"300\" height=\"225\" srcset=\"https:\/\/www.moderneducation.eu\/wp-content\/uploads\/2022\/06\/dfc01677-90c8-4822-86e6-f081964e08cf-2-300x225.jpg 300w, https:\/\/www.moderneducation.eu\/wp-content\/uploads\/2022\/06\/dfc01677-90c8-4822-86e6-f081964e08cf-2-768x576.jpg 768w, https:\/\/www.moderneducation.eu\/wp-content\/uploads\/2022\/06\/dfc01677-90c8-4822-86e6-f081964e08cf-2-1024x768.jpg 1024w, https:\/\/www.moderneducation.eu\/wp-content\/uploads\/2022\/06\/dfc01677-90c8-4822-86e6-f081964e08cf-2.jpg 1600w\" sizes=\"(max-width: 300px) 100vw, 300px\" \/> <img decoding=\"async\" class=\"alignnone size-medium wp-image-1748\" src=\"http:\/\/www.moderneducation.eu\/wp-content\/uploads\/2022\/06\/IMG_6176-225x300.jpg\" alt=\"\" width=\"225\" height=\"300\" srcset=\"https:\/\/www.moderneducation.eu\/wp-content\/uploads\/2022\/06\/IMG_6176-225x300.jpg 225w, https:\/\/www.moderneducation.eu\/wp-content\/uploads\/2022\/06\/IMG_6176.jpg 720w\" sizes=\"(max-width: 225px) 100vw, 225px\" \/> <img decoding=\"async\" class=\"alignnone size-medium wp-image-1749\" src=\"http:\/\/www.moderneducation.eu\/wp-content\/uploads\/2022\/06\/IMG_6185-300x225.jpg\" alt=\"\" width=\"300\" height=\"225\" srcset=\"https:\/\/www.moderneducation.eu\/wp-content\/uploads\/2022\/06\/IMG_6185-300x225.jpg 300w, https:\/\/www.moderneducation.eu\/wp-content\/uploads\/2022\/06\/IMG_6185-768x576.jpg 768w, https:\/\/www.moderneducation.eu\/wp-content\/uploads\/2022\/06\/IMG_6185.jpg 960w\" sizes=\"(max-width: 300px) 100vw, 300px\" \/> <img loading=\"lazy\" decoding=\"async\" class=\"alignnone size-medium wp-image-1750\" src=\"http:\/\/www.moderneducation.eu\/wp-content\/uploads\/2022\/06\/IMG_6186-300x225.jpg\" alt=\"\" width=\"300\" height=\"225\" srcset=\"https:\/\/www.moderneducation.eu\/wp-content\/uploads\/2022\/06\/IMG_6186-300x225.jpg 300w, https:\/\/www.moderneducation.eu\/wp-content\/uploads\/2022\/06\/IMG_6186-768x577.jpg 768w, https:\/\/www.moderneducation.eu\/wp-content\/uploads\/2022\/06\/IMG_6186.jpg 960w\" sizes=\"(max-width: 300px) 100vw, 300px\" \/> <a href=\"http:\/\/www.moderneducation.eu\/wp-content\/uploads\/2022\/06\/IMG_6167.mov\">IMG_6167<\/a> <img loading=\"lazy\" decoding=\"async\" class=\"alignnone size-medium wp-image-1752\" src=\"http:\/\/www.moderneducation.eu\/wp-content\/uploads\/2022\/06\/IMG_6150-2-300x225.jpg\" alt=\"\" width=\"300\" height=\"225\" srcset=\"https:\/\/www.moderneducation.eu\/wp-content\/uploads\/2022\/06\/IMG_6150-2-300x225.jpg 300w, https:\/\/www.moderneducation.eu\/wp-content\/uploads\/2022\/06\/IMG_6150-2-768x576.jpg 768w, https:\/\/www.moderneducation.eu\/wp-content\/uploads\/2022\/06\/IMG_6150-2-1024x768.jpg 1024w\" sizes=\"(max-width: 300px) 100vw, 300px\" \/> <img loading=\"lazy\" decoding=\"async\" class=\"alignnone size-medium wp-image-1753\" src=\"http:\/\/www.moderneducation.eu\/wp-content\/uploads\/2022\/06\/20220324_110501-300x225.jpeg\" alt=\"\" width=\"300\" height=\"225\" srcset=\"https:\/\/www.moderneducation.eu\/wp-content\/uploads\/2022\/06\/20220324_110501-300x225.jpeg 300w, https:\/\/www.moderneducation.eu\/wp-content\/uploads\/2022\/06\/20220324_110501-768x576.jpeg 768w, https:\/\/www.moderneducation.eu\/wp-content\/uploads\/2022\/06\/20220324_110501-1024x768.jpeg 1024w\" sizes=\"(max-width: 300px) 100vw, 300px\" \/> <img loading=\"lazy\" decoding=\"async\" class=\"alignnone size-medium wp-image-1754\" src=\"http:\/\/www.moderneducation.eu\/wp-content\/uploads\/2022\/06\/20220324_110316-300x225.jpeg\" alt=\"\" width=\"300\" height=\"225\" srcset=\"https:\/\/www.moderneducation.eu\/wp-content\/uploads\/2022\/06\/20220324_110316-300x225.jpeg 300w, https:\/\/www.moderneducation.eu\/wp-content\/uploads\/2022\/06\/20220324_110316-768x576.jpeg 768w, https:\/\/www.moderneducation.eu\/wp-content\/uploads\/2022\/06\/20220324_110316-1024x768.jpeg 1024w\" sizes=\"(max-width: 300px) 100vw, 300px\" \/><\/p>\n<\/div><\/div>","protected":false},"excerpt":{"rendered":"<p>Czwarty dzie\u0144 sp\u0119dzili\u015bmy we Wroc\u0142awiu. Panie z Urz\u0119du Miasta pokaza\u0142y nam, jak Wroc\u0142aw wdra\u017ca ide\u0119 wykorzystywania deszcz\u00f3wki, jad\u0142odzielni, ogr\u00f3dk\u00f3w szkolnych, zielonych \u015bcian oraz zagospodarowania teren\u00f3w zgodnie z potrzebami \u015brodowiska i mieszka\u0144c\u00f3w miasta. To by\u0142 na prawd\u0119 pouczaj\u0105cy dzie\u0144. Zaliczyli\u015bmy te\u017c <a href=\"https:\/\/www.moderneducation.eu\/?page_id=1746\" class=\"read-more\">Read More &#8230;<\/a><\/p>\n","protected":false},"author":1,"featured_media":0,"parent":0,"menu_order":0,"comment_status":"closed","ping_status":"closed","template":"","meta":{"footnotes":""},"class_list":["post-1746","page","type-page","status-publish","hentry"],"_links":{"self":[{"href":"https:\/\/www.moderneducation.eu\/index.php?rest_route=\/wp\/v2\/pages\/1746","targetHints":{"allow":["GET"]}}],"collection":[{"href":"https:\/\/www.moderneducation.eu\/index.php?rest_route=\/wp\/v2\/pages"}],"about":[{"href":"https:\/\/www.moderneducation.eu\/index.php?rest_route=\/wp\/v2\/types\/page"}],"author":[{"embeddable":true,"href":"https:\/\/www.moderneducation.eu\/index.php?rest_route=\/wp\/v2\/users\/1"}],"replies":[{"embeddable":true,"href":"https:\/\/www.moderneducation.eu\/index.php?rest_route=%2Fwp%2Fv2%2Fcomments&post=1746"}],"version-history":[{"count":1,"href":"https:\/\/www.moderneducation.eu\/index.php?rest_route=\/wp\/v2\/pages\/1746\/revisions"}],"predecessor-version":[{"id":1755,"href":"https:\/\/www.moderneducation.eu\/index.php?rest_route=\/wp\/v2\/pages\/1746\/revisions\/1755"}],"wp:attachment":[{"href":"https:\/\/www.moderneducation.eu\/index.php?rest_route=%2Fwp%2Fv2%2Fmedia&parent=1746"}],"curies":[{"name":"wp","href":"https:\/\/api.w.org\/{rel}","templated":true}]}}