{"id":1961,"date":"2022-07-06T12:10:52","date_gmt":"2022-07-06T10:10:52","guid":{"rendered":"http:\/\/www.moderneducation.eu\/?page_id=1961"},"modified":"2022-07-06T13:38:14","modified_gmt":"2022-07-06T11:38:14","slug":"19-high-school-elin-pelinsofia-bulgaria-2","status":"publish","type":"page","link":"https:\/\/www.moderneducation.eu\/?page_id=1961","title":{"rendered":"19 HIGH SCHOOL ELIN PELIN &#8211; SOFIA, BULGARIA"},"content":{"rendered":"<div id=\"dslc-theme-content\"><div id=\"dslc-theme-content-inner\">\n<figure class=\"wp-block-image\"><img fetchpriority=\"high\" decoding=\"async\" width=\"308\" height=\"308\" src=\"http:\/\/www.moderneducation.eu\/wp-content\/uploads\/2022\/07\/logo-Elin-Pelin-Bu\u0142garia.jpeg\" alt=\"\" class=\"wp-image-1971\" srcset=\"https:\/\/www.moderneducation.eu\/wp-content\/uploads\/2022\/07\/logo-Elin-Pelin-Bu\u0142garia.jpeg 308w, https:\/\/www.moderneducation.eu\/wp-content\/uploads\/2022\/07\/logo-Elin-Pelin-Bu\u0142garia-150x150.jpeg 150w, https:\/\/www.moderneducation.eu\/wp-content\/uploads\/2022\/07\/logo-Elin-Pelin-Bu\u0142garia-300x300.jpeg 300w\" sizes=\"(max-width: 308px) 100vw, 308px\" \/><\/figure>\n\n\n<p><span class=\"Y2IQFc\" lang=\"pl\" style=\"font-family: 'Comic Sans MS', sans-serif;\">19 Szko\u0142a \u201eElin Pelin\u201d oferuje kszta\u0142cenie na poziomie podstawowym i \u015brednim w zakresie przedsi\u0119biorczo\u015bci i biznesu, a tak\u017ce nauk\u0119 j\u0119zyk\u00f3w (angielski, niemiecki, du\u0144ski i norweski). Jeste\u015bmy pierwsz\u0105 i jedyn\u0105 szko\u0142\u0105 w Bu\u0142garii, kt\u00f3ra uczy j\u0119zyka norweskiego i du\u0144skiego. Wsp\u00f3\u0142pracujemy z PACSH, instytutem Goethego, Cambridge, America for Bulgaria Foundation, Junior Achievement Bg, Telenor, Greco i wieloma uczelniami wy\u017cszymi. W szkole uczy si\u0119 oko\u0142o 1100 uczni\u00f3w w wieku 7-18 lat, pracuje oko\u0142o 100 nauczycieli. Szko\u0142a jest jedn\u0105 z pierwszych innowacyjnych szk\u00f3\u0142 zatwierdzonych przez Ministerstwo Edukacji i Nauki w Bu\u0142garii i jest jedn\u0105 z najwi\u0119kszych szk\u00f3\u0142 w Sofii, stolicy Bu\u0142garii. Naszym celem jest kszta\u0142cenie m\u0142odych lider\u00f3w posiadaj\u0105cych szerok\u0105 gam\u0119 kompetencji oraz rozw\u00f3j umiej\u0119tno\u015bci zwi\u0105zanych z przedsi\u0119biorczo\u015bci\u0105 i dzia\u0142alno\u015bci\u0105 gospodarcz\u0105. Dlatego dok\u0142adamy wszelkich stara\u0144, aby zaanga\u017cowa\u0107 student\u00f3w w tw\u00f3rcze uczestnictwo w zaj\u0119ciach. Nasi uczniowie to zmotywowani m\u0142odzi ludzie, kt\u00f3rzy maj\u0105 jasn\u0105 wizj\u0119 swojej przysz\u0142o\u015bci i d\u0105\u017c\u0105 do tego, aby by\u0107 wystarczaj\u0105co konkurencyjnymi w d\u0142u\u017cszej perspektywie czasu, aby zaspokoi\u0107 potrzeby spo\u0142ecze\u0144stwa, w kt\u00f3rym \u017cyj\u0105. <\/span>\n<\/p>\n<pre id=\"tw-target-text\" class=\"tw-data-text tw-text-large tw-ta\" dir=\"ltr\" data-placeholder=\"T\u0142umaczenie\"><\/pre><\/div><\/div>","protected":false},"excerpt":{"rendered":"<p>19 Szko\u0142a \u201eElin Pelin\u201d oferuje kszta\u0142cenie na poziomie podstawowym i \u015brednim w zakresie przedsi\u0119biorczo\u015bci i biznesu, a tak\u017ce nauk\u0119 j\u0119zyk\u00f3w (angielski, niemiecki, du\u0144ski i norweski). Jeste\u015bmy pierwsz\u0105 i jedyn\u0105 szko\u0142\u0105 w Bu\u0142garii, kt\u00f3ra uczy j\u0119zyka norweskiego i du\u0144skiego. Wsp\u00f3\u0142pracujemy z <a href=\"https:\/\/www.moderneducation.eu\/?page_id=1961\" class=\"read-more\">Read More &#8230;<\/a><\/p>\n","protected":false},"author":1,"featured_media":0,"parent":0,"menu_order":0,"comment_status":"closed","ping_status":"closed","template":"","meta":{"footnotes":""},"class_list":["post-1961","page","type-page","status-publish","hentry"],"_links":{"self":[{"href":"https:\/\/www.moderneducation.eu\/index.php?rest_route=\/wp\/v2\/pages\/1961","targetHints":{"allow":["GET"]}}],"collection":[{"href":"https:\/\/www.moderneducation.eu\/index.php?rest_route=\/wp\/v2\/pages"}],"about":[{"href":"https:\/\/www.moderneducation.eu\/index.php?rest_route=\/wp\/v2\/types\/page"}],"author":[{"embeddable":true,"href":"https:\/\/www.moderneducation.eu\/index.php?rest_route=\/wp\/v2\/users\/1"}],"replies":[{"embeddable":true,"href":"https:\/\/www.moderneducation.eu\/index.php?rest_route=%2Fwp%2Fv2%2Fcomments&post=1961"}],"version-history":[{"count":6,"href":"https:\/\/www.moderneducation.eu\/index.php?rest_route=\/wp\/v2\/pages\/1961\/revisions"}],"predecessor-version":[{"id":1997,"href":"https:\/\/www.moderneducation.eu\/index.php?rest_route=\/wp\/v2\/pages\/1961\/revisions\/1997"}],"wp:attachment":[{"href":"https:\/\/www.moderneducation.eu\/index.php?rest_route=%2Fwp%2Fv2%2Fmedia&parent=1961"}],"curies":[{"name":"wp","href":"https:\/\/api.w.org\/{rel}","templated":true}]}}