{"id":295,"date":"2016-05-23T10:11:32","date_gmt":"2016-05-23T08:11:32","guid":{"rendered":"http:\/\/www.moderneducation.eu\/?page_id=295"},"modified":"2016-05-23T10:11:32","modified_gmt":"2016-05-23T08:11:32","slug":"glogster","status":"publish","type":"page","link":"https:\/\/www.moderneducation.eu\/?page_id=295","title":{"rendered":"GLOGSTER"},"content":{"rendered":"<div id=\"dslc-theme-content\"><div id=\"dslc-theme-content-inner\"><p><img fetchpriority=\"high\" decoding=\"async\" class=\"alignnone size-full wp-image-147\" src=\"http:\/\/www.moderneducation.eu\/wp-content\/uploads\/2016\/02\/Glogster_EDU_Logo.png\" alt=\"Glogster_EDU_Logo\" width=\"2563\" height=\"507\" srcset=\"https:\/\/www.moderneducation.eu\/wp-content\/uploads\/2016\/02\/Glogster_EDU_Logo.png 2563w, https:\/\/www.moderneducation.eu\/wp-content\/uploads\/2016\/02\/Glogster_EDU_Logo-300x59.png 300w, https:\/\/www.moderneducation.eu\/wp-content\/uploads\/2016\/02\/Glogster_EDU_Logo-768x152.png 768w, https:\/\/www.moderneducation.eu\/wp-content\/uploads\/2016\/02\/Glogster_EDU_Logo-1024x203.png 1024w, https:\/\/www.moderneducation.eu\/wp-content\/uploads\/2016\/02\/Glogster_EDU_Logo-100x20.png 100w, https:\/\/www.moderneducation.eu\/wp-content\/uploads\/2016\/02\/Glogster_EDU_Logo-150x30.png 150w, https:\/\/www.moderneducation.eu\/wp-content\/uploads\/2016\/02\/Glogster_EDU_Logo-200x40.png 200w, https:\/\/www.moderneducation.eu\/wp-content\/uploads\/2016\/02\/Glogster_EDU_Logo-450x89.png 450w, https:\/\/www.moderneducation.eu\/wp-content\/uploads\/2016\/02\/Glogster_EDU_Logo-600x119.png 600w, https:\/\/www.moderneducation.eu\/wp-content\/uploads\/2016\/02\/Glogster_EDU_Logo-900x178.png 900w\" sizes=\"(max-width: 2563px) 100vw, 2563px\" \/><\/p>\n<p style=\"text-align: justify;\"><span style=\"color: #008000;\"><strong><span style=\"font-family: Comic Sans MS,sans-serif;\">GLOGSTER to ciekawy pomys\u0142 na to, jak zrobi\u0107 interaktywny plakat lub baner (cz\u0119sto wykorzystywane przy realizacji projekt\u00f3w edukacyjnych). Poszczeg\u00f3lne cz\u0119\u015bci plakatu (obrazki, teksty a nawet filmy, np. z YouTube) mog\u0105 odsy\u0142a\u0107 do stron zawieraj\u0105cych wi\u0119cej informacji. Mo\u017cna dodawa\u0107 wypowied\u017a d\u017awi\u0119kow\u0105 i muzyk\u0119. Glogster EDU &#8211; r\u00f3\u017cni si\u0119 od wersji podstawowej, wykorzystywanej przez indywidualnych u\u017cytkownik\u00f3w &#8211; mi\u0119dzy innymi tym, \u017ce zalogowany nauczyciel mo\u017ce tworzy\u0107 wirtualne klasy dla swoich uczni\u00f3w &#8211; ca\u0142e spo\u0142eczno\u015bci, wykorzystuj\u0105ce Glogster w edukacji.<\/span><\/strong><\/span><\/p>\n<p style=\"text-align: justify;\"><strong><span style=\"font-family: Comic Sans MS,sans-serif; color: #993366;\">W naszym projekcie GLOGSTER zajmuje bardzo wa\u017cne miejsce. S\u0142u\u017cy jako miesi\u0119czny raport z dzia\u0142a\u0144 ka\u017cdego z partner\u00f3w. Ponadto wykorzystywany jest przez uczestnik\u00f3w projektu jako mo\u017cliwo\u015b\u0107 innowacyjnej prezentacji wynik\u00f3w gry miejskiej, kroniki mi\u0119dzynarodowej wymiany uczni\u00f3w, czy wreszcie interaktywnego pokazu kultury w\u0142asnego kraju.<\/span><\/strong><\/p>\n<p style=\"text-align: justify;\"><strong><span style=\"font-family: Comic Sans MS,sans-serif; color: #993366;\">Oto nasze dotychczasowe GLOGI \ud83d\ude42<\/span><\/strong><\/p>\n<p><code><iframe src=\"http:\/\/edu.glogster.com\/\/glog\/47598657\" width=\"650\" height=\"480\" frameborder=\"0\" marginwidth=\"0\" marginheight=\"0\" scrolling=\"no\"><\/iframe><code><\/code><\/code><\/p>\n<p><code><iframe src=\"http:\/\/edu.glogster.com\/\/glog\/47879755\" width=\"650\" height=\"480\" frameborder=\"0\" marginwidth=\"0\" marginheight=\"0\" scrolling=\"no\"><\/iframe><code><\/code><\/code><\/p>\n<p><code><iframe src=\"http:\/\/edu.glogster.com\/\/glog\/47598653\" width=\"480\" height=\"650\" frameborder=\"0\" marginwidth=\"0\" marginheight=\"0\" scrolling=\"no\"><\/iframe><code><\/code><\/code><\/p>\n<p><code><iframe src=\"http:\/\/edu.glogster.com\/\/glog\/49023505\" width=\"480\" height=\"650\" frameborder=\"0\" marginwidth=\"0\" marginheight=\"0\" scrolling=\"no\"><\/iframe><code><\/code><\/code><\/p>\n<p><code><iframe src=\"http:\/\/edu.glogster.com\/\/glog\/48810692\" width=\"650\" height=\"480\" frameborder=\"0\" marginwidth=\"0\" marginheight=\"0\" scrolling=\"no\"><\/iframe><code><\/code><\/code><\/p>\n<p><code><iframe src=\"http:\/\/edu.glogster.com\/\/glog\/49006283\" width=\"650\" height=\"480\" frameborder=\"0\" marginwidth=\"0\" marginheight=\"0\" scrolling=\"no\"><\/iframe><code><\/code><\/code><\/p>\n<p><code><iframe src=\"http:\/\/edu.glogster.com\/\/glog\/49283286\" width=\"650\" height=\"480\" frameborder=\"0\" marginwidth=\"0\" marginheight=\"0\" scrolling=\"no\"><\/iframe><code><\/code><\/code><\/p>\n<\/div><\/div>","protected":false},"excerpt":{"rendered":"<p>GLOGSTER to ciekawy pomys\u0142 na to, jak zrobi\u0107 interaktywny plakat lub baner (cz\u0119sto wykorzystywane przy realizacji projekt\u00f3w edukacyjnych). Poszczeg\u00f3lne cz\u0119\u015bci plakatu (obrazki, teksty a nawet filmy, np. z YouTube) mog\u0105 odsy\u0142a\u0107 do stron zawieraj\u0105cych wi\u0119cej informacji. Mo\u017cna dodawa\u0107 wypowied\u017a d\u017awi\u0119kow\u0105 <a href=\"https:\/\/www.moderneducation.eu\/?page_id=295\" class=\"read-more\">Read More &#8230;<\/a><\/p>\n","protected":false},"author":1,"featured_media":0,"parent":0,"menu_order":0,"comment_status":"closed","ping_status":"closed","template":"","meta":{"footnotes":""},"class_list":["post-295","page","type-page","status-publish","hentry"],"_links":{"self":[{"href":"https:\/\/www.moderneducation.eu\/index.php?rest_route=\/wp\/v2\/pages\/295","targetHints":{"allow":["GET"]}}],"collection":[{"href":"https:\/\/www.moderneducation.eu\/index.php?rest_route=\/wp\/v2\/pages"}],"about":[{"href":"https:\/\/www.moderneducation.eu\/index.php?rest_route=\/wp\/v2\/types\/page"}],"author":[{"embeddable":true,"href":"https:\/\/www.moderneducation.eu\/index.php?rest_route=\/wp\/v2\/users\/1"}],"replies":[{"embeddable":true,"href":"https:\/\/www.moderneducation.eu\/index.php?rest_route=%2Fwp%2Fv2%2Fcomments&post=295"}],"version-history":[{"count":1,"href":"https:\/\/www.moderneducation.eu\/index.php?rest_route=\/wp\/v2\/pages\/295\/revisions"}],"predecessor-version":[{"id":296,"href":"https:\/\/www.moderneducation.eu\/index.php?rest_route=\/wp\/v2\/pages\/295\/revisions\/296"}],"wp:attachment":[{"href":"https:\/\/www.moderneducation.eu\/index.php?rest_route=%2Fwp%2Fv2%2Fmedia&parent=295"}],"curies":[{"name":"wp","href":"https:\/\/api.w.org\/{rel}","templated":true}]}}