{"id":3033,"date":"2024-04-06T08:00:00","date_gmt":"2024-04-06T06:00:00","guid":{"rendered":"https:\/\/www.moderneducation.eu\/?page_id=3033"},"modified":"2024-05-05T11:49:20","modified_gmt":"2024-05-05T09:49:20","slug":"wizyta-marii-i-anny-z-castiglion-fiorentino-2","status":"publish","type":"page","link":"https:\/\/www.moderneducation.eu\/?page_id=3033","title":{"rendered":"Wizyta Marii i Anny z Castiglion Fiorentino"},"content":{"rendered":"<div id=\"dslc-theme-content\"><div id=\"dslc-theme-content-inner\"><p>Bardzo si\u0119 cieszymy, \u017ce od \u015brody przez najbli\u017csze 30 dni b\u0119dziemy go\u015bci\u0107 w naszej szkole dwie uczennice z W\u0142och &#8211; Mari\u0119 i Ann\u0119. Dziewczyny przyjecha\u0142y do nas z Castiglion Fiorentino w ramach wymiany d\u0142ugoterminowej Erasmus+. Bardzo dzi\u0119kujemy rodzinom Tosi i Igora z 2b za ciep\u0142e przyj\u0119cie oraz Paniom Agnieszce Brojek i Annalisie Lucani za wczorajsz\u0105 wycieczk\u0119 po Poznaniu <span class=\"x3nfvp2 x1j61x8r x1fcty0u xdj266r xhhsvwb xat24cr xgzva0m xxymvpz xlup9mm x1kky2od\"><img decoding=\"async\" class=\"xz74otr\" src=\"https:\/\/static.xx.fbcdn.net\/images\/emoji.php\/v9\/t58\/1\/16\/1f929.png\" alt=\"\ud83e\udd29\" width=\"16\" height=\"16\" \/><\/span><\/p>\n<div id='gallery-1' class='gallery galleryid-3033 gallery-columns-3 gallery-size-medium'><figure class='gallery-item'>\n\t\t\t<div class='gallery-icon portrait'>\n\t\t\t\t<a href='https:\/\/www.moderneducation.eu\/?attachment_id=3038'><img fetchpriority=\"high\" decoding=\"async\" width=\"286\" height=\"300\" src=\"https:\/\/www.moderneducation.eu\/wp-content\/uploads\/2024\/05\/strona-castiglion-fiorentino-1-286x300.jpg\" class=\"attachment-medium size-medium\" alt=\"\" srcset=\"https:\/\/www.moderneducation.eu\/wp-content\/uploads\/2024\/05\/strona-castiglion-fiorentino-1-286x300.jpg 286w, https:\/\/www.moderneducation.eu\/wp-content\/uploads\/2024\/05\/strona-castiglion-fiorentino-1-976x1024.jpg 976w, https:\/\/www.moderneducation.eu\/wp-content\/uploads\/2024\/05\/strona-castiglion-fiorentino-1-768x806.jpg 768w, https:\/\/www.moderneducation.eu\/wp-content\/uploads\/2024\/05\/strona-castiglion-fiorentino-1.jpg 1349w\" sizes=\"(max-width: 286px) 100vw, 286px\" \/><\/a>\n\t\t\t<\/div><\/figure><figure class='gallery-item'>\n\t\t\t<div class='gallery-icon landscape'>\n\t\t\t\t<a href='https:\/\/www.moderneducation.eu\/?attachment_id=3034'><img decoding=\"async\" width=\"300\" height=\"300\" src=\"https:\/\/www.moderneducation.eu\/wp-content\/uploads\/2024\/05\/str-cf-5-1-300x300.jpg\" class=\"attachment-medium size-medium\" alt=\"\" srcset=\"https:\/\/www.moderneducation.eu\/wp-content\/uploads\/2024\/05\/str-cf-5-1-300x300.jpg 300w, https:\/\/www.moderneducation.eu\/wp-content\/uploads\/2024\/05\/str-cf-5-1-1024x1024.jpg 1024w, https:\/\/www.moderneducation.eu\/wp-content\/uploads\/2024\/05\/str-cf-5-1-150x150.jpg 150w, https:\/\/www.moderneducation.eu\/wp-content\/uploads\/2024\/05\/str-cf-5-1-768x768.jpg 768w, https:\/\/www.moderneducation.eu\/wp-content\/uploads\/2024\/05\/str-cf-5-1.jpg 1440w\" sizes=\"(max-width: 300px) 100vw, 300px\" \/><\/a>\n\t\t\t<\/div><\/figure><figure class='gallery-item'>\n\t\t\t<div class='gallery-icon landscape'>\n\t\t\t\t<a href='https:\/\/www.moderneducation.eu\/?attachment_id=3035'><img loading=\"lazy\" decoding=\"async\" width=\"300\" height=\"300\" src=\"https:\/\/www.moderneducation.eu\/wp-content\/uploads\/2024\/05\/str-cf-4-1-300x300.jpg\" class=\"attachment-medium size-medium\" alt=\"\" srcset=\"https:\/\/www.moderneducation.eu\/wp-content\/uploads\/2024\/05\/str-cf-4-1-300x300.jpg 300w, https:\/\/www.moderneducation.eu\/wp-content\/uploads\/2024\/05\/str-cf-4-1-1024x1024.jpg 1024w, https:\/\/www.moderneducation.eu\/wp-content\/uploads\/2024\/05\/str-cf-4-1-150x150.jpg 150w, https:\/\/www.moderneducation.eu\/wp-content\/uploads\/2024\/05\/str-cf-4-1-768x768.jpg 768w, https:\/\/www.moderneducation.eu\/wp-content\/uploads\/2024\/05\/str-cf-4-1.jpg 1440w\" sizes=\"(max-width: 300px) 100vw, 300px\" \/><\/a>\n\t\t\t<\/div><\/figure><figure class='gallery-item'>\n\t\t\t<div class='gallery-icon landscape'>\n\t\t\t\t<a href='https:\/\/www.moderneducation.eu\/?attachment_id=3037'><img loading=\"lazy\" decoding=\"async\" width=\"300\" height=\"300\" src=\"https:\/\/www.moderneducation.eu\/wp-content\/uploads\/2024\/05\/stro-c-f-1-300x300.jpg\" class=\"attachment-medium size-medium\" alt=\"\" srcset=\"https:\/\/www.moderneducation.eu\/wp-content\/uploads\/2024\/05\/stro-c-f-1-300x300.jpg 300w, https:\/\/www.moderneducation.eu\/wp-content\/uploads\/2024\/05\/stro-c-f-1-1024x1024.jpg 1024w, https:\/\/www.moderneducation.eu\/wp-content\/uploads\/2024\/05\/stro-c-f-1-150x150.jpg 150w, https:\/\/www.moderneducation.eu\/wp-content\/uploads\/2024\/05\/stro-c-f-1-768x768.jpg 768w, https:\/\/www.moderneducation.eu\/wp-content\/uploads\/2024\/05\/stro-c-f-1.jpg 1440w\" sizes=\"(max-width: 300px) 100vw, 300px\" \/><\/a>\n\t\t\t<\/div><\/figure><figure class='gallery-item'>\n\t\t\t<div class='gallery-icon landscape'>\n\t\t\t\t<a href='https:\/\/www.moderneducation.eu\/?attachment_id=3036'><img loading=\"lazy\" decoding=\"async\" width=\"300\" height=\"300\" src=\"https:\/\/www.moderneducation.eu\/wp-content\/uploads\/2024\/05\/str-cf-3-1-300x300.jpg\" class=\"attachment-medium size-medium\" alt=\"\" srcset=\"https:\/\/www.moderneducation.eu\/wp-content\/uploads\/2024\/05\/str-cf-3-1-300x300.jpg 300w, https:\/\/www.moderneducation.eu\/wp-content\/uploads\/2024\/05\/str-cf-3-1-1024x1024.jpg 1024w, https:\/\/www.moderneducation.eu\/wp-content\/uploads\/2024\/05\/str-cf-3-1-150x150.jpg 150w, https:\/\/www.moderneducation.eu\/wp-content\/uploads\/2024\/05\/str-cf-3-1-768x768.jpg 768w, https:\/\/www.moderneducation.eu\/wp-content\/uploads\/2024\/05\/str-cf-3-1.jpg 1440w\" sizes=\"(max-width: 300px) 100vw, 300px\" \/><\/a>\n\t\t\t<\/div><\/figure>\n\t\t<\/div>\n\n<\/div><\/div>","protected":false},"excerpt":{"rendered":"<p>Bardzo si\u0119 cieszymy, \u017ce od \u015brody przez najbli\u017csze 30 dni b\u0119dziemy go\u015bci\u0107 w naszej szkole dwie uczennice z W\u0142och &#8211; Mari\u0119 i Ann\u0119. Dziewczyny przyjecha\u0142y do nas z Castiglion Fiorentino w ramach wymiany d\u0142ugoterminowej Erasmus+. Bardzo dzi\u0119kujemy rodzinom Tosi i <a href=\"https:\/\/www.moderneducation.eu\/?page_id=3033\" class=\"read-more\">Read More &#8230;<\/a><\/p>\n","protected":false},"author":1,"featured_media":0,"parent":0,"menu_order":0,"comment_status":"closed","ping_status":"closed","template":"","meta":{"footnotes":""},"class_list":["post-3033","page","type-page","status-publish","hentry"],"_links":{"self":[{"href":"https:\/\/www.moderneducation.eu\/index.php?rest_route=\/wp\/v2\/pages\/3033","targetHints":{"allow":["GET"]}}],"collection":[{"href":"https:\/\/www.moderneducation.eu\/index.php?rest_route=\/wp\/v2\/pages"}],"about":[{"href":"https:\/\/www.moderneducation.eu\/index.php?rest_route=\/wp\/v2\/types\/page"}],"author":[{"embeddable":true,"href":"https:\/\/www.moderneducation.eu\/index.php?rest_route=\/wp\/v2\/users\/1"}],"replies":[{"embeddable":true,"href":"https:\/\/www.moderneducation.eu\/index.php?rest_route=%2Fwp%2Fv2%2Fcomments&post=3033"}],"version-history":[{"count":1,"href":"https:\/\/www.moderneducation.eu\/index.php?rest_route=\/wp\/v2\/pages\/3033\/revisions"}],"predecessor-version":[{"id":3039,"href":"https:\/\/www.moderneducation.eu\/index.php?rest_route=\/wp\/v2\/pages\/3033\/revisions\/3039"}],"wp:attachment":[{"href":"https:\/\/www.moderneducation.eu\/index.php?rest_route=%2Fwp%2Fv2%2Fmedia&parent=3033"}],"curies":[{"name":"wp","href":"https:\/\/api.w.org\/{rel}","templated":true}]}}