{"id":324,"date":"2016-12-05T20:34:43","date_gmt":"2016-12-05T19:34:43","guid":{"rendered":"http:\/\/www.moderneducation.eu\/?page_id=324"},"modified":"2017-07-05T18:52:13","modified_gmt":"2017-07-05T16:52:13","slug":"spotkanie-koordynatorow-civitavecchia-wlochy","status":"publish","type":"page","link":"https:\/\/www.moderneducation.eu\/?page_id=324","title":{"rendered":"Spotkanie koordynator\u00f3w, Civitavecchia &#8211; W\u0142ochy"},"content":{"rendered":"<div id=\"dslc-theme-content\"><div id=\"dslc-theme-content-inner\"><p>Na prze\u0142omie maja i czerwca 2016 odby\u0142o si\u0119 drugie spotkanie koordynator\u00f3w w Civitavecchia we W\u0142oszech. Poza ustaleniem najwa\u017cniejszych cel\u00f3w projektu na najbli\u017csze miesi\u0105ce oraz podsumowanie dotychczasowych, znalaz\u0142 si\u0119 r\u00f3wnie\u017c czas na poznanie urok\u00f3w Lacjum \ud83d\ude42 oraz integracj\u0119.<\/p>\n<figure class=\"wp-block-embed wp-block-embed-youtube is-type-video is-provider-youtube epyt-figure\"><div class=\"wp-block-embed__wrapper\"><iframe  id=\"_ytid_24347\"  width=\"847\" height=\"476\"  data-origwidth=\"847\" data-origheight=\"476\" src=\"https:\/\/www.youtube.com\/embed\/OMp6Onj-D0I?enablejsapi=1&autoplay=0&cc_load_policy=0&cc_lang_pref=&iv_load_policy=1&loop=0&modestbranding=0&rel=1&fs=1&playsinline=0&autohide=2&theme=dark&color=red&controls=1&\" class=\"__youtube_prefs__  no-lazyload\" title=\"YouTube player\"  allow=\"fullscreen; accelerometer; autoplay; clipboard-write; encrypted-media; gyroscope; picture-in-picture\" allowfullscreen data-no-lazy=\"1\" data-skipgform_ajax_framebjll=\"\"><\/iframe><\/div><\/figure>\n<\/div><\/div>","protected":false},"excerpt":{"rendered":"<p>Na prze\u0142omie maja i czerwca 2016 odby\u0142o si\u0119 drugie spotkanie koordynator\u00f3w w Civitavecchia we W\u0142oszech. Poza ustaleniem najwa\u017cniejszych cel\u00f3w projektu na najbli\u017csze miesi\u0105ce oraz podsumowanie dotychczasowych, znalaz\u0142 si\u0119 r\u00f3wnie\u017c czas na poznanie urok\u00f3w Lacjum \ud83d\ude42 oraz integracj\u0119.<\/p>\n","protected":false},"author":1,"featured_media":0,"parent":63,"menu_order":0,"comment_status":"closed","ping_status":"closed","template":"","meta":{"footnotes":""},"class_list":["post-324","page","type-page","status-publish","hentry"],"_links":{"self":[{"href":"https:\/\/www.moderneducation.eu\/index.php?rest_route=\/wp\/v2\/pages\/324","targetHints":{"allow":["GET"]}}],"collection":[{"href":"https:\/\/www.moderneducation.eu\/index.php?rest_route=\/wp\/v2\/pages"}],"about":[{"href":"https:\/\/www.moderneducation.eu\/index.php?rest_route=\/wp\/v2\/types\/page"}],"author":[{"embeddable":true,"href":"https:\/\/www.moderneducation.eu\/index.php?rest_route=\/wp\/v2\/users\/1"}],"replies":[{"embeddable":true,"href":"https:\/\/www.moderneducation.eu\/index.php?rest_route=%2Fwp%2Fv2%2Fcomments&post=324"}],"version-history":[{"count":2,"href":"https:\/\/www.moderneducation.eu\/index.php?rest_route=\/wp\/v2\/pages\/324\/revisions"}],"predecessor-version":[{"id":389,"href":"https:\/\/www.moderneducation.eu\/index.php?rest_route=\/wp\/v2\/pages\/324\/revisions\/389"}],"up":[{"embeddable":true,"href":"https:\/\/www.moderneducation.eu\/index.php?rest_route=\/wp\/v2\/pages\/63"}],"wp:attachment":[{"href":"https:\/\/www.moderneducation.eu\/index.php?rest_route=%2Fwp%2Fv2%2Fmedia&parent=324"}],"curies":[{"name":"wp","href":"https:\/\/api.w.org\/{rel}","templated":true}]}}