{"id":391,"date":"2017-07-05T18:54:48","date_gmt":"2017-07-05T16:54:48","guid":{"rendered":"http:\/\/www.moderneducation.eu\/?page_id=391"},"modified":"2017-07-19T15:55:21","modified_gmt":"2017-07-19T13:55:21","slug":"wymiana-uczniow-iasi-2017-rumunia","status":"publish","type":"page","link":"https:\/\/www.moderneducation.eu\/?page_id=391","title":{"rendered":"Wymiana uczni\u00f3w Iasi 2017, Rumunia"},"content":{"rendered":"<div id=\"dslc-theme-content\"><div id=\"dslc-theme-content-inner\"><p><strong>Czwarta wymiana uczniowska <\/strong>odby\u0142a si\u0119 wed\u0142ug planu. Bladym \u015bwitem 1 kwietnia 2017 roku, grupa 20 uczni\u00f3w pod opiek\u0105 p. Anny Arndt, p. Katarzyny Szpak, p. Moniki Polus i p. Anny Napiera\u0142y wyruszy\u0142a w podr\u00f3\u017c do miasta <strong>Iasi (Jassy) na p\u00f3<\/strong><strong>\u0142<\/strong><strong>nocy Rumunii<\/strong>. Podr\u00f3\u017c autokarem ma t\u0119 przewag\u0119, \u017ce mo\u017cna podziwia\u0107 niesamowite widoki, wi\u0119c czas podr\u00f3\u017cy &#8211; cho\u0107 d\u0142ugi &#8211; szybko min\u0105\u0142. W szkole naszych gospodarzy (Liceul Tehnologic Economic de Turism) powitano nas jak\u017ce dobrze nam znanym zwyczajem &#8211; chlebem i sol\u0105.<\/p>\n<p>Dni up\u0142ywa\u0142y szybko. Poznawali\u015bmy si\u0119 w trakcie lekcji, zabaw i wyk\u0142ad\u00f3w prowadzonych w szkole. Podczas gry miejskiej i spotka\u0144 towarzyskich zwiedzali\u015bmy miasto, a podczas wycieczek tak\u017ce okolic\u0119 \u2013 ogromne wra\u017cenie zrobi\u0142a na nas twierdza w okr\u0119gu Neamt. \u015awietnie si\u0119 bawili\u015bmy na warsztatach malowania jajek wielkanocnych technik\u0105 charakterystyczn\u0105 dla okr\u0119gu Bukovina. W trakcie wszystkich tych wydarze\u0144 robili\u015bmy zdj\u0119cia i filmy, by potem wykorzysta\u0107 je do stworzenia w aplikacji Glogster interaktywnych plakat\u00f3w, kt\u00f3re na ko\u0144cu naszego pobytu zosta\u0142y ocenione.<\/p>\n<p>Zwie\u0144czeniem wizyty by\u0142 tradycyjnie Festiwal Kultur. By\u0142o to wydarzenie, w kt\u00f3rym uczniowie ze wszystkich pa\u0144stw partnerskich mieli okazj\u0119 pokaza\u0107 swoje talenty i umiej\u0119tno\u015bci artystyczne. Zgodnie z regu\u0142\u0105 \u201ejedno\u015b\u0107 w r\u00f3\u017cnorodno\u015bci\u201d, uczniowie z Rumunii, W\u0142och, Turcji i Polski pokazali, jak dobrze potrafi\u0105 pracowa\u0107 w zespole, mimo r\u00f3\u017cnic kulturowych, religijnych i obyczajowych.<\/p>\n<p>Ta kilkudniowa wizyta (1-9 kwietnia 2017) by\u0142a kolejn\u0105, niestety ostatni\u0105 ju\u017c w tym projekcie okazj\u0105 do bli\u017cszego poznania pa\u0144stw partnerskich, ich j\u0119zyka i kultury, a tak\u017ce \u015bwietn\u0105 okazj\u0105 do \u0107wiczenia j\u0119zyka angielskiego, kt\u00f3ry by\u0142 oficjalnym j\u0119zykiem projektu.<\/p>\n<p>Bardzo intensywnie sp\u0119dzili\u015bmy czas podczas wymian uczniowskich w ramach projektu, rozwijaj\u0105c umiej\u0119tno\u015bci j\u0119zykowe i komunikacyjne, \u0107wiczyli\u015bmy wykorzystanie technologii mobilnych,\u00a0a tak\u017ce poznawali\u015bmy siebie nawzajem, uczyli\u015bmy si\u0119 otwarto\u015bci i zrozumienia. Po prostu &#8211; poznawali\u015bmy \u015bwiat.<\/p>\n<p>&nbsp;<\/p>\n<figure class=\"wp-block-embed wp-block-embed-youtube is-type-video is-provider-youtube epyt-figure\"><div class=\"wp-block-embed__wrapper\"><iframe  id=\"_ytid_64520\"  width=\"847\" height=\"476\"  data-origwidth=\"847\" data-origheight=\"476\" src=\"https:\/\/www.youtube.com\/embed\/yhGvTW8LCPM?enablejsapi=1&autoplay=0&cc_load_policy=0&cc_lang_pref=&iv_load_policy=1&loop=0&modestbranding=0&rel=1&fs=1&playsinline=0&autohide=2&theme=dark&color=red&controls=1&\" class=\"__youtube_prefs__  no-lazyload\" title=\"YouTube player\"  allow=\"fullscreen; accelerometer; autoplay; clipboard-write; encrypted-media; gyroscope; picture-in-picture\" allowfullscreen data-no-lazy=\"1\" data-skipgform_ajax_framebjll=\"\"><\/iframe><\/div><\/figure>\n<\/div><\/div>","protected":false},"excerpt":{"rendered":"<p>Czwarta wymiana uczniowska odby\u0142a si\u0119 wed\u0142ug planu. Bladym \u015bwitem 1 kwietnia 2017 roku, grupa 20 uczni\u00f3w pod opiek\u0105 p. Anny Arndt, p. Katarzyny Szpak, p. Moniki Polus i p. Anny Napiera\u0142y wyruszy\u0142a w podr\u00f3\u017c do miasta Iasi (Jassy) na p\u00f3\u0142nocy <a href=\"https:\/\/www.moderneducation.eu\/?page_id=391\" class=\"read-more\">Read More &#8230;<\/a><\/p>\n","protected":false},"author":1,"featured_media":0,"parent":0,"menu_order":0,"comment_status":"closed","ping_status":"closed","template":"","meta":{"footnotes":""},"class_list":["post-391","page","type-page","status-publish","hentry"],"_links":{"self":[{"href":"https:\/\/www.moderneducation.eu\/index.php?rest_route=\/wp\/v2\/pages\/391","targetHints":{"allow":["GET"]}}],"collection":[{"href":"https:\/\/www.moderneducation.eu\/index.php?rest_route=\/wp\/v2\/pages"}],"about":[{"href":"https:\/\/www.moderneducation.eu\/index.php?rest_route=\/wp\/v2\/types\/page"}],"author":[{"embeddable":true,"href":"https:\/\/www.moderneducation.eu\/index.php?rest_route=\/wp\/v2\/users\/1"}],"replies":[{"embeddable":true,"href":"https:\/\/www.moderneducation.eu\/index.php?rest_route=%2Fwp%2Fv2%2Fcomments&post=391"}],"version-history":[{"count":2,"href":"https:\/\/www.moderneducation.eu\/index.php?rest_route=\/wp\/v2\/pages\/391\/revisions"}],"predecessor-version":[{"id":463,"href":"https:\/\/www.moderneducation.eu\/index.php?rest_route=\/wp\/v2\/pages\/391\/revisions\/463"}],"wp:attachment":[{"href":"https:\/\/www.moderneducation.eu\/index.php?rest_route=%2Fwp%2Fv2%2Fmedia&parent=391"}],"curies":[{"name":"wp","href":"https:\/\/api.w.org\/{rel}","templated":true}]}}