{"id":55,"date":"2016-01-31T22:13:51","date_gmt":"2016-01-31T21:13:51","guid":{"rendered":"http:\/\/www.moderneducation.eu\/?page_id=55"},"modified":"2016-02-17T12:50:29","modified_gmt":"2016-02-17T11:50:29","slug":"szkolne-zespoly-projektowe","status":"publish","type":"page","link":"https:\/\/www.moderneducation.eu\/?page_id=55","title":{"rendered":"Szkolne zespo\u0142y projektowe"},"content":{"rendered":"<div id=\"dslc-theme-content\"><div id=\"dslc-theme-content-inner\"><p style=\"text-align: center;\"><strong><span style=\"font-family: Comic Sans MS,sans-serif; font-size: 18pt;\">XIV Liceum Og\u00f3lnokszta\u0142c\u0105ce im. Kazimierza Wielkiego\u00a0<\/span><\/strong><\/p>\n<p style=\"text-align: center;\"><strong><span style=\"font-family: Comic Sans MS,sans-serif; font-size: 18pt;\">POZNA\u0143, POLAND<\/span><\/strong><\/p>\n<p style=\"text-align: center;\"><img fetchpriority=\"high\" decoding=\"async\" class=\"aligncenter size-full wp-image-152\" src=\"http:\/\/www.moderneducation.eu\/wp-content\/uploads\/2016\/01\/pol.jpg\" alt=\"pol\" width=\"960\" height=\"639\" srcset=\"https:\/\/www.moderneducation.eu\/wp-content\/uploads\/2016\/01\/pol.jpg 960w, https:\/\/www.moderneducation.eu\/wp-content\/uploads\/2016\/01\/pol-300x200.jpg 300w, https:\/\/www.moderneducation.eu\/wp-content\/uploads\/2016\/01\/pol-768x511.jpg 768w, https:\/\/www.moderneducation.eu\/wp-content\/uploads\/2016\/01\/pol-100x67.jpg 100w, https:\/\/www.moderneducation.eu\/wp-content\/uploads\/2016\/01\/pol-150x100.jpg 150w, https:\/\/www.moderneducation.eu\/wp-content\/uploads\/2016\/01\/pol-200x133.jpg 200w, https:\/\/www.moderneducation.eu\/wp-content\/uploads\/2016\/01\/pol-450x300.jpg 450w, https:\/\/www.moderneducation.eu\/wp-content\/uploads\/2016\/01\/pol-600x399.jpg 600w, https:\/\/www.moderneducation.eu\/wp-content\/uploads\/2016\/01\/pol-900x599.jpg 900w\" sizes=\"(max-width: 960px) 100vw, 960px\" \/><\/p>\n<p style=\"text-align: justify;\"><span style=\"font-family: Comic Sans MS,sans-serif; color: #000000;\"><span style=\"font-size: 12pt;\">Dyrektor Szko\u0142y\/Specjalista do spraw TIK &#8211; mgr in\u017c. Leszek Bernaczyk , nauczyciel informatyki<\/span><\/span><br \/>\n<span style=\"font-family: Comic Sans MS,sans-serif; font-size: 12pt; color: #000000;\">Koordynator projektu &#8211; mgr Ma\u0142gorzata Bednarek , nauczyciel j\u0119zyka angielskiego<\/span><br \/>\n<span style=\"font-family: Comic Sans MS,sans-serif; font-size: 12pt; color: #000000;\">Koordynator szkolny &#8211; mgr Anna Arndt, nauczyciel geografii, podstaw przedsi\u0119biorczo\u015bci<\/span><br \/>\n<span style=\"font-family: Comic Sans MS,sans-serif; font-size: 12pt; color: #000000;\">Specjalista do spraw j\u0119zykowych &#8211; mgr Anna Napiera\u0142a , nauczyciel j\u0119zyka angielskiego<\/span><br \/>\n<span style=\"font-family: Comic Sans MS,sans-serif; font-size: 12pt; color: #000000;\">Specjalista do spraw promocji i informacji &#8211; mgr Katarzyna Szpak , nauczyciel historii, wiedzy o spo\u0142ecze\u0144stwie<\/span><br \/>\n<span style=\"font-family: Comic Sans MS,sans-serif; font-size: 12pt; color: #000000;\">Osoba odpowiedzialna za upowszechnianie i obs\u0142ug\u0119 techniczn\u0105 &#8211; Zbigniew Zubkowski, kierownik administracji<\/span><br \/>\n<span style=\"font-family: Comic Sans MS,sans-serif; font-size: 12pt; color: #000000;\">Osoba odpowiedzialna za finanse &#8211; Alicja Figlak &#8211; Baranowska.<\/span><\/p>\n<hr \/>\n<p style=\"text-align: center;\"><span style=\"font-family: Comic Sans MS,sans-serif; font-size: 18pt;\"><strong>Liceul Tehnologic Economic de Turism\u00a0<\/strong><\/span><\/p>\n<p style=\"text-align: center;\"><span style=\"font-family: Comic Sans MS,sans-serif; font-size: 18pt;\"><strong> IASI, ROMANIA<\/strong><\/span><\/p>\n<p><img decoding=\"async\" class=\"alignnone size-full wp-image-153\" src=\"http:\/\/www.moderneducation.eu\/wp-content\/uploads\/2016\/01\/rum.jpg\" alt=\"rum\" width=\"960\" height=\"539\" srcset=\"https:\/\/www.moderneducation.eu\/wp-content\/uploads\/2016\/01\/rum.jpg 960w, https:\/\/www.moderneducation.eu\/wp-content\/uploads\/2016\/01\/rum-300x168.jpg 300w, https:\/\/www.moderneducation.eu\/wp-content\/uploads\/2016\/01\/rum-768x431.jpg 768w, https:\/\/www.moderneducation.eu\/wp-content\/uploads\/2016\/01\/rum-100x56.jpg 100w, https:\/\/www.moderneducation.eu\/wp-content\/uploads\/2016\/01\/rum-150x84.jpg 150w, https:\/\/www.moderneducation.eu\/wp-content\/uploads\/2016\/01\/rum-200x112.jpg 200w, https:\/\/www.moderneducation.eu\/wp-content\/uploads\/2016\/01\/rum-450x253.jpg 450w, https:\/\/www.moderneducation.eu\/wp-content\/uploads\/2016\/01\/rum-600x337.jpg 600w, https:\/\/www.moderneducation.eu\/wp-content\/uploads\/2016\/01\/rum-900x505.jpg 900w\" sizes=\"(max-width: 960px) 100vw, 960px\" \/><\/p>\n<p style=\"text-align: justify;\"><strong><span style=\"font-family: Comic Sans MS,sans-serif; color: #000000;\">Dyrektor Szko\u0142y &#8211; dr Iuliana \u0162ugui , nauczyciel<\/span><\/strong><br \/>\n<strong><span style=\"font-family: Comic Sans MS,sans-serif; color: #000000;\"> Koordynator Szkolny &#8211; Raluca Giosanu , nauczyciel<\/span><\/strong><br \/>\n<strong><span style=\"font-family: Comic Sans MS,sans-serif; color: #000000;\"> Specjalista do spraw TIK &#8211; Georgeta Ciobanu, nauczyciel<\/span><\/strong><br \/>\n<strong><span style=\"font-family: Comic Sans MS,sans-serif; color: #000000;\"> Specjalista do spraw j\u0119zykowych &#8211; Emanuela Racu , nauczyciel<\/span><\/strong><br \/>\n<strong><span style=\"font-family: Comic Sans MS,sans-serif; color: #000000;\"> Specjalista do spraw promocji i informacji &#8211; Carmen Laura B\u0103jenaru , nauczyciel<\/span><\/strong><br \/>\n<strong><span style=\"font-family: Comic Sans MS,sans-serif; color: #000000;\"> Osoba odpowiedzialna za upowszechnianie &#8211; Raluca Giosanu , nauczyciel<\/span><\/strong><br \/>\n<strong><span style=\"font-family: Comic Sans MS,sans-serif; color: #000000;\"> Osoba odpowiedzialna za finanse &#8211; Catalina Sl\u0103tineanu, g\u0142\u00f3wna ksi\u0119gowa.<\/span><\/strong><\/p>\n<hr \/>\n<p style=\"text-align: center;\"><span style=\"font-family: Comic Sans MS,sans-serif; font-size: 18pt;\"><strong>Bolvadin Anadolu Lisesi <\/strong><\/span><\/p>\n<p style=\"text-align: center;\"><span style=\"font-family: Comic Sans MS,sans-serif; font-size: 18pt;\"><strong>BOLVADIN, TURKEY<\/strong><br \/>\n<\/span><\/p>\n<p><img decoding=\"async\" class=\"alignnone size-full wp-image-154\" src=\"http:\/\/www.moderneducation.eu\/wp-content\/uploads\/2016\/01\/tur.jpg\" alt=\"tur\" width=\"960\" height=\"720\" srcset=\"https:\/\/www.moderneducation.eu\/wp-content\/uploads\/2016\/01\/tur.jpg 960w, https:\/\/www.moderneducation.eu\/wp-content\/uploads\/2016\/01\/tur-300x225.jpg 300w, https:\/\/www.moderneducation.eu\/wp-content\/uploads\/2016\/01\/tur-768x576.jpg 768w, https:\/\/www.moderneducation.eu\/wp-content\/uploads\/2016\/01\/tur-100x75.jpg 100w, https:\/\/www.moderneducation.eu\/wp-content\/uploads\/2016\/01\/tur-150x113.jpg 150w, https:\/\/www.moderneducation.eu\/wp-content\/uploads\/2016\/01\/tur-200x150.jpg 200w, https:\/\/www.moderneducation.eu\/wp-content\/uploads\/2016\/01\/tur-450x338.jpg 450w, https:\/\/www.moderneducation.eu\/wp-content\/uploads\/2016\/01\/tur-600x450.jpg 600w, https:\/\/www.moderneducation.eu\/wp-content\/uploads\/2016\/01\/tur-900x675.jpg 900w\" sizes=\"(max-width: 960px) 100vw, 960px\" \/><\/p>\n<p><strong><span style=\"font-family: Comic Sans MS,sans-serif; color: #000000;\">G\u00fclcan Y\u0131lmaz &#8211; The English Teacher the project coordinator \/ contact person \/responsible for etwinning and activities <\/span><\/strong><br \/>\n<strong><span style=\"font-family: Comic Sans MS,sans-serif; color: #000000;\">Fatih S\u00f6nmez &#8211; The Headteacher Monitors the quality and application of the Project <\/span><\/strong><br \/>\n<strong><span style=\"font-family: Comic Sans MS,sans-serif; color: #000000;\">Maver \u00c7oban &#8211; The German Teacher Responsible for Glogster and photos\/videos of the project<\/span><\/strong><br \/>\n<strong><span style=\"font-family: Comic Sans MS,sans-serif; color: #000000;\">\u00d6nder Onur Ulu\u00e7 &#8211; The Assistant Headteacher Responsible for the budget and organizing <\/span><\/strong><br \/>\n<strong><span style=\"font-family: Comic Sans MS,sans-serif; color: #000000;\">Selamet Ulu\u00e7 -The Turkish Teacher Responsible for organizing <\/span><\/strong><br \/>\n<strong><span style=\"font-family: Comic Sans MS,sans-serif; color: #000000;\">Hasan Ko\u00e7 &#8211; The Geography Teacher Responsible for activities<\/span><\/strong><br \/>\n<strong><span style=\"font-family: Comic Sans MS,sans-serif; color: #000000;\">\u015eerife Y\u0131ld\u0131r\u0131m &#8211; The Religion Teacher Responsible for activities<\/span><\/strong><\/p>\n<hr \/>\n<p>&nbsp;<\/p>\n<p style=\"text-align: center;\"><strong><span style=\"font-family: Comic Sans MS,sans-serif; font-size: 18pt;\">IIS &#8222;VIALE ADIGE&#8221; <\/span><\/strong><\/p>\n<p style=\"text-align: center;\"><strong><span style=\"font-family: Comic Sans MS,sans-serif; font-size: 18pt;\">CIVITAVECCHIA, ITALY<\/span><\/strong><\/p>\n<p><img loading=\"lazy\" decoding=\"async\" class=\"alignnone size-full wp-image-151\" src=\"http:\/\/www.moderneducation.eu\/wp-content\/uploads\/2016\/01\/it.jpg\" alt=\"it\" width=\"960\" height=\"499\" srcset=\"https:\/\/www.moderneducation.eu\/wp-content\/uploads\/2016\/01\/it.jpg 960w, https:\/\/www.moderneducation.eu\/wp-content\/uploads\/2016\/01\/it-300x156.jpg 300w, https:\/\/www.moderneducation.eu\/wp-content\/uploads\/2016\/01\/it-768x399.jpg 768w, https:\/\/www.moderneducation.eu\/wp-content\/uploads\/2016\/01\/it-100x52.jpg 100w, https:\/\/www.moderneducation.eu\/wp-content\/uploads\/2016\/01\/it-150x78.jpg 150w, https:\/\/www.moderneducation.eu\/wp-content\/uploads\/2016\/01\/it-200x104.jpg 200w, https:\/\/www.moderneducation.eu\/wp-content\/uploads\/2016\/01\/it-450x234.jpg 450w, https:\/\/www.moderneducation.eu\/wp-content\/uploads\/2016\/01\/it-600x312.jpg 600w, https:\/\/www.moderneducation.eu\/wp-content\/uploads\/2016\/01\/it-900x468.jpg 900w\" sizes=\"(max-width: 960px) 100vw, 960px\" \/><\/p>\n<\/div><\/div>","protected":false},"excerpt":{"rendered":"<p>XIV Liceum Og\u00f3lnokszta\u0142c\u0105ce im. Kazimierza Wielkiego\u00a0 POZNA\u0143, POLAND Dyrektor Szko\u0142y\/Specjalista do spraw TIK &#8211; mgr in\u017c. Leszek Bernaczyk , nauczyciel informatyki Koordynator projektu &#8211; mgr Ma\u0142gorzata Bednarek , nauczyciel j\u0119zyka angielskiego Koordynator szkolny &#8211; mgr Anna Arndt, nauczyciel geografii, podstaw <a href=\"https:\/\/www.moderneducation.eu\/?page_id=55\" class=\"read-more\">Read More &#8230;<\/a><\/p>\n","protected":false},"author":1,"featured_media":0,"parent":0,"menu_order":0,"comment_status":"closed","ping_status":"closed","template":"","meta":{"footnotes":""},"class_list":["post-55","page","type-page","status-publish","hentry"],"_links":{"self":[{"href":"https:\/\/www.moderneducation.eu\/index.php?rest_route=\/wp\/v2\/pages\/55","targetHints":{"allow":["GET"]}}],"collection":[{"href":"https:\/\/www.moderneducation.eu\/index.php?rest_route=\/wp\/v2\/pages"}],"about":[{"href":"https:\/\/www.moderneducation.eu\/index.php?rest_route=\/wp\/v2\/types\/page"}],"author":[{"embeddable":true,"href":"https:\/\/www.moderneducation.eu\/index.php?rest_route=\/wp\/v2\/users\/1"}],"replies":[{"embeddable":true,"href":"https:\/\/www.moderneducation.eu\/index.php?rest_route=%2Fwp%2Fv2%2Fcomments&post=55"}],"version-history":[{"count":5,"href":"https:\/\/www.moderneducation.eu\/index.php?rest_route=\/wp\/v2\/pages\/55\/revisions"}],"predecessor-version":[{"id":235,"href":"https:\/\/www.moderneducation.eu\/index.php?rest_route=\/wp\/v2\/pages\/55\/revisions\/235"}],"wp:attachment":[{"href":"https:\/\/www.moderneducation.eu\/index.php?rest_route=%2Fwp%2Fv2%2Fmedia&parent=55"}],"curies":[{"name":"wp","href":"https:\/\/api.w.org\/{rel}","templated":true}]}}