{"id":63,"date":"2016-01-31T22:23:55","date_gmt":"2016-01-31T21:23:55","guid":{"rendered":"http:\/\/www.moderneducation.eu\/?page_id=63"},"modified":"2017-07-19T15:56:30","modified_gmt":"2017-07-19T13:56:30","slug":"galeria-2","status":"publish","type":"page","link":"https:\/\/www.moderneducation.eu\/?page_id=63","title":{"rendered":"Galeria"},"content":{"rendered":"<div id=\"dslc-theme-content\"><div id=\"dslc-theme-content-inner\"><h1>Spotkania koordynator\u00f3w<\/h1>\n<p>Dla sprawnej realizacji projektu zaplanowali\u015bmy 4 trzydniowe Mi\u0119dzynarodowe Spotkania Projektowe, po jednym u ka\u017cdego z partner\u00f3w. Dotychczas odby\u0142y si\u0119 trzy spotkania. Przedstawiciele kadry wszystkich szk\u00f3\u0142 partnerskich spotkali si\u0119 w Jassy, w Rumunii, w dniach 28.10.2015 &#8211; 30.10.2015, w Civitavecchia, we W\u0142oszech, w dniach 30.05. 2016 &#8211; 01.06.2016 oraz w dniach 13.03.2017 &#8211; 15.03. 2017.<\/p>\n<p>Pierwsze spotkanie po\u015bwi\u0119cone by\u0142o m. in. opracowaniu szczeg\u00f3\u0142owego harmonogramu dzia\u0142a\u0144 projektowych, szczeg\u00f3\u0142owego planu najbli\u017cszych spotka\u0144 (mobilno\u015bci), uzgodnieniu ewentualnych modyfikacji, a tak\u017ce analizie potencjalnych zagro\u017ce\u0144 i wskazaniu sposob\u00f3w zapobiegania im.<\/p>\n<p>Drugie odby\u0142o si\u0119 m.in. celem dokonania analizy osi\u0105gni\u0119tych dotychczas rezultat\u00f3w, zapoznania si\u0119 z ewaluacj\u0105 dotychczasowych dzia\u0142a\u0144 oraz przedstawienia informacji o dzia\u0142aniach realizowanych w ramach projektu w ka\u017cdej z plac\u00f3wek pomi\u0119dzy terminami mobilno\u015bci. Om\u00f3wiono tak\u017ce szczeg\u00f3\u0142owy harmonogram dzia\u0142a\u0144 na kolejne miesi\u0105ce a tak\u017ce stworzono szczeg\u00f3\u0142owy raport z dzia\u0142a\u0144 oraz raport finansowy po pierwszym roku projektu.\u00a0\u00a0 Trzecie spotkanie, z racji trudnej sytuacji w Turcji, odby\u0142o si\u0119 po raz kolejny we W\u0142oszech. Wraz z przedstawicielami wszystkich kraj\u00f3w partnerskich omawiali\u015bmy sprawy organizacyjne, takie jak: raportowanie, upowszechnianie projektu, kwestie finansowe, dzia\u0142anie ewaluacyjne, sprawy organizacyjne dotycz\u0105ce nadchodz\u0105cych mobilno\u015bci, rezultaty pracy intelektualnej a tak\u017ce aktywno\u015b\u0107 uczni\u00f3w bior\u0105cych udzia\u0142 w projekcie.<\/p>\n<p>Kolejne i zarazem ostatnie spotkanie odb\u0119dzie w Polsce w dniach 5.06 &#8211; 7.06. 2017 i b\u0119dzie s\u0142u\u017cy\u0142o podsumowaniu dotychczasowych dzia\u0142a\u0144 oraz ustaleniu zasad dalszej wsp\u00f3\u0142pracy, s\u0142u\u017c\u0105cej upowszechnianiu projektu.<\/p>\n<\/div><\/div>","protected":false},"excerpt":{"rendered":"<p>Spotkania koordynator\u00f3w Dla sprawnej realizacji projektu zaplanowali\u015bmy 4 trzydniowe Mi\u0119dzynarodowe Spotkania Projektowe, po jednym u ka\u017cdego z partner\u00f3w. Dotychczas odby\u0142y si\u0119 trzy spotkania. Przedstawiciele kadry wszystkich szk\u00f3\u0142 partnerskich spotkali si\u0119 w Jassy, w Rumunii, w dniach 28.10.2015 &#8211; 30.10.2015, w <a href=\"https:\/\/www.moderneducation.eu\/?page_id=63\" class=\"read-more\">Read More &#8230;<\/a><\/p>\n","protected":false},"author":1,"featured_media":0,"parent":0,"menu_order":0,"comment_status":"closed","ping_status":"closed","template":"","meta":{"footnotes":""},"class_list":["post-63","page","type-page","status-publish","hentry"],"_links":{"self":[{"href":"https:\/\/www.moderneducation.eu\/index.php?rest_route=\/wp\/v2\/pages\/63","targetHints":{"allow":["GET"]}}],"collection":[{"href":"https:\/\/www.moderneducation.eu\/index.php?rest_route=\/wp\/v2\/pages"}],"about":[{"href":"https:\/\/www.moderneducation.eu\/index.php?rest_route=\/wp\/v2\/types\/page"}],"author":[{"embeddable":true,"href":"https:\/\/www.moderneducation.eu\/index.php?rest_route=\/wp\/v2\/users\/1"}],"replies":[{"embeddable":true,"href":"https:\/\/www.moderneducation.eu\/index.php?rest_route=%2Fwp%2Fv2%2Fcomments&post=63"}],"version-history":[{"count":2,"href":"https:\/\/www.moderneducation.eu\/index.php?rest_route=\/wp\/v2\/pages\/63\/revisions"}],"predecessor-version":[{"id":464,"href":"https:\/\/www.moderneducation.eu\/index.php?rest_route=\/wp\/v2\/pages\/63\/revisions\/464"}],"wp:attachment":[{"href":"https:\/\/www.moderneducation.eu\/index.php?rest_route=%2Fwp%2Fv2%2Fmedia&parent=63"}],"curies":[{"name":"wp","href":"https:\/\/api.w.org\/{rel}","templated":true}]}}