{"id":900,"date":"2019-10-20T13:12:09","date_gmt":"2019-10-20T11:12:09","guid":{"rendered":"http:\/\/www.moderneducation.eu\/?page_id=900"},"modified":"2019-10-20T13:12:09","modified_gmt":"2019-10-20T11:12:09","slug":"prezentacja-polski-i-xiv-liceum-ogolnoksztalcacego-w-poznaniu","status":"publish","type":"page","link":"https:\/\/www.moderneducation.eu\/?page_id=900","title":{"rendered":"Prezentacja Polski i XIV Liceum Og\u00f3lnokszta\u0142c\u0105cego w Poznaniu"},"content":{"rendered":"<div id=\"dslc-theme-content\"><div id=\"dslc-theme-content-inner\"><p><a href=\"https:\/\/docs.google.com\/presentation\/d\/1VUxv4oFSCMSudcZy3aM4stkDA6f_l41qeXyyAVA-IiA\/edit?usp=sharing\"><img fetchpriority=\"high\" decoding=\"async\" class=\" wp-image-865 alignleft\" src=\"http:\/\/www.moderneducation.eu\/wp-content\/uploads\/2019\/10\/IMG_5074-300x169.jpg\" alt=\"\" width=\"478\" height=\"269\" srcset=\"https:\/\/www.moderneducation.eu\/wp-content\/uploads\/2019\/10\/IMG_5074-300x169.jpg 300w, https:\/\/www.moderneducation.eu\/wp-content\/uploads\/2019\/10\/IMG_5074-768x432.jpg 768w, https:\/\/www.moderneducation.eu\/wp-content\/uploads\/2019\/10\/IMG_5074-100x56.jpg 100w, https:\/\/www.moderneducation.eu\/wp-content\/uploads\/2019\/10\/IMG_5074-150x84.jpg 150w, https:\/\/www.moderneducation.eu\/wp-content\/uploads\/2019\/10\/IMG_5074-200x113.jpg 200w, https:\/\/www.moderneducation.eu\/wp-content\/uploads\/2019\/10\/IMG_5074-450x253.jpg 450w, https:\/\/www.moderneducation.eu\/wp-content\/uploads\/2019\/10\/IMG_5074-600x338.jpg 600w, https:\/\/www.moderneducation.eu\/wp-content\/uploads\/2019\/10\/IMG_5074-900x506.jpg 900w, https:\/\/www.moderneducation.eu\/wp-content\/uploads\/2019\/10\/IMG_5074.jpg 960w\" sizes=\"(max-width: 478px) 100vw, 478px\" \/><\/a><\/p>\n<p>&nbsp;<\/p>\n<\/div><\/div>","protected":false},"excerpt":{"rendered":"<p>&nbsp;<\/p>\n","protected":false},"author":1,"featured_media":0,"parent":0,"menu_order":0,"comment_status":"closed","ping_status":"closed","template":"","meta":{"footnotes":""},"class_list":["post-900","page","type-page","status-publish","hentry"],"_links":{"self":[{"href":"https:\/\/www.moderneducation.eu\/index.php?rest_route=\/wp\/v2\/pages\/900","targetHints":{"allow":["GET"]}}],"collection":[{"href":"https:\/\/www.moderneducation.eu\/index.php?rest_route=\/wp\/v2\/pages"}],"about":[{"href":"https:\/\/www.moderneducation.eu\/index.php?rest_route=\/wp\/v2\/types\/page"}],"author":[{"embeddable":true,"href":"https:\/\/www.moderneducation.eu\/index.php?rest_route=\/wp\/v2\/users\/1"}],"replies":[{"embeddable":true,"href":"https:\/\/www.moderneducation.eu\/index.php?rest_route=%2Fwp%2Fv2%2Fcomments&post=900"}],"version-history":[{"count":1,"href":"https:\/\/www.moderneducation.eu\/index.php?rest_route=\/wp\/v2\/pages\/900\/revisions"}],"predecessor-version":[{"id":901,"href":"https:\/\/www.moderneducation.eu\/index.php?rest_route=\/wp\/v2\/pages\/900\/revisions\/901"}],"wp:attachment":[{"href":"https:\/\/www.moderneducation.eu\/index.php?rest_route=%2Fwp%2Fv2%2Fmedia&parent=900"}],"curies":[{"name":"wp","href":"https:\/\/api.w.org\/{rel}","templated":true}]}}