{"id":955,"date":"2020-08-22T15:51:57","date_gmt":"2020-08-22T13:51:57","guid":{"rendered":"http:\/\/www.moderneducation.eu\/?page_id=955"},"modified":"2022-07-06T13:40:55","modified_gmt":"2022-07-06T11:40:55","slug":"o-projekcie-our-earth-our-home","status":"publish","type":"page","link":"https:\/\/www.moderneducation.eu\/?page_id=955","title":{"rendered":"O projekcie &#8222;Our Earth, Our Home&#8221; 2020 &#8211; 2023"},"content":{"rendered":"<div id=\"dslc-theme-content\"><div id=\"dslc-theme-content-inner\"><p><span style=\"font-weight: 400;\"><a href=\"https:\/\/goo.gl\/maps\/9CBqEdwTddY9SdJUA\"><img fetchpriority=\"high\" decoding=\"async\" class=\"aligncenter size-medium wp-image-969\" src=\"http:\/\/www.moderneducation.eu\/wp-content\/uploads\/2020\/08\/Zrzut-ekranu-2020-08-22-o-10.53.58-300x201.png\" alt=\"\" width=\"300\" height=\"201\" srcset=\"https:\/\/www.moderneducation.eu\/wp-content\/uploads\/2020\/08\/Zrzut-ekranu-2020-08-22-o-10.53.58-300x201.png 300w, https:\/\/www.moderneducation.eu\/wp-content\/uploads\/2020\/08\/Zrzut-ekranu-2020-08-22-o-10.53.58-768x514.png 768w, https:\/\/www.moderneducation.eu\/wp-content\/uploads\/2020\/08\/Zrzut-ekranu-2020-08-22-o-10.53.58-1024x686.png 1024w, https:\/\/www.moderneducation.eu\/wp-content\/uploads\/2020\/08\/Zrzut-ekranu-2020-08-22-o-10.53.58-100x67.png 100w, https:\/\/www.moderneducation.eu\/wp-content\/uploads\/2020\/08\/Zrzut-ekranu-2020-08-22-o-10.53.58-150x100.png 150w, https:\/\/www.moderneducation.eu\/wp-content\/uploads\/2020\/08\/Zrzut-ekranu-2020-08-22-o-10.53.58-200x134.png 200w, https:\/\/www.moderneducation.eu\/wp-content\/uploads\/2020\/08\/Zrzut-ekranu-2020-08-22-o-10.53.58-450x301.png 450w, https:\/\/www.moderneducation.eu\/wp-content\/uploads\/2020\/08\/Zrzut-ekranu-2020-08-22-o-10.53.58-600x402.png 600w, https:\/\/www.moderneducation.eu\/wp-content\/uploads\/2020\/08\/Zrzut-ekranu-2020-08-22-o-10.53.58-900x603.png 900w, https:\/\/www.moderneducation.eu\/wp-content\/uploads\/2020\/08\/Zrzut-ekranu-2020-08-22-o-10.53.58.png 1870w\" sizes=\"(max-width: 300px) 100vw, 300px\" \/><\/a>Projekt <strong>\u201cOur Earth, our home\u201d<\/strong> zak\u0142ada wsp\u00f3\u0142prac\u0119 sze\u015bciu szk\u00f3\u0142 ponadpodstawowych z Dublina w Irlandii, P\u00edsek\u2019a w Czechach, Partinico we W\u0142oszech, Poznania z Polski, Dorohoi z Rumunii oraz z Denizli z Turcji.&nbsp;<\/span><\/p>\n<p><span style=\"font-weight: 400;\">Celem naszego projektu jest wykorzystanie i rozw\u00f3j potencja\u0142u uczni\u00f3w i nauczycieli szk\u00f3\u0142 partnerskich poprzez dzia\u0142ania zwi\u0105zane z szeroko rozumian\u0105 ochron\u0105 \u015brodowiska. Do innych priorytet\u00f3w projektu nale\u017c\u0105: wzmocnienie \u015bwiadomo\u015bci na temat warto\u015bci dziedzictwa kulturowego oraz w\u0142\u0105czenie spo\u0142eczne.&nbsp;<\/span><\/p>\n<p><span style=\"font-weight: 400;\">Zaplanowali\u015bmy 6 wymian uczniowskich, po jednej w ka\u017cdym z kraj\u00f3w partnerskich (4 uczni\u00f3w i 2 opiekun\u00f3w). Chcemy wzmocni\u0107 w uczestnikach projektu poczucie odpowiedzialno\u015bci za losy planety, poczucie przynale\u017cno\u015bci do miejsca zamieszkania nie tylko z punktu widzenia troski o dobro \u015brodowiska, ale tak\u017ce pod k\u0105tem dziedzictwa kulturowego. Chcemy promowa\u0107 poczucie jedno\u015bci i wsp\u00f3lnych cel\u00f3w, a tak\u017ce rozwija\u0107 umiej\u0119tno\u015bci spo\u0142eczne oraz j\u0119zykowe. B\u0119dziemy szczeg\u00f3lnie anga\u017cowa\u0107 osoby ze \u015brodowisk defaworyzowanych.&nbsp;<\/span><\/p>\n<p><span style=\"font-weight: 400;\">Wymiany:<\/span><\/p>\n<p><span style=\"font-weight: 400;\">Pa\u017adziernik 2020 &#8211; Polska <\/span><i><span style=\"font-weight: 400;\">Let\u2019s engage in climate change<\/span><\/i><\/p>\n<p><span style=\"font-weight: 400;\">Marzec 2021 &#8211; Czechy &#8211; <\/span><i><span style=\"font-weight: 400;\">Clean sources of energy<\/span><\/i><\/p>\n<p>Maj 2021 &#8211; Rumunia &#8211;&nbsp;<i>Let&#8217;s plant a tree and save a forest<\/i><\/p>\n<p><span style=\"font-weight: 400;\">Pa\u017adziernik 2021 &#8211; W\u0142ochy &#8211;&nbsp;<i>POLLUTION &#8211; causes and possible solutions<\/i><\/span><\/p>\n<p><span style=\"font-weight: 400;\">Marzec 2022 &#8211; Turcja &#8211;&nbsp;<i>Let&#8217;s boost the environmental awareness<\/i><\/span><\/p>\n<p><span style=\"font-weight: 400;\">Maj 2022 &#8211; Irlandia &#8211;&nbsp;<em>Human impact on the environment<\/em><\/span><\/p>\n<\/div><\/div>","protected":false},"excerpt":{"rendered":"<p>Projekt \u201cOur Earth, our home\u201d zak\u0142ada wsp\u00f3\u0142prac\u0119 sze\u015bciu szk\u00f3\u0142 ponadpodstawowych z Dublina w Irlandii, P\u00edsek\u2019a w Czechach, Partinico we W\u0142oszech, Poznania z Polski, Dorohoi z Rumunii oraz z Denizli z Turcji.&nbsp; Celem naszego projektu jest wykorzystanie i rozw\u00f3j potencja\u0142u uczni\u00f3w <a href=\"https:\/\/www.moderneducation.eu\/?page_id=955\" class=\"read-more\">Read More &#8230;<\/a><\/p>\n","protected":false},"author":1,"featured_media":0,"parent":0,"menu_order":0,"comment_status":"closed","ping_status":"closed","template":"","meta":{"footnotes":""},"class_list":["post-955","page","type-page","status-publish","hentry"],"_links":{"self":[{"href":"https:\/\/www.moderneducation.eu\/index.php?rest_route=\/wp\/v2\/pages\/955","targetHints":{"allow":["GET"]}}],"collection":[{"href":"https:\/\/www.moderneducation.eu\/index.php?rest_route=\/wp\/v2\/pages"}],"about":[{"href":"https:\/\/www.moderneducation.eu\/index.php?rest_route=\/wp\/v2\/types\/page"}],"author":[{"embeddable":true,"href":"https:\/\/www.moderneducation.eu\/index.php?rest_route=\/wp\/v2\/users\/1"}],"replies":[{"embeddable":true,"href":"https:\/\/www.moderneducation.eu\/index.php?rest_route=%2Fwp%2Fv2%2Fcomments&post=955"}],"version-history":[{"count":7,"href":"https:\/\/www.moderneducation.eu\/index.php?rest_route=\/wp\/v2\/pages\/955\/revisions"}],"predecessor-version":[{"id":1999,"href":"https:\/\/www.moderneducation.eu\/index.php?rest_route=\/wp\/v2\/pages\/955\/revisions\/1999"}],"wp:attachment":[{"href":"https:\/\/www.moderneducation.eu\/index.php?rest_route=%2Fwp%2Fv2%2Fmedia&parent=955"}],"curies":[{"name":"wp","href":"https:\/\/api.w.org\/{rel}","templated":true}]}}